{"id":15187,"date":"2014-08-27T16:12:47","date_gmt":"2014-08-27T14:12:47","guid":{"rendered":"https:\/\/test.cosmacon.de\/our-products\/handpflegeprodukte\/"},"modified":"2024-06-05T11:37:59","modified_gmt":"2024-06-05T10:37:59","slug":"hand-care","status":"publish","type":"page","link":"https:\/\/www.cosmacon.de\/en\/our-products\/hand-care\/","title":{"rendered":"Hand care"},"content":{"rendered":"\r\n<h1>Hand\u00adpflege\u00adprodukte<\/h1>\r\n<p>Handpflegeprodukte sind wichtig, denn unsere H\u00e4nde sind immer in Aktion: im Beruf, im Haushalt oder bei der Gartenarbeit. Dabei sind sie\u00a0 Umwelteinfl\u00fcssen wie trockener Luft, Wasser, Schmutz, K\u00e4lte und Sonnenlicht ausgesetzt und werden mehrmals pro Tag gewaschen.<\/p>\r\n<p><img loading=\"lazy\" decoding=\"async\" title=\"Handpflege\" src=\"https:\/\/www.cosmacon.de\/wp-content\/uploads\/2014\/08\/Handpflege.jpg\" alt=\"H\u00e4nde Handpflegeprodukte\" width=\"849\" height=\"565\" \/><\/p>\r\n<p>Beim H\u00e4ndewaschen t\u00f6ten wir nicht nur Keime ab, sondern entziehen den H\u00e4nden auch sch\u00fctzende Fette und Feuchtigkeit. Das st\u00f6rt die nat\u00fcrliche Hautflora und macht die Haut angreifbar.<\/p>\r\n<p>Zus\u00e4tzlich ist die Haut an den H\u00e4nden besonders empfindlich. Am Handr\u00fccken ist die Haut genauso d\u00fcnn wie die Gesichtshaut. Sie besitzt nur wenige Talgdr\u00fcsen, kaum Fettgewebe und altert rasch. Die Handinnenfl\u00e4chen besitzen gar keine Talgdr\u00fcsen und k\u00f6nnen sich somit nicht selbst mit Fett versorgen. Hochwertige Handpflegeprodukte helfen, Hautsch\u00e4den zu verhindern.<\/p>\r\n<h2>Ein Handpflegeritual verlangsamt die Hautalterung<\/h2>\r\n<p>Der Alterungsprozess der Haut an den H\u00e4nden l\u00e4sst sich nur verz\u00f6gern, wenn die H\u00e4nde t\u00e4glich gepflegt werden. Reinigungspr\u00e4parate mit einem sauren pH-Wert helfen, den S\u00e4ureschutzmantel zu erhalten. Handcremes versorgen die Haut mit Fett und Feuchtigkeit. Mittlerweile gibt es ein ganzes Produktspektrum zur Handpflege, von Handpeelings, Intensivcremes, Cremes gegen <a href=\"https:\/\/www.cosmacon.de\/altersflecken\/\">Altersflecken<\/a>, Kuren, r\u00fcckfettenden Waschlotionen, Handnachtcremes oder auch Schutzcremes.<\/p>\r\n<p>Zu einer guten Handpflege geh\u00f6rt auch das Eincremen der Fingern\u00e4gel. Wer Probleme mit eingerissenen Nagelh\u00e4uten hat, sollte spezielle Nagelpflegecreme oder regelm\u00e4\u00dfig einen Nagelhautpflegestift nutzen. Hier sind Panthenol und Biotin die besten Wirkstoffe.<\/p>\r\n<h2>Handpflegeprodukte &#8211; welche sind wichtig?<\/h2>\r\n<p>Es h\u00e4ngt von den individuellen Bed\u00fcrfnissen der H\u00e4nde ab, welche Handpflegeprodukte notwendig sind. Im Allgemeinen sollte man aber mindestens eine Feuchtigkeitscreme verwenden, um Trockenheit und Rissbildung zu vermeiden.<\/p>\r\n<p>Bei besonderen Bed\u00fcrfnissen wie z.B. rauen H\u00e4nden, Altersflecken oder pigmentierten Flecken, k\u00f6nnen spezielle Handpflegeprodukte wie Peeling, Serum oder Masken hilfreich sein. Es ist wichtig, regelm\u00e4\u00dfig zu pflegen und besonders nach dem H\u00e4ndewaschen oder Kontakt mit Wasser.<\/p>\r\n<p>Wir entwickeln Handpflegeprodukte, die die individuellen Bed\u00fcrfnissen der Verbraucher gerecht werden.<\/p>\r\n<p><a title=\"Anfrage\" href=\"https:\/\/www.cosmacon.de\/en\/contact\/enquiry\/\" target=\"_blank\" rel=\"noopener\">Wenn Sie ein Handpflegeprodukt entwickeln lassen oder Ihre Produkte optimieren m\u00f6chten, sprechen Sie uns an!<\/a><\/p>\r\n<p><strong>Lesen Sie hier mehr zum Thema Handpflege:<\/strong><\/p>\r\n<ul>\r\n<li><a href=\"https:\/\/www.cosmacon.de\/rezpro-hand-nagelpflege\/\">Produktideen f\u00fcr Hand- und Nagelpflege<\/a><\/li>\r\n<li><a href=\"https:\/\/www.cosmacon.de\/vitamine-allgemein\/\">Vitamine<\/a><\/li>\r\n<li><a href=\"https:\/\/www.cosmacon.de\/visuelle-effekte\/\">Visuelle Effekte<\/a><\/li>\r\n<li><a href=\"https:\/\/www.cosmacon.de\/dienstleistungen\/institute-haarstylisten\/ceramide\/\">Ceramide<\/a><\/li>\r\n<\/ul>\r\n<h2>Literatur<\/h2>\r\n<p><a href=\"https:\/\/pubmed.ncbi.nlm.nih.gov\/31087383\/\" data-ga-category=\"result_click\" data-ga-action=\"13\" data-ga-label=\"31087383\" data-full-article-url=\"from_term=%28hand+care%29+AND+%28active+ingredients%29&amp;from_filter=simsearch2.ffrft&amp;from_filter=datesearch.y_5&amp;from_page=2&amp;from_pos=3\" data-article-id=\"31087383\">Anti-inflammatory \/ anti-oxidant activity of ingredients of sunscreen products? Implications for SPF.<\/a><\/p>\r\n<p>Kolbe L, Pissavini M, Tricaud C, Trull\u00e1s Cabanas C, Dietrich E, Matts PJ.Int J Cosmet Sci. 2019 Jun;41(3):320-324.<\/p>\r\n<p>&nbsp;<\/p>\r\n","protected":false},"excerpt":{"rendered":"<p>Hand\u00adpflege\u00adprodukte Handpflegeprodukte sind wichtig, denn unsere H\u00e4nde sind immer in Aktion: im Beruf, im Haushalt oder bei der Gartenarbeit. Dabei sind sie\u00a0 Umwelteinfl\u00fcssen wie trockener Luft, Wasser, Schmutz, K\u00e4lte und Sonnenlicht ausgesetzt und werden mehrmals pro Tag gewaschen. Beim H\u00e4ndewaschen t\u00f6ten wir nicht nur Keime ab, sondern entziehen den H\u00e4nden auch sch\u00fctzende Fette und Feuchtigkeit.&hellip;<\/p>\n","protected":false},"author":2,"featured_media":0,"parent":15061,"menu_order":1,"comment_status":"closed","ping_status":"closed","template":"","meta":{"footnotes":""},"class_list":["post-15187","page","type-page","status-publish","hentry"],"yoast_head":"<!-- This site is optimized with the Yoast SEO plugin v27.1.1 - https:\/\/yoast.com\/product\/yoast-seo-wordpress\/ -->\n<title>Hand care products - Hand peeling - Skin flora - Cosmacon<\/title>\n<meta name=\"robots\" content=\"index, follow, max-snippet:-1, max-image-preview:large, max-video-preview:-1\" \/>\n<link rel=\"canonical\" href=\"https:\/\/www.cosmacon.de\/en\/our-products\/hand-care\/\" \/>\n<meta property=\"og:locale\" content=\"en_US\" \/>\n<meta property=\"og:type\" content=\"article\" \/>\n<meta property=\"og:title\" content=\"Hand care products - Hand peeling - Skin flora - Cosmacon\" \/>\n<meta property=\"og:description\" content=\"Hand\u00adpflege\u00adprodukte Handpflegeprodukte sind wichtig, denn unsere H\u00e4nde sind immer in Aktion: im Beruf, im Haushalt oder bei der Gartenarbeit. Dabei sind sie\u00a0 Umwelteinfl\u00fcssen wie trockener Luft, Wasser, Schmutz, K\u00e4lte und Sonnenlicht ausgesetzt und werden mehrmals pro Tag gewaschen. Beim H\u00e4ndewaschen t\u00f6ten wir nicht nur Keime ab, sondern entziehen den H\u00e4nden auch sch\u00fctzende Fette und Feuchtigkeit.&hellip;\" \/>\n<meta property=\"og:url\" content=\"https:\/\/www.cosmacon.de\/en\/our-products\/hand-care\/\" \/>\n<meta property=\"og:site_name\" content=\"Cosmacon\" \/>\n<meta property=\"article:modified_time\" content=\"2024-06-05T10:37:59+00:00\" \/>\n<meta property=\"og:image\" content=\"https:\/\/www.cosmacon.de\/wp-content\/uploads\/2014\/08\/Handpflege.jpg\" \/>\n<meta name=\"twitter:label1\" content=\"Est. reading time\" \/>\n\t<meta name=\"twitter:data1\" content=\"2 minutes\" \/>\n<script type=\"application\/ld+json\" class=\"yoast-schema-graph\">{\"@context\":\"https:\/\/schema.org\",\"@graph\":[{\"@type\":\"WebPage\",\"@id\":\"https:\/\/www.cosmacon.de\/en\/our-products\/hand-care\/\",\"url\":\"https:\/\/www.cosmacon.de\/en\/our-products\/hand-care\/\",\"name\":\"Hand care products - Hand peeling - Skin flora - Cosmacon\",\"isPartOf\":{\"@id\":\"https:\/\/www.cosmacon.de\/#website\"},\"primaryImageOfPage\":{\"@id\":\"https:\/\/www.cosmacon.de\/en\/our-products\/hand-care\/#primaryimage\"},\"image\":{\"@id\":\"https:\/\/www.cosmacon.de\/en\/our-products\/hand-care\/#primaryimage\"},\"thumbnailUrl\":\"https:\/\/www.cosmacon.de\/wp-content\/uploads\/2014\/08\/Handpflege.jpg\",\"datePublished\":\"2014-08-27T14:12:47+00:00\",\"dateModified\":\"2024-06-05T10:37:59+00:00\",\"breadcrumb\":{\"@id\":\"https:\/\/www.cosmacon.de\/en\/our-products\/hand-care\/#breadcrumb\"},\"inLanguage\":\"en-US\",\"potentialAction\":[{\"@type\":\"ReadAction\",\"target\":[\"https:\/\/www.cosmacon.de\/en\/our-products\/hand-care\/\"]}]},{\"@type\":\"ImageObject\",\"inLanguage\":\"en-US\",\"@id\":\"https:\/\/www.cosmacon.de\/en\/our-products\/hand-care\/#primaryimage\",\"url\":\"https:\/\/www.cosmacon.de\/wp-content\/uploads\/2014\/08\/Handpflege.jpg\",\"contentUrl\":\"https:\/\/www.cosmacon.de\/wp-content\/uploads\/2014\/08\/Handpflege.jpg\"},{\"@type\":\"BreadcrumbList\",\"@id\":\"https:\/\/www.cosmacon.de\/en\/our-products\/hand-care\/#breadcrumb\",\"itemListElement\":[{\"@type\":\"ListItem\",\"position\":1,\"name\":\"Our products\",\"item\":\"https:\/\/www.cosmacon.de\/en\/our-products\/\"},{\"@type\":\"ListItem\",\"position\":2,\"name\":\"Hand care\"}]},{\"@type\":\"WebSite\",\"@id\":\"https:\/\/www.cosmacon.de\/#website\",\"url\":\"https:\/\/www.cosmacon.de\/\",\"name\":\"Cosmacon\",\"description\":\"\",\"potentialAction\":[{\"@type\":\"SearchAction\",\"target\":{\"@type\":\"EntryPoint\",\"urlTemplate\":\"https:\/\/www.cosmacon.de\/?s={search_term_string}\"},\"query-input\":{\"@type\":\"PropertyValueSpecification\",\"valueRequired\":true,\"valueName\":\"search_term_string\"}}],\"inLanguage\":\"en-US\"}]}<\/script>\n<!-- \/ Yoast SEO plugin. -->","yoast_head_json":{"title":"Hand care products - Hand peeling - Skin flora - Cosmacon","robots":{"index":"index","follow":"follow","max-snippet":"max-snippet:-1","max-image-preview":"max-image-preview:large","max-video-preview":"max-video-preview:-1"},"canonical":"https:\/\/www.cosmacon.de\/en\/our-products\/hand-care\/","og_locale":"en_US","og_type":"article","og_title":"Hand care products - Hand peeling - Skin flora - Cosmacon","og_description":"Hand\u00adpflege\u00adprodukte Handpflegeprodukte sind wichtig, denn unsere H\u00e4nde sind immer in Aktion: im Beruf, im Haushalt oder bei der Gartenarbeit. Dabei sind sie\u00a0 Umwelteinfl\u00fcssen wie trockener Luft, Wasser, Schmutz, K\u00e4lte und Sonnenlicht ausgesetzt und werden mehrmals pro Tag gewaschen. Beim H\u00e4ndewaschen t\u00f6ten wir nicht nur Keime ab, sondern entziehen den H\u00e4nden auch sch\u00fctzende Fette und Feuchtigkeit.&hellip;","og_url":"https:\/\/www.cosmacon.de\/en\/our-products\/hand-care\/","og_site_name":"Cosmacon","article_modified_time":"2024-06-05T10:37:59+00:00","og_image":[{"url":"https:\/\/www.cosmacon.de\/wp-content\/uploads\/2014\/08\/Handpflege.jpg","type":"","width":"","height":""}],"twitter_misc":{"Est. reading time":"2 minutes"},"schema":{"@context":"https:\/\/schema.org","@graph":[{"@type":"WebPage","@id":"https:\/\/www.cosmacon.de\/en\/our-products\/hand-care\/","url":"https:\/\/www.cosmacon.de\/en\/our-products\/hand-care\/","name":"Hand care products - Hand peeling - Skin flora - Cosmacon","isPartOf":{"@id":"https:\/\/www.cosmacon.de\/#website"},"primaryImageOfPage":{"@id":"https:\/\/www.cosmacon.de\/en\/our-products\/hand-care\/#primaryimage"},"image":{"@id":"https:\/\/www.cosmacon.de\/en\/our-products\/hand-care\/#primaryimage"},"thumbnailUrl":"https:\/\/www.cosmacon.de\/wp-content\/uploads\/2014\/08\/Handpflege.jpg","datePublished":"2014-08-27T14:12:47+00:00","dateModified":"2024-06-05T10:37:59+00:00","breadcrumb":{"@id":"https:\/\/www.cosmacon.de\/en\/our-products\/hand-care\/#breadcrumb"},"inLanguage":"en-US","potentialAction":[{"@type":"ReadAction","target":["https:\/\/www.cosmacon.de\/en\/our-products\/hand-care\/"]}]},{"@type":"ImageObject","inLanguage":"en-US","@id":"https:\/\/www.cosmacon.de\/en\/our-products\/hand-care\/#primaryimage","url":"https:\/\/www.cosmacon.de\/wp-content\/uploads\/2014\/08\/Handpflege.jpg","contentUrl":"https:\/\/www.cosmacon.de\/wp-content\/uploads\/2014\/08\/Handpflege.jpg"},{"@type":"BreadcrumbList","@id":"https:\/\/www.cosmacon.de\/en\/our-products\/hand-care\/#breadcrumb","itemListElement":[{"@type":"ListItem","position":1,"name":"Our products","item":"https:\/\/www.cosmacon.de\/en\/our-products\/"},{"@type":"ListItem","position":2,"name":"Hand care"}]},{"@type":"WebSite","@id":"https:\/\/www.cosmacon.de\/#website","url":"https:\/\/www.cosmacon.de\/","name":"Cosmacon","description":"","potentialAction":[{"@type":"SearchAction","target":{"@type":"EntryPoint","urlTemplate":"https:\/\/www.cosmacon.de\/?s={search_term_string}"},"query-input":{"@type":"PropertyValueSpecification","valueRequired":true,"valueName":"search_term_string"}}],"inLanguage":"en-US"}]}},"_links":{"self":[{"href":"https:\/\/www.cosmacon.de\/en\/wp-json\/wp\/v2\/pages\/15187","targetHints":{"allow":["GET"]}}],"collection":[{"href":"https:\/\/www.cosmacon.de\/en\/wp-json\/wp\/v2\/pages"}],"about":[{"href":"https:\/\/www.cosmacon.de\/en\/wp-json\/wp\/v2\/types\/page"}],"author":[{"embeddable":true,"href":"https:\/\/www.cosmacon.de\/en\/wp-json\/wp\/v2\/users\/2"}],"replies":[{"embeddable":true,"href":"https:\/\/www.cosmacon.de\/en\/wp-json\/wp\/v2\/comments?post=15187"}],"version-history":[{"count":2,"href":"https:\/\/www.cosmacon.de\/en\/wp-json\/wp\/v2\/pages\/15187\/revisions"}],"predecessor-version":[{"id":15189,"href":"https:\/\/www.cosmacon.de\/en\/wp-json\/wp\/v2\/pages\/15187\/revisions\/15189"}],"up":[{"embeddable":true,"href":"https:\/\/www.cosmacon.de\/en\/wp-json\/wp\/v2\/pages\/15061"}],"wp:attachment":[{"href":"https:\/\/www.cosmacon.de\/en\/wp-json\/wp\/v2\/media?parent=15187"}],"curies":[{"name":"wp","href":"https:\/\/api.w.org\/{rel}","templated":true}]}}