{"id":15175,"date":"2014-09-21T13:20:03","date_gmt":"2014-09-21T11:20:03","guid":{"rendered":"https:\/\/test.cosmacon.de\/our-products\/teens\/"},"modified":"2024-06-05T11:29:05","modified_gmt":"2024-06-05T10:29:05","slug":"skin-care-for-teens","status":"publish","type":"page","link":"https:\/\/www.cosmacon.de\/en\/our-products\/skin-care-for-teens\/","title":{"rendered":"Skin care for teens"},"content":{"rendered":"\r\n<h1>Skin care for teens<\/h1>\r\n<p>Puberty is a time of change &#8211; this also applies to skincare for teens. The activation of sex hormones in the body dramatically changes the appearance of the skin. Young skin is somewhat unpredictable. It suddenly changes between an oily, sensitive or irritated skin condition.<\/p>\r\n<p><img loading=\"lazy\" decoding=\"async\" title=\"Erwachsenenakne\" src=\"https:\/\/www.cosmacon.de\/wp-content\/uploads\/2014\/09\/Teens.jpg\" alt=\"Acne tarda, Sp\u00e4takne\" width=\"849\" height=\"566\" \/><\/p>\r\n<p>Each new surge of sex hormones increases sebum production and sweat gland secretion in teenagers and, in combination with increased keratinization, is essentially responsible for oily, blemished skin. In severe cases, this even leads to acne.<\/p>\r\n<h2>Teens need clarifying care<\/h2>\r\n<p>At the heart of a teenage skincare range is a facial cleansing product that removes excess sebum and prevents calluses. The aim of skin care for teenagers is to rebalance the skin without irritating it. Care products that moisturize without being too greasy as well as peelings and pore-refining toners round off the range.<\/p>\r\n<h2>What is important for teens during this time?<\/h2>\r\n<p>When caring for teenage skin, it is important to consider the individual skin type and establish a suitable skincare regime. Here are some tips:<\/p>\r\n<ul>\r\n<li>Cleaning: Use a mild cleansing lotion or soap to remove excess oil and dirt.<\/li>\r\n<li>Moisturizing care: Use a moisturizing lotion to prevent dry skin.<\/li>\r\n<li>Sun protection: Apply a sunscreen with a high SPF value every day to protect against harmful UV rays.<\/li>\r\n<li>Removing pimples: Use a mild remedy to remove pimples, but avoid squeezing them as this can lead to scarring.<\/li>\r\n<li>Face masks: Use face masks occasionally to cleanse and moisturize the skin.<\/li>\r\n<\/ul>\r\n<p>It is also important that teenagers drink enough water and eat a balanced diet with plenty of fresh fruit and vegetables to keep their skin healthy.<\/p>\r\n<p>We develop care products that are specially tailored to the skin condition of teenagers.<\/p>\r\n<p><a title=\"Request\" href=\"https:\/\/www.cosmacon.de\/en\/contact\/enquiry\/\">If you would like to launch a skincare range for teenagers or optimize existing products for this target group, please contact us! <\/a><\/p>\r\n<h2>Literature<\/h2>\r\n<p><a href=\"https:\/\/pubmed.ncbi.nlm.nih.gov\/35967915\/\">An Overview of the Diagnosis and Management of Seborrheic Dermatitis.<\/a><\/p>\r\n<p>Dall&#8217;Oglio F, Nasca MR, Gerbino C, Micali G.Clin Cosmet Investig Dermatol. 2022 Aug 6;15:1537-1548<\/p>\r\n<p><a href=\"https:\/\/pubmed.ncbi.nlm.nih.gov\/35700762\/\">Personal care product use and lifestyle affect phthalate and DINCH metabolite levels in teenagers and young adults.<\/a><\/p>\r\n<p>Stuchl\u00edk Fi\u0161erov\u00e1 P, Melymuk L, Komprdov\u00e1 K, Dom\u00ednguez-Romero E, Scheringer M, Kohoutek J, P\u0159ibylov\u00e1 P, Andr\u00fdskov\u00e1 L, Piler P, Koch HM, Zvona\u0159 M, Esteban-L\u00f3pez M, Casta\u00f1o A, Kl\u00e1nov\u00e1 J.Environ Res. 2022 Oct;213:113675<\/p>\r\n<p><a href=\"https:\/\/pubmed.ncbi.nlm.nih.gov\/36345082\/\">Follow, filter, filler? Social media usage and cosmetic procedure intention, acceptance, and normalization among young adults.<\/a><\/p>\r\n<p>Hermans AM, Boerman SC, Veldhuis J.Body Image. 2022 Dec;43:440-449<\/p>\r\n<p>&nbsp;<\/p>\r\n<p>&nbsp;<\/p>\r\n","protected":false},"excerpt":{"rendered":"<p>Skin care for teens Puberty is a time of change &#8211; this also applies to skincare for teens. The activation of sex hormones in the body dramatically changes the appearance of the skin. Young skin is somewhat unpredictable. It suddenly changes between an oily, sensitive or irritated skin condition. Each new surge of sex hormones&hellip;<\/p>\n","protected":false},"author":2,"featured_media":0,"parent":15061,"menu_order":3,"comment_status":"closed","ping_status":"closed","template":"","meta":{"footnotes":""},"class_list":["post-15175","page","type-page","status-publish","hentry"],"yoast_head":"<!-- This site is optimized with the Yoast SEO plugin v27.1.1 - https:\/\/yoast.com\/product\/yoast-seo-wordpress\/ -->\n<title>Teens - Twens - Acne - Sex hormones - Cosmacon<\/title>\n<meta name=\"robots\" content=\"index, follow, max-snippet:-1, max-image-preview:large, max-video-preview:-1\" \/>\n<link rel=\"canonical\" href=\"https:\/\/www.cosmacon.de\/en\/our-products\/skin-care-for-teens\/\" \/>\n<meta property=\"og:locale\" content=\"en_US\" \/>\n<meta property=\"og:type\" content=\"article\" \/>\n<meta property=\"og:title\" content=\"Teens - Twens - Acne - Sex hormones - Cosmacon\" \/>\n<meta property=\"og:description\" content=\"Skin care for teens Puberty is a time of change &#8211; this also applies to skincare for teens. The activation of sex hormones in the body dramatically changes the appearance of the skin. Young skin is somewhat unpredictable. It suddenly changes between an oily, sensitive or irritated skin condition. Each new surge of sex hormones&hellip;\" \/>\n<meta property=\"og:url\" content=\"https:\/\/www.cosmacon.de\/en\/our-products\/skin-care-for-teens\/\" \/>\n<meta property=\"og:site_name\" content=\"Cosmacon\" \/>\n<meta property=\"article:modified_time\" content=\"2024-06-05T10:29:05+00:00\" \/>\n<meta property=\"og:image\" content=\"https:\/\/www.cosmacon.de\/wp-content\/uploads\/2014\/09\/Teens.jpg\" \/>\n<meta name=\"twitter:label1\" content=\"Est. reading time\" \/>\n\t<meta name=\"twitter:data1\" content=\"2 minutes\" \/>\n<script type=\"application\/ld+json\" class=\"yoast-schema-graph\">{\"@context\":\"https:\/\/schema.org\",\"@graph\":[{\"@type\":\"WebPage\",\"@id\":\"https:\/\/www.cosmacon.de\/en\/our-products\/skin-care-for-teens\/\",\"url\":\"https:\/\/www.cosmacon.de\/en\/our-products\/skin-care-for-teens\/\",\"name\":\"Teens - Twens - Acne - Sex hormones - Cosmacon\",\"isPartOf\":{\"@id\":\"https:\/\/www.cosmacon.de\/#website\"},\"primaryImageOfPage\":{\"@id\":\"https:\/\/www.cosmacon.de\/en\/our-products\/skin-care-for-teens\/#primaryimage\"},\"image\":{\"@id\":\"https:\/\/www.cosmacon.de\/en\/our-products\/skin-care-for-teens\/#primaryimage\"},\"thumbnailUrl\":\"https:\/\/www.cosmacon.de\/wp-content\/uploads\/2014\/09\/Teens.jpg\",\"datePublished\":\"2014-09-21T11:20:03+00:00\",\"dateModified\":\"2024-06-05T10:29:05+00:00\",\"breadcrumb\":{\"@id\":\"https:\/\/www.cosmacon.de\/en\/our-products\/skin-care-for-teens\/#breadcrumb\"},\"inLanguage\":\"en-US\",\"potentialAction\":[{\"@type\":\"ReadAction\",\"target\":[\"https:\/\/www.cosmacon.de\/en\/our-products\/skin-care-for-teens\/\"]}]},{\"@type\":\"ImageObject\",\"inLanguage\":\"en-US\",\"@id\":\"https:\/\/www.cosmacon.de\/en\/our-products\/skin-care-for-teens\/#primaryimage\",\"url\":\"https:\/\/www.cosmacon.de\/wp-content\/uploads\/2014\/09\/Teens.jpg\",\"contentUrl\":\"https:\/\/www.cosmacon.de\/wp-content\/uploads\/2014\/09\/Teens.jpg\"},{\"@type\":\"BreadcrumbList\",\"@id\":\"https:\/\/www.cosmacon.de\/en\/our-products\/skin-care-for-teens\/#breadcrumb\",\"itemListElement\":[{\"@type\":\"ListItem\",\"position\":1,\"name\":\"Our products\",\"item\":\"https:\/\/www.cosmacon.de\/en\/our-products\/\"},{\"@type\":\"ListItem\",\"position\":2,\"name\":\"Skin care for teens\"}]},{\"@type\":\"WebSite\",\"@id\":\"https:\/\/www.cosmacon.de\/#website\",\"url\":\"https:\/\/www.cosmacon.de\/\",\"name\":\"Cosmacon\",\"description\":\"\",\"potentialAction\":[{\"@type\":\"SearchAction\",\"target\":{\"@type\":\"EntryPoint\",\"urlTemplate\":\"https:\/\/www.cosmacon.de\/?s={search_term_string}\"},\"query-input\":{\"@type\":\"PropertyValueSpecification\",\"valueRequired\":true,\"valueName\":\"search_term_string\"}}],\"inLanguage\":\"en-US\"}]}<\/script>\n<!-- \/ Yoast SEO plugin. -->","yoast_head_json":{"title":"Teens - Twens - Acne - Sex hormones - Cosmacon","robots":{"index":"index","follow":"follow","max-snippet":"max-snippet:-1","max-image-preview":"max-image-preview:large","max-video-preview":"max-video-preview:-1"},"canonical":"https:\/\/www.cosmacon.de\/en\/our-products\/skin-care-for-teens\/","og_locale":"en_US","og_type":"article","og_title":"Teens - Twens - Acne - Sex hormones - Cosmacon","og_description":"Skin care for teens Puberty is a time of change &#8211; this also applies to skincare for teens. The activation of sex hormones in the body dramatically changes the appearance of the skin. Young skin is somewhat unpredictable. It suddenly changes between an oily, sensitive or irritated skin condition. Each new surge of sex hormones&hellip;","og_url":"https:\/\/www.cosmacon.de\/en\/our-products\/skin-care-for-teens\/","og_site_name":"Cosmacon","article_modified_time":"2024-06-05T10:29:05+00:00","og_image":[{"url":"https:\/\/www.cosmacon.de\/wp-content\/uploads\/2014\/09\/Teens.jpg","type":"","width":"","height":""}],"twitter_misc":{"Est. reading time":"2 minutes"},"schema":{"@context":"https:\/\/schema.org","@graph":[{"@type":"WebPage","@id":"https:\/\/www.cosmacon.de\/en\/our-products\/skin-care-for-teens\/","url":"https:\/\/www.cosmacon.de\/en\/our-products\/skin-care-for-teens\/","name":"Teens - Twens - Acne - Sex hormones - Cosmacon","isPartOf":{"@id":"https:\/\/www.cosmacon.de\/#website"},"primaryImageOfPage":{"@id":"https:\/\/www.cosmacon.de\/en\/our-products\/skin-care-for-teens\/#primaryimage"},"image":{"@id":"https:\/\/www.cosmacon.de\/en\/our-products\/skin-care-for-teens\/#primaryimage"},"thumbnailUrl":"https:\/\/www.cosmacon.de\/wp-content\/uploads\/2014\/09\/Teens.jpg","datePublished":"2014-09-21T11:20:03+00:00","dateModified":"2024-06-05T10:29:05+00:00","breadcrumb":{"@id":"https:\/\/www.cosmacon.de\/en\/our-products\/skin-care-for-teens\/#breadcrumb"},"inLanguage":"en-US","potentialAction":[{"@type":"ReadAction","target":["https:\/\/www.cosmacon.de\/en\/our-products\/skin-care-for-teens\/"]}]},{"@type":"ImageObject","inLanguage":"en-US","@id":"https:\/\/www.cosmacon.de\/en\/our-products\/skin-care-for-teens\/#primaryimage","url":"https:\/\/www.cosmacon.de\/wp-content\/uploads\/2014\/09\/Teens.jpg","contentUrl":"https:\/\/www.cosmacon.de\/wp-content\/uploads\/2014\/09\/Teens.jpg"},{"@type":"BreadcrumbList","@id":"https:\/\/www.cosmacon.de\/en\/our-products\/skin-care-for-teens\/#breadcrumb","itemListElement":[{"@type":"ListItem","position":1,"name":"Our products","item":"https:\/\/www.cosmacon.de\/en\/our-products\/"},{"@type":"ListItem","position":2,"name":"Skin care for teens"}]},{"@type":"WebSite","@id":"https:\/\/www.cosmacon.de\/#website","url":"https:\/\/www.cosmacon.de\/","name":"Cosmacon","description":"","potentialAction":[{"@type":"SearchAction","target":{"@type":"EntryPoint","urlTemplate":"https:\/\/www.cosmacon.de\/?s={search_term_string}"},"query-input":{"@type":"PropertyValueSpecification","valueRequired":true,"valueName":"search_term_string"}}],"inLanguage":"en-US"}]}},"_links":{"self":[{"href":"https:\/\/www.cosmacon.de\/en\/wp-json\/wp\/v2\/pages\/15175","targetHints":{"allow":["GET"]}}],"collection":[{"href":"https:\/\/www.cosmacon.de\/en\/wp-json\/wp\/v2\/pages"}],"about":[{"href":"https:\/\/www.cosmacon.de\/en\/wp-json\/wp\/v2\/types\/page"}],"author":[{"embeddable":true,"href":"https:\/\/www.cosmacon.de\/en\/wp-json\/wp\/v2\/users\/2"}],"replies":[{"embeddable":true,"href":"https:\/\/www.cosmacon.de\/en\/wp-json\/wp\/v2\/comments?post=15175"}],"version-history":[{"count":4,"href":"https:\/\/www.cosmacon.de\/en\/wp-json\/wp\/v2\/pages\/15175\/revisions"}],"predecessor-version":[{"id":15181,"href":"https:\/\/www.cosmacon.de\/en\/wp-json\/wp\/v2\/pages\/15175\/revisions\/15181"}],"up":[{"embeddable":true,"href":"https:\/\/www.cosmacon.de\/en\/wp-json\/wp\/v2\/pages\/15061"}],"wp:attachment":[{"href":"https:\/\/www.cosmacon.de\/en\/wp-json\/wp\/v2\/media?parent=15175"}],"curies":[{"name":"wp","href":"https:\/\/api.w.org\/{rel}","templated":true}]}}