{"id":15061,"date":"2018-04-04T08:49:07","date_gmt":"2018-04-04T07:49:07","guid":{"rendered":"https:\/\/test.cosmacon.de\/unsere-produkte\/"},"modified":"2024-06-04T10:34:01","modified_gmt":"2024-06-04T09:34:01","slug":"our-products","status":"publish","type":"page","link":"https:\/\/www.cosmacon.de\/en\/our-products\/","title":{"rendered":"Our products"},"content":{"rendered":"\r\n<h1>Unsere Produkte<\/h1>\r\n<p>Das Team von Cosmacon hat jahrelange Erfahrung darin, hochwertige Kosmetikprodukte zu entwickeln und zu vermarkten. Wir sind darauf spezialisiert, Kosmetika individuell nach den W\u00fcnschen unserer Kunden herzustellen. Dar\u00fcber hinaus verf\u00fcgen wir \u00fcber eine gro\u00dfe Bandbreite an Rezepturen, die bereits marktreif sind.<\/p>\r\n<p><img loading=\"lazy\" decoding=\"async\" title=\"rohstoffhersteller-distributoren\" src=\"https:\/\/www.cosmacon.de\/wp-content\/uploads\/2024\/06\/rohstoffhersteller-distributoren.jpg\" alt=\"rohstoffhersteller-distributoren\" width=\"1680\" height=\"1113\" \/><\/p>\r\n<p>Unsere Expertise umfasst ein breites Sortiment an Kosmetikprodukten: von Reinigungswassern, bis zur Gesichtspflege, von Pflegeprodukten f\u00fcr Babys, Teenager oder reife Haut, \u00fcber M\u00e4nnerkosmetik und Haarpflege bis hin zu Insektenschutzmitteln und Selbstbr\u00e4unern.<\/p>\r\n<p>St\u00f6bern Sie durch unser Produktportfolio und lassen Sie sich inspirieren. Gerne setzen wir Ihre Ideen in die Praxis um.<\/p>\r\n","protected":false},"excerpt":{"rendered":"<p>Unsere Produkte Das Team von Cosmacon hat jahrelange Erfahrung darin, hochwertige Kosmetikprodukte zu entwickeln und zu vermarkten. Wir sind darauf spezialisiert, Kosmetika individuell nach den W\u00fcnschen unserer Kunden herzustellen. Dar\u00fcber hinaus verf\u00fcgen wir \u00fcber eine gro\u00dfe Bandbreite an Rezepturen, die bereits marktreif sind. Unsere Expertise umfasst ein breites Sortiment an Kosmetikprodukten: von Reinigungswassern, bis zur&hellip;<\/p>\n","protected":false},"author":2,"featured_media":0,"parent":0,"menu_order":0,"comment_status":"closed","ping_status":"closed","template":"","meta":{"footnotes":""},"class_list":["post-15061","page","type-page","status-publish","hentry"],"yoast_head":"<!-- This site is optimized with the Yoast SEO plugin v27.1.1 - https:\/\/yoast.com\/product\/yoast-seo-wordpress\/ -->\n<title>Services - Knowledge of raw materials - Active ingredients - Cosmetics development - Quality cosmetics - Cosmetic Consulting<\/title>\n<meta name=\"robots\" content=\"index, follow, max-snippet:-1, max-image-preview:large, max-video-preview:-1\" \/>\n<link rel=\"canonical\" href=\"https:\/\/www.cosmacon.de\/en\/our-products\/\" \/>\n<meta property=\"og:locale\" content=\"en_US\" \/>\n<meta property=\"og:type\" content=\"article\" \/>\n<meta property=\"og:title\" content=\"Services - Knowledge of raw materials - Active ingredients - Cosmetics development - Quality cosmetics - Cosmetic Consulting\" \/>\n<meta property=\"og:description\" content=\"Unsere Produkte Das Team von Cosmacon hat jahrelange Erfahrung darin, hochwertige Kosmetikprodukte zu entwickeln und zu vermarkten. Wir sind darauf spezialisiert, Kosmetika individuell nach den W\u00fcnschen unserer Kunden herzustellen. Dar\u00fcber hinaus verf\u00fcgen wir \u00fcber eine gro\u00dfe Bandbreite an Rezepturen, die bereits marktreif sind. Unsere Expertise umfasst ein breites Sortiment an Kosmetikprodukten: von Reinigungswassern, bis zur&hellip;\" \/>\n<meta property=\"og:url\" content=\"https:\/\/www.cosmacon.de\/en\/our-products\/\" \/>\n<meta property=\"og:site_name\" content=\"Cosmacon\" \/>\n<meta property=\"article:modified_time\" content=\"2024-06-04T09:34:01+00:00\" \/>\n<meta property=\"og:image\" content=\"https:\/\/www.cosmacon.de\/wp-content\/uploads\/2024\/06\/rohstoffhersteller-distributoren.jpg\" \/>\n<meta name=\"twitter:label1\" content=\"Est. reading time\" \/>\n\t<meta name=\"twitter:data1\" content=\"1 minute\" \/>\n<script type=\"application\/ld+json\" class=\"yoast-schema-graph\">{\"@context\":\"https:\/\/schema.org\",\"@graph\":[{\"@type\":\"WebPage\",\"@id\":\"https:\/\/www.cosmacon.de\/en\/our-products\/\",\"url\":\"https:\/\/www.cosmacon.de\/en\/our-products\/\",\"name\":\"Services - Knowledge of raw materials - Active ingredients - Cosmetics development - Quality cosmetics - Cosmetic Consulting\",\"isPartOf\":{\"@id\":\"https:\/\/www.cosmacon.de\/#website\"},\"primaryImageOfPage\":{\"@id\":\"https:\/\/www.cosmacon.de\/en\/our-products\/#primaryimage\"},\"image\":{\"@id\":\"https:\/\/www.cosmacon.de\/en\/our-products\/#primaryimage\"},\"thumbnailUrl\":\"https:\/\/www.cosmacon.de\/wp-content\/uploads\/2024\/06\/rohstoffhersteller-distributoren.jpg\",\"datePublished\":\"2018-04-04T07:49:07+00:00\",\"dateModified\":\"2024-06-04T09:34:01+00:00\",\"inLanguage\":\"en-US\",\"potentialAction\":[{\"@type\":\"ReadAction\",\"target\":[\"https:\/\/www.cosmacon.de\/en\/our-products\/\"]}]},{\"@type\":\"ImageObject\",\"inLanguage\":\"en-US\",\"@id\":\"https:\/\/www.cosmacon.de\/en\/our-products\/#primaryimage\",\"url\":\"https:\/\/www.cosmacon.de\/wp-content\/uploads\/2024\/06\/rohstoffhersteller-distributoren.jpg\",\"contentUrl\":\"https:\/\/www.cosmacon.de\/wp-content\/uploads\/2024\/06\/rohstoffhersteller-distributoren.jpg\"},{\"@type\":\"WebSite\",\"@id\":\"https:\/\/www.cosmacon.de\/#website\",\"url\":\"https:\/\/www.cosmacon.de\/\",\"name\":\"Cosmacon\",\"description\":\"\",\"potentialAction\":[{\"@type\":\"SearchAction\",\"target\":{\"@type\":\"EntryPoint\",\"urlTemplate\":\"https:\/\/www.cosmacon.de\/?s={search_term_string}\"},\"query-input\":{\"@type\":\"PropertyValueSpecification\",\"valueRequired\":true,\"valueName\":\"search_term_string\"}}],\"inLanguage\":\"en-US\"}]}<\/script>\n<!-- \/ Yoast SEO plugin. -->","yoast_head_json":{"title":"Services - Knowledge of raw materials - Active ingredients - Cosmetics development - Quality cosmetics - Cosmetic Consulting","robots":{"index":"index","follow":"follow","max-snippet":"max-snippet:-1","max-image-preview":"max-image-preview:large","max-video-preview":"max-video-preview:-1"},"canonical":"https:\/\/www.cosmacon.de\/en\/our-products\/","og_locale":"en_US","og_type":"article","og_title":"Services - Knowledge of raw materials - Active ingredients - Cosmetics development - Quality cosmetics - Cosmetic Consulting","og_description":"Unsere Produkte Das Team von Cosmacon hat jahrelange Erfahrung darin, hochwertige Kosmetikprodukte zu entwickeln und zu vermarkten. Wir sind darauf spezialisiert, Kosmetika individuell nach den W\u00fcnschen unserer Kunden herzustellen. Dar\u00fcber hinaus verf\u00fcgen wir \u00fcber eine gro\u00dfe Bandbreite an Rezepturen, die bereits marktreif sind. Unsere Expertise umfasst ein breites Sortiment an Kosmetikprodukten: von Reinigungswassern, bis zur&hellip;","og_url":"https:\/\/www.cosmacon.de\/en\/our-products\/","og_site_name":"Cosmacon","article_modified_time":"2024-06-04T09:34:01+00:00","og_image":[{"url":"https:\/\/www.cosmacon.de\/wp-content\/uploads\/2024\/06\/rohstoffhersteller-distributoren.jpg","type":"","width":"","height":""}],"twitter_misc":{"Est. reading time":"1 minute"},"schema":{"@context":"https:\/\/schema.org","@graph":[{"@type":"WebPage","@id":"https:\/\/www.cosmacon.de\/en\/our-products\/","url":"https:\/\/www.cosmacon.de\/en\/our-products\/","name":"Services - Knowledge of raw materials - Active ingredients - Cosmetics development - Quality cosmetics - Cosmetic Consulting","isPartOf":{"@id":"https:\/\/www.cosmacon.de\/#website"},"primaryImageOfPage":{"@id":"https:\/\/www.cosmacon.de\/en\/our-products\/#primaryimage"},"image":{"@id":"https:\/\/www.cosmacon.de\/en\/our-products\/#primaryimage"},"thumbnailUrl":"https:\/\/www.cosmacon.de\/wp-content\/uploads\/2024\/06\/rohstoffhersteller-distributoren.jpg","datePublished":"2018-04-04T07:49:07+00:00","dateModified":"2024-06-04T09:34:01+00:00","inLanguage":"en-US","potentialAction":[{"@type":"ReadAction","target":["https:\/\/www.cosmacon.de\/en\/our-products\/"]}]},{"@type":"ImageObject","inLanguage":"en-US","@id":"https:\/\/www.cosmacon.de\/en\/our-products\/#primaryimage","url":"https:\/\/www.cosmacon.de\/wp-content\/uploads\/2024\/06\/rohstoffhersteller-distributoren.jpg","contentUrl":"https:\/\/www.cosmacon.de\/wp-content\/uploads\/2024\/06\/rohstoffhersteller-distributoren.jpg"},{"@type":"WebSite","@id":"https:\/\/www.cosmacon.de\/#website","url":"https:\/\/www.cosmacon.de\/","name":"Cosmacon","description":"","potentialAction":[{"@type":"SearchAction","target":{"@type":"EntryPoint","urlTemplate":"https:\/\/www.cosmacon.de\/?s={search_term_string}"},"query-input":{"@type":"PropertyValueSpecification","valueRequired":true,"valueName":"search_term_string"}}],"inLanguage":"en-US"}]}},"_links":{"self":[{"href":"https:\/\/www.cosmacon.de\/en\/wp-json\/wp\/v2\/pages\/15061","targetHints":{"allow":["GET"]}}],"collection":[{"href":"https:\/\/www.cosmacon.de\/en\/wp-json\/wp\/v2\/pages"}],"about":[{"href":"https:\/\/www.cosmacon.de\/en\/wp-json\/wp\/v2\/types\/page"}],"author":[{"embeddable":true,"href":"https:\/\/www.cosmacon.de\/en\/wp-json\/wp\/v2\/users\/2"}],"replies":[{"embeddable":true,"href":"https:\/\/www.cosmacon.de\/en\/wp-json\/wp\/v2\/comments?post=15061"}],"version-history":[{"count":2,"href":"https:\/\/www.cosmacon.de\/en\/wp-json\/wp\/v2\/pages\/15061\/revisions"}],"predecessor-version":[{"id":15063,"href":"https:\/\/www.cosmacon.de\/en\/wp-json\/wp\/v2\/pages\/15061\/revisions\/15063"}],"wp:attachment":[{"href":"https:\/\/www.cosmacon.de\/en\/wp-json\/wp\/v2\/media?parent=15061"}],"curies":[{"name":"wp","href":"https:\/\/api.w.org\/{rel}","templated":true}]}}