{"id":15052,"date":"2014-09-09T15:51:50","date_gmt":"2014-09-09T13:51:50","guid":{"rendered":"https:\/\/test.cosmacon.de\/services\/raw-material-suppliers-distributors\/rohstoffsicherheit\/"},"modified":"2024-06-03T15:18:49","modified_gmt":"2024-06-03T14:18:49","slug":"commodity-security","status":"publish","type":"page","link":"https:\/\/www.cosmacon.de\/en\/services\/raw-material-suppliers-distributors\/commodity-security\/","title":{"rendered":"Commodity security"},"content":{"rendered":"\r\n<h1>Rohstoff\u00adsicherheit<\/h1>\r\n<p>F\u00fcr kosmetische Mittel ist eine Sicherheitsbewertung zur Erf\u00fcllung der EG-Kosmetik-Verordnung 1223\/2009 Art. 10 vorgeschrieben. Hierbei wird die Sicherheit des kosmetischen Mittels anhand der Rezeptur, der Inhaltsstoffe, der IFRA-Konformit\u00e4t des eingesetzten Parfum\u00f6ls, der physikalisch-chemischen und mikrobiologischen Stabilit\u00e4t, der Hautvertr\u00e4glichkeitstests, der Packmittel, der Anwendungs- und Warnhinweise sowie der Erfahrungen mit diesem oder \u00e4hnlichen Produkten beurteilt.<\/p>\r\n<p><img loading=\"lazy\" decoding=\"async\" title=\"rohstoffsicherheit\" src=\"https:\/\/www.cosmacon.de\/wp-content\/uploads\/2024\/06\/rohstoffsicherheit.jpg\" alt=\"rohstoffsicherheit\" width=\"1680\" height=\"1113\" \/><\/p>\r\n<p>Es wird ein Gutachten, ein sogenannter Sicherheitsbericht verfasst, der Teil der Produktinformationsdatei ist und der zust\u00e4ndigen Beh\u00f6rden bei Bedarf zur Verf\u00fcgung gestellt wird. Weiterhin muss jedes kosmetische Mittel bei der EU-Kommission verzeichnet werden. Das erfolgt \u00fcber das Cosmetic Product Notification Portal CPNP.<\/p>\r\n<p><strong>Wir erstellen Sicherheitsbewertungen f\u00fcr Ihre Rohstoffe.<\/strong><\/p>\r\n<p>Gemeinsam mit unseren Partnern bieten wir folgende Leistungen an:<\/p>\r\n<ul>\r\n<li>Sicherheitsbewertung und Erstellung eines Sicherheitsberichtes f\u00fcr Ihr kosmetisches Mittel oder Ihren Rohstoff<\/li>\r\n<li>CPNP-Notifizierung Ihres Kosmetikmittels \u00fcber das Cosmetic Product Notification Portal der EU-Kommission<\/li>\r\n<li>Erstellung einer Produktinformationsdatei gem\u00e4\u00df der Anforderungen der EU-Kosmetikverordnung 1223\/2009<\/li>\r\n<li>Beratung bei der Erstellung rechtskonformer Etiketten, inklusive der Inhaltsstoffliste<\/li>\r\n<li>Jegliche Beratung zur Umsetzung der EG-Kosmetikverordnung 1223\/2009<\/li>\r\n<\/ul>\r\n<p>Durch unsere langj\u00e4hrige Erfahrung in der Entwicklung von Kosmetika und dem Verst\u00e4ndnis f\u00fcr Marktprodukte ist es eine besondere Herzensangelegenheit, dass die Rohstoffe in Kosmetikprodukten sicher und von hoher Reinheit sind.<\/p>\r\n<h2>Wir pr\u00fcfen Ihre Rohstoffe auf Verunreinigungen.<\/h2>\r\n<p>Wir haben es h\u00e4ufig erlebt, dass kosmetische Rohstoffe gesundheitlich bedenkliche Verunreinigungen im einstelligem Prozentbereich aufwiesen. Sie wurden am Ende als nicht verkehrsf\u00e4hig deklariert, da die sichere Verwendung des Produkts bei der Sicherheitsbewertung nicht nachgewiesen werden konnte. Soweit sollte es nicht kommen. Daher bieten wir Ihnen an, Sie bereits w\u00e4hrend der Entwicklungs- und Testphase Ihres neuen Rohstoffes zu begleiten.<\/p>\r\n<p>Wir analysieren weiterhin, ob mit den vorliegenden toxikologischen Daten eine sichere Verwendung gew\u00e4hrleistet ist und unterbreiten gegebenenfalls Vorschl\u00e4ge f\u00fcr weitere Untersuchungen, damit Ihr Rohstoff die gr\u00f6\u00dftm\u00f6gliche Anwendung in der Kosmetik finden kann.<\/p>\r\n<p>Gemeinsam mit unseren Partnern bieten wir folgende Leistungen an:<\/p>\r\n<ul>\r\n<li>Toxikologische Beurteilung, ob ein Rohstoff im kosmetischen Mittel einsatzf\u00e4hig und sicher anwendbar im Sinne der EG-Kosmetikverordnung ist<\/li>\r\n<li>Pr\u00fcfung der Rohstoffe auf toxikologisch relevante Verunreinigung anhand der vorgelegten analytischen Daten<\/li>\r\n<li>Gegebenenfalls Ausweisung weiterer Verunreinigungen<\/li>\r\n<\/ul>\r\n<p><a href=\"https:\/\/www.cosmacon.de\/en\/contact\/enquiry\/\">Wenn wir Sie bei der Entwicklung Ihres Rohstoffes sowie bei der Sicherheitsbewertung unterst\u00fctzen k\u00f6nnen, nehmen Sie mit uns Kontakt auf.<\/a><\/p>\r\n<p><strong>Lesen Sie hier mehr zu unseren Leistungen f\u00fcr Rohstoffhersteller und Distributoren<br \/><\/strong><\/p>\r\n<ul>\r\n<li><a title=\"Services f\u00fcr Rohstoffhersteller \/ Distributoren\" href=\"https:\/\/www.cosmacon.de\/en\/services\/raw-material-suppliers-distributors\/\">Leistungen f\u00fcr Rohstoffhersteller und Distributoren<\/a><\/li>\r\n<li><a title=\"Lipide, Fette, Emollients\" href=\"https:\/\/www.cosmacon.de\/en\/services\/raw-material-suppliers-distributors\/lipids_fats_emollients\/\">Optimierung Ihres Lipid-Portfolios<\/a><\/li>\r\n<li><a title=\"Tenside und Emulgatoren\" href=\"https:\/\/www.cosmacon.de\/en\/services\/raw-material-suppliers-distributors\/tenside_emulgatoren\/\">Optimierung Ihres Emulgatoren-Portfolios<\/a><\/li>\r\n<li><a title=\"Rezepturcheck\" href=\"https:\/\/www.cosmacon.de\/en\/services\/raw-material-suppliers-distributors\/formulation-check\/\">Rezepturcheck<\/a><\/li>\r\n<\/ul>\r\n<p>&nbsp;<\/p>\r\n","protected":false},"excerpt":{"rendered":"<p>Rohstoff\u00adsicherheit F\u00fcr kosmetische Mittel ist eine Sicherheitsbewertung zur Erf\u00fcllung der EG-Kosmetik-Verordnung 1223\/2009 Art. 10 vorgeschrieben. Hierbei wird die Sicherheit des kosmetischen Mittels anhand der Rezeptur, der Inhaltsstoffe, der IFRA-Konformit\u00e4t des eingesetzten Parfum\u00f6ls, der physikalisch-chemischen und mikrobiologischen Stabilit\u00e4t, der Hautvertr\u00e4glichkeitstests, der Packmittel, der Anwendungs- und Warnhinweise sowie der Erfahrungen mit diesem oder \u00e4hnlichen Produkten beurteilt. Es&hellip;<\/p>\n","protected":false},"author":2,"featured_media":0,"parent":695,"menu_order":4,"comment_status":"closed","ping_status":"closed","template":"","meta":{"footnotes":""},"class_list":["post-15052","page","type-page","status-publish","hentry"],"yoast_head":"<!-- This site is optimized with the Yoast SEO plugin v27.1.1 - https:\/\/yoast.com\/product\/yoast-seo-wordpress\/ -->\n<title>Safety report - IFRA - CPNP notification - Toxicology - Cosmetic Consulting<\/title>\n<meta name=\"robots\" content=\"index, follow, max-snippet:-1, max-image-preview:large, max-video-preview:-1\" \/>\n<link rel=\"canonical\" href=\"https:\/\/www.cosmacon.de\/en\/services\/raw-material-suppliers-distributors\/commodity-security\/\" \/>\n<meta property=\"og:locale\" content=\"en_US\" \/>\n<meta property=\"og:type\" content=\"article\" \/>\n<meta property=\"og:title\" content=\"Safety report - IFRA - CPNP notification - Toxicology - Cosmetic Consulting\" \/>\n<meta property=\"og:description\" content=\"Rohstoff\u00adsicherheit F\u00fcr kosmetische Mittel ist eine Sicherheitsbewertung zur Erf\u00fcllung der EG-Kosmetik-Verordnung 1223\/2009 Art. 10 vorgeschrieben. Hierbei wird die Sicherheit des kosmetischen Mittels anhand der Rezeptur, der Inhaltsstoffe, der IFRA-Konformit\u00e4t des eingesetzten Parfum\u00f6ls, der physikalisch-chemischen und mikrobiologischen Stabilit\u00e4t, der Hautvertr\u00e4glichkeitstests, der Packmittel, der Anwendungs- und Warnhinweise sowie der Erfahrungen mit diesem oder \u00e4hnlichen Produkten beurteilt. Es&hellip;\" \/>\n<meta property=\"og:url\" content=\"https:\/\/www.cosmacon.de\/en\/services\/raw-material-suppliers-distributors\/commodity-security\/\" \/>\n<meta property=\"og:site_name\" content=\"Cosmacon\" \/>\n<meta property=\"article:modified_time\" content=\"2024-06-03T14:18:49+00:00\" \/>\n<meta property=\"og:image\" content=\"https:\/\/www.cosmacon.de\/wp-content\/uploads\/2024\/06\/rohstoffsicherheit.jpg\" \/>\n<meta name=\"twitter:label1\" content=\"Est. reading time\" \/>\n\t<meta name=\"twitter:data1\" content=\"2 minutes\" \/>\n<script type=\"application\/ld+json\" class=\"yoast-schema-graph\">{\"@context\":\"https:\/\/schema.org\",\"@graph\":[{\"@type\":\"WebPage\",\"@id\":\"https:\/\/www.cosmacon.de\/en\/services\/raw-material-suppliers-distributors\/commodity-security\/\",\"url\":\"https:\/\/www.cosmacon.de\/en\/services\/raw-material-suppliers-distributors\/commodity-security\/\",\"name\":\"Safety report - IFRA - CPNP notification - Toxicology - Cosmetic Consulting\",\"isPartOf\":{\"@id\":\"https:\/\/www.cosmacon.de\/#website\"},\"primaryImageOfPage\":{\"@id\":\"https:\/\/www.cosmacon.de\/en\/services\/raw-material-suppliers-distributors\/commodity-security\/#primaryimage\"},\"image\":{\"@id\":\"https:\/\/www.cosmacon.de\/en\/services\/raw-material-suppliers-distributors\/commodity-security\/#primaryimage\"},\"thumbnailUrl\":\"https:\/\/www.cosmacon.de\/wp-content\/uploads\/2024\/06\/rohstoffsicherheit.jpg\",\"datePublished\":\"2014-09-09T13:51:50+00:00\",\"dateModified\":\"2024-06-03T14:18:49+00:00\",\"breadcrumb\":{\"@id\":\"https:\/\/www.cosmacon.de\/en\/services\/raw-material-suppliers-distributors\/commodity-security\/#breadcrumb\"},\"inLanguage\":\"en-US\",\"potentialAction\":[{\"@type\":\"ReadAction\",\"target\":[\"https:\/\/www.cosmacon.de\/en\/services\/raw-material-suppliers-distributors\/commodity-security\/\"]}]},{\"@type\":\"ImageObject\",\"inLanguage\":\"en-US\",\"@id\":\"https:\/\/www.cosmacon.de\/en\/services\/raw-material-suppliers-distributors\/commodity-security\/#primaryimage\",\"url\":\"https:\/\/www.cosmacon.de\/wp-content\/uploads\/2024\/06\/rohstoffsicherheit.jpg\",\"contentUrl\":\"https:\/\/www.cosmacon.de\/wp-content\/uploads\/2024\/06\/rohstoffsicherheit.jpg\"},{\"@type\":\"BreadcrumbList\",\"@id\":\"https:\/\/www.cosmacon.de\/en\/services\/raw-material-suppliers-distributors\/commodity-security\/#breadcrumb\",\"itemListElement\":[{\"@type\":\"ListItem\",\"position\":1,\"name\":\"Services\",\"item\":\"https:\/\/www.cosmacon.de\/en\/services\/\"},{\"@type\":\"ListItem\",\"position\":2,\"name\":\"Raw Material Suppliers \/ Distributors\",\"item\":\"https:\/\/www.cosmacon.de\/en\/services\/raw-material-suppliers-distributors\/\"},{\"@type\":\"ListItem\",\"position\":3,\"name\":\"Commodity security\"}]},{\"@type\":\"WebSite\",\"@id\":\"https:\/\/www.cosmacon.de\/#website\",\"url\":\"https:\/\/www.cosmacon.de\/\",\"name\":\"Cosmacon\",\"description\":\"\",\"potentialAction\":[{\"@type\":\"SearchAction\",\"target\":{\"@type\":\"EntryPoint\",\"urlTemplate\":\"https:\/\/www.cosmacon.de\/?s={search_term_string}\"},\"query-input\":{\"@type\":\"PropertyValueSpecification\",\"valueRequired\":true,\"valueName\":\"search_term_string\"}}],\"inLanguage\":\"en-US\"}]}<\/script>\n<!-- \/ Yoast SEO plugin. -->","yoast_head_json":{"title":"Safety report - IFRA - CPNP notification - Toxicology - Cosmetic Consulting","robots":{"index":"index","follow":"follow","max-snippet":"max-snippet:-1","max-image-preview":"max-image-preview:large","max-video-preview":"max-video-preview:-1"},"canonical":"https:\/\/www.cosmacon.de\/en\/services\/raw-material-suppliers-distributors\/commodity-security\/","og_locale":"en_US","og_type":"article","og_title":"Safety report - IFRA - CPNP notification - Toxicology - Cosmetic Consulting","og_description":"Rohstoff\u00adsicherheit F\u00fcr kosmetische Mittel ist eine Sicherheitsbewertung zur Erf\u00fcllung der EG-Kosmetik-Verordnung 1223\/2009 Art. 10 vorgeschrieben. Hierbei wird die Sicherheit des kosmetischen Mittels anhand der Rezeptur, der Inhaltsstoffe, der IFRA-Konformit\u00e4t des eingesetzten Parfum\u00f6ls, der physikalisch-chemischen und mikrobiologischen Stabilit\u00e4t, der Hautvertr\u00e4glichkeitstests, der Packmittel, der Anwendungs- und Warnhinweise sowie der Erfahrungen mit diesem oder \u00e4hnlichen Produkten beurteilt. Es&hellip;","og_url":"https:\/\/www.cosmacon.de\/en\/services\/raw-material-suppliers-distributors\/commodity-security\/","og_site_name":"Cosmacon","article_modified_time":"2024-06-03T14:18:49+00:00","og_image":[{"url":"https:\/\/www.cosmacon.de\/wp-content\/uploads\/2024\/06\/rohstoffsicherheit.jpg","type":"","width":"","height":""}],"twitter_misc":{"Est. reading time":"2 minutes"},"schema":{"@context":"https:\/\/schema.org","@graph":[{"@type":"WebPage","@id":"https:\/\/www.cosmacon.de\/en\/services\/raw-material-suppliers-distributors\/commodity-security\/","url":"https:\/\/www.cosmacon.de\/en\/services\/raw-material-suppliers-distributors\/commodity-security\/","name":"Safety report - IFRA - CPNP notification - Toxicology - Cosmetic Consulting","isPartOf":{"@id":"https:\/\/www.cosmacon.de\/#website"},"primaryImageOfPage":{"@id":"https:\/\/www.cosmacon.de\/en\/services\/raw-material-suppliers-distributors\/commodity-security\/#primaryimage"},"image":{"@id":"https:\/\/www.cosmacon.de\/en\/services\/raw-material-suppliers-distributors\/commodity-security\/#primaryimage"},"thumbnailUrl":"https:\/\/www.cosmacon.de\/wp-content\/uploads\/2024\/06\/rohstoffsicherheit.jpg","datePublished":"2014-09-09T13:51:50+00:00","dateModified":"2024-06-03T14:18:49+00:00","breadcrumb":{"@id":"https:\/\/www.cosmacon.de\/en\/services\/raw-material-suppliers-distributors\/commodity-security\/#breadcrumb"},"inLanguage":"en-US","potentialAction":[{"@type":"ReadAction","target":["https:\/\/www.cosmacon.de\/en\/services\/raw-material-suppliers-distributors\/commodity-security\/"]}]},{"@type":"ImageObject","inLanguage":"en-US","@id":"https:\/\/www.cosmacon.de\/en\/services\/raw-material-suppliers-distributors\/commodity-security\/#primaryimage","url":"https:\/\/www.cosmacon.de\/wp-content\/uploads\/2024\/06\/rohstoffsicherheit.jpg","contentUrl":"https:\/\/www.cosmacon.de\/wp-content\/uploads\/2024\/06\/rohstoffsicherheit.jpg"},{"@type":"BreadcrumbList","@id":"https:\/\/www.cosmacon.de\/en\/services\/raw-material-suppliers-distributors\/commodity-security\/#breadcrumb","itemListElement":[{"@type":"ListItem","position":1,"name":"Services","item":"https:\/\/www.cosmacon.de\/en\/services\/"},{"@type":"ListItem","position":2,"name":"Raw Material Suppliers \/ Distributors","item":"https:\/\/www.cosmacon.de\/en\/services\/raw-material-suppliers-distributors\/"},{"@type":"ListItem","position":3,"name":"Commodity security"}]},{"@type":"WebSite","@id":"https:\/\/www.cosmacon.de\/#website","url":"https:\/\/www.cosmacon.de\/","name":"Cosmacon","description":"","potentialAction":[{"@type":"SearchAction","target":{"@type":"EntryPoint","urlTemplate":"https:\/\/www.cosmacon.de\/?s={search_term_string}"},"query-input":{"@type":"PropertyValueSpecification","valueRequired":true,"valueName":"search_term_string"}}],"inLanguage":"en-US"}]}},"_links":{"self":[{"href":"https:\/\/www.cosmacon.de\/en\/wp-json\/wp\/v2\/pages\/15052","targetHints":{"allow":["GET"]}}],"collection":[{"href":"https:\/\/www.cosmacon.de\/en\/wp-json\/wp\/v2\/pages"}],"about":[{"href":"https:\/\/www.cosmacon.de\/en\/wp-json\/wp\/v2\/types\/page"}],"author":[{"embeddable":true,"href":"https:\/\/www.cosmacon.de\/en\/wp-json\/wp\/v2\/users\/2"}],"replies":[{"embeddable":true,"href":"https:\/\/www.cosmacon.de\/en\/wp-json\/wp\/v2\/comments?post=15052"}],"version-history":[{"count":2,"href":"https:\/\/www.cosmacon.de\/en\/wp-json\/wp\/v2\/pages\/15052\/revisions"}],"predecessor-version":[{"id":15054,"href":"https:\/\/www.cosmacon.de\/en\/wp-json\/wp\/v2\/pages\/15052\/revisions\/15054"}],"up":[{"embeddable":true,"href":"https:\/\/www.cosmacon.de\/en\/wp-json\/wp\/v2\/pages\/695"}],"wp:attachment":[{"href":"https:\/\/www.cosmacon.de\/en\/wp-json\/wp\/v2\/media?parent=15052"}],"curies":[{"name":"wp","href":"https:\/\/api.w.org\/{rel}","templated":true}]}}