{"id":15048,"date":"2014-09-09T15:27:54","date_gmt":"2014-09-09T13:27:54","guid":{"rendered":"https:\/\/test.cosmacon.de\/services\/raw-material-suppliers-distributors\/rohstoffgeruch\/"},"modified":"2024-06-03T15:17:12","modified_gmt":"2024-06-03T14:17:12","slug":"raw-material-odor","status":"publish","type":"page","link":"https:\/\/www.cosmacon.de\/en\/services\/raw-material-suppliers-distributors\/raw-material-odor\/","title":{"rendered":"Raw material odor"},"content":{"rendered":"\r\n<h1>Rohstoff\u00adgeruch verbessern<\/h1>\r\n<p>Riechen ist einer der f\u00fcnf Sinne des Menschen. Ein Kosmetikprodukt, das unangenehm riecht oder schmeckt, f\u00fchrt zu sofortiger Abneigung. Geruchsstoffe sind leicht fl\u00fcchtige Substanzen, die von den Geruchsrezeptoren in der Nasenschleimhaut gebunden werden.<\/p>\r\n<p><img loading=\"lazy\" decoding=\"async\" title=\"Sniffing\" src=\"https:\/\/www.cosmacon.de\/wp-content\/uploads\/2024\/06\/Sniffing-1404x936.jpg\" alt=\"Sniffing\" width=\"1404\" height=\"936\" \/><\/p>\r\n<p>\u00dcber eine Signalkaskade wird der Reiz auf die Nervenzellen \u00fcbertragen und ins Gehirn weitergeleitet. Dort entsteht das eigentliche Geruchsempfinden. Angenehme Ger\u00fcche werden von unangenehmen unterschieden. Unparf\u00fcmierte Kosmetikprodukte k\u00f6nnen durch einen der eingesetzten Rohstoffe unangenehm riechen.<\/p>\r\n<p><strong>Wir helfen Ihnen, den Geruch Ihres Rohstoffs zu verbessern.<\/strong><\/p>\r\n<p>Denn: Schlecht riechende Rohstoffe werden als qualitativ minderwertig eingestuft. Die Reklamationsrate schlecht riechender Produkte ist h\u00f6her und sie lassen sich schwerer verkaufen. Sp\u00e4testens bei einem Relaunch eines Kosmetikprodukts r\u00fccken riechende Rohstoffe in den Fokus. Um den Geruch zu beseitigen, wird der betreffende Wirkstoff entweder geringer dosiert &#8211; mit Folgen f\u00fcr die Wirksamkeit des Kosmetikums. Oder aber es muss ein Ersatz her.<\/p>\r\n<p>Unsere Erfahrung zeigt, dass Rohstoffhersteller investieren sollten, um unangenehme Ger\u00fcche zu beseitigen. Unsere speziellen Analyseverfahren sp\u00fcren fl\u00fcchtige und f\u00fcr den Menschen riechbare Stoffe auf und \u00fcberpr\u00fcfen, ob der Produktgeruch optimal gestaltet ist.<\/p>\r\n<p>Das passiert in drei Stufen:<\/p>\r\n<ol>\r\n<li>Detektion und Identifikation der olfaktorisch wahrnehmbaren Stoffe<\/li>\r\n<li>Suche nach M\u00f6glichkeiten, diese Stoffe zu eliminieren<\/li>\r\n<li>Formulierungsstrategien, um diese Stoffe zu maskieren<\/li>\r\n<\/ol>\r\n<p><a href=\"https:\/\/www.cosmacon.de\/en\/contact\/enquiry\/\">Wenn Sie den Geruch Ihres Produkts evaluieren m\u00f6chten, sprechen Sie uns an.<\/a><\/p>\r\n<p><strong>Lesen Sie hier mehr zum Thema Services f\u00fcr Rohstoffhersteller\/Distributoren:<\/strong><\/p>\r\n<ul>\r\n<li><a title=\"Services f\u00fcr Rohstoffhersteller \/ Distributoren\" href=\"https:\/\/www.cosmacon.de\/en\/services\/raw-material-suppliers-distributors\/\">Leistungen f\u00fcr Rohstoffhersteller und Distributoren<\/a><\/li>\r\n<li><a title=\"Lipide, Fette, Emollients\" href=\"https:\/\/www.cosmacon.de\/en\/services\/raw-material-suppliers-distributors\/lipids_fats_emollients\/\">Optimierung Ihres Lipid-Portfolios<\/a><\/li>\r\n<li><a title=\"Tenside und Emulgatoren\" href=\"https:\/\/www.cosmacon.de\/en\/services\/raw-material-suppliers-distributors\/tenside_emulgatoren\/\">Optimierung Ihres Emulgatoren-Portfolios<\/a><\/li>\r\n<\/ul>\r\n","protected":false},"excerpt":{"rendered":"<p>Rohstoff\u00adgeruch verbessern Riechen ist einer der f\u00fcnf Sinne des Menschen. Ein Kosmetikprodukt, das unangenehm riecht oder schmeckt, f\u00fchrt zu sofortiger Abneigung. Geruchsstoffe sind leicht fl\u00fcchtige Substanzen, die von den Geruchsrezeptoren in der Nasenschleimhaut gebunden werden. \u00dcber eine Signalkaskade wird der Reiz auf die Nervenzellen \u00fcbertragen und ins Gehirn weitergeleitet. Dort entsteht das eigentliche Geruchsempfinden. Angenehme&hellip;<\/p>\n","protected":false},"author":2,"featured_media":0,"parent":695,"menu_order":3,"comment_status":"closed","ping_status":"closed","template":"","meta":{"footnotes":""},"class_list":["post-15048","page","type-page","status-publish","hentry"],"yoast_head":"<!-- This site is optimized with the Yoast SEO plugin v27.1.1 - https:\/\/yoast.com\/product\/yoast-seo-wordpress\/ -->\n<title>Raw material odor - Off odor - Taste - Remove odor - Analytics - Perfume - Cosmetic Consulting<\/title>\n<meta name=\"robots\" content=\"index, follow, max-snippet:-1, max-image-preview:large, max-video-preview:-1\" \/>\n<link rel=\"canonical\" href=\"https:\/\/www.cosmacon.de\/en\/services\/raw-material-suppliers-distributors\/raw-material-odor\/\" \/>\n<meta property=\"og:locale\" content=\"en_US\" \/>\n<meta property=\"og:type\" content=\"article\" \/>\n<meta property=\"og:title\" content=\"Raw material odor - Off odor - Taste - Remove odor - Analytics - Perfume - Cosmetic Consulting\" \/>\n<meta property=\"og:description\" content=\"Rohstoff\u00adgeruch verbessern Riechen ist einer der f\u00fcnf Sinne des Menschen. Ein Kosmetikprodukt, das unangenehm riecht oder schmeckt, f\u00fchrt zu sofortiger Abneigung. Geruchsstoffe sind leicht fl\u00fcchtige Substanzen, die von den Geruchsrezeptoren in der Nasenschleimhaut gebunden werden. \u00dcber eine Signalkaskade wird der Reiz auf die Nervenzellen \u00fcbertragen und ins Gehirn weitergeleitet. Dort entsteht das eigentliche Geruchsempfinden. Angenehme&hellip;\" \/>\n<meta property=\"og:url\" content=\"https:\/\/www.cosmacon.de\/en\/services\/raw-material-suppliers-distributors\/raw-material-odor\/\" \/>\n<meta property=\"og:site_name\" content=\"Cosmacon\" \/>\n<meta property=\"article:modified_time\" content=\"2024-06-03T14:17:12+00:00\" \/>\n<meta property=\"og:image\" content=\"https:\/\/www.cosmacon.de\/wp-content\/uploads\/2024\/06\/Sniffing-1404x936.jpg\" \/>\n<meta name=\"twitter:label1\" content=\"Est. reading time\" \/>\n\t<meta name=\"twitter:data1\" content=\"1 minute\" \/>\n<script type=\"application\/ld+json\" class=\"yoast-schema-graph\">{\"@context\":\"https:\/\/schema.org\",\"@graph\":[{\"@type\":\"WebPage\",\"@id\":\"https:\/\/www.cosmacon.de\/en\/services\/raw-material-suppliers-distributors\/raw-material-odor\/\",\"url\":\"https:\/\/www.cosmacon.de\/en\/services\/raw-material-suppliers-distributors\/raw-material-odor\/\",\"name\":\"Raw material odor - Off odor - Taste - Remove odor - Analytics - Perfume - Cosmetic Consulting\",\"isPartOf\":{\"@id\":\"https:\/\/www.cosmacon.de\/#website\"},\"primaryImageOfPage\":{\"@id\":\"https:\/\/www.cosmacon.de\/en\/services\/raw-material-suppliers-distributors\/raw-material-odor\/#primaryimage\"},\"image\":{\"@id\":\"https:\/\/www.cosmacon.de\/en\/services\/raw-material-suppliers-distributors\/raw-material-odor\/#primaryimage\"},\"thumbnailUrl\":\"https:\/\/www.cosmacon.de\/wp-content\/uploads\/2024\/06\/Sniffing-1404x936.jpg\",\"datePublished\":\"2014-09-09T13:27:54+00:00\",\"dateModified\":\"2024-06-03T14:17:12+00:00\",\"breadcrumb\":{\"@id\":\"https:\/\/www.cosmacon.de\/en\/services\/raw-material-suppliers-distributors\/raw-material-odor\/#breadcrumb\"},\"inLanguage\":\"en-US\",\"potentialAction\":[{\"@type\":\"ReadAction\",\"target\":[\"https:\/\/www.cosmacon.de\/en\/services\/raw-material-suppliers-distributors\/raw-material-odor\/\"]}]},{\"@type\":\"ImageObject\",\"inLanguage\":\"en-US\",\"@id\":\"https:\/\/www.cosmacon.de\/en\/services\/raw-material-suppliers-distributors\/raw-material-odor\/#primaryimage\",\"url\":\"https:\/\/www.cosmacon.de\/wp-content\/uploads\/2024\/06\/Sniffing-1404x936.jpg\",\"contentUrl\":\"https:\/\/www.cosmacon.de\/wp-content\/uploads\/2024\/06\/Sniffing-1404x936.jpg\"},{\"@type\":\"BreadcrumbList\",\"@id\":\"https:\/\/www.cosmacon.de\/en\/services\/raw-material-suppliers-distributors\/raw-material-odor\/#breadcrumb\",\"itemListElement\":[{\"@type\":\"ListItem\",\"position\":1,\"name\":\"Services\",\"item\":\"https:\/\/www.cosmacon.de\/en\/services\/\"},{\"@type\":\"ListItem\",\"position\":2,\"name\":\"Raw Material Suppliers \/ Distributors\",\"item\":\"https:\/\/www.cosmacon.de\/en\/services\/raw-material-suppliers-distributors\/\"},{\"@type\":\"ListItem\",\"position\":3,\"name\":\"Raw material odor\"}]},{\"@type\":\"WebSite\",\"@id\":\"https:\/\/www.cosmacon.de\/#website\",\"url\":\"https:\/\/www.cosmacon.de\/\",\"name\":\"Cosmacon\",\"description\":\"\",\"potentialAction\":[{\"@type\":\"SearchAction\",\"target\":{\"@type\":\"EntryPoint\",\"urlTemplate\":\"https:\/\/www.cosmacon.de\/?s={search_term_string}\"},\"query-input\":{\"@type\":\"PropertyValueSpecification\",\"valueRequired\":true,\"valueName\":\"search_term_string\"}}],\"inLanguage\":\"en-US\"}]}<\/script>\n<!-- \/ Yoast SEO plugin. -->","yoast_head_json":{"title":"Raw material odor - Off odor - Taste - Remove odor - Analytics - Perfume - Cosmetic Consulting","robots":{"index":"index","follow":"follow","max-snippet":"max-snippet:-1","max-image-preview":"max-image-preview:large","max-video-preview":"max-video-preview:-1"},"canonical":"https:\/\/www.cosmacon.de\/en\/services\/raw-material-suppliers-distributors\/raw-material-odor\/","og_locale":"en_US","og_type":"article","og_title":"Raw material odor - Off odor - Taste - Remove odor - Analytics - Perfume - Cosmetic Consulting","og_description":"Rohstoff\u00adgeruch verbessern Riechen ist einer der f\u00fcnf Sinne des Menschen. Ein Kosmetikprodukt, das unangenehm riecht oder schmeckt, f\u00fchrt zu sofortiger Abneigung. Geruchsstoffe sind leicht fl\u00fcchtige Substanzen, die von den Geruchsrezeptoren in der Nasenschleimhaut gebunden werden. \u00dcber eine Signalkaskade wird der Reiz auf die Nervenzellen \u00fcbertragen und ins Gehirn weitergeleitet. Dort entsteht das eigentliche Geruchsempfinden. Angenehme&hellip;","og_url":"https:\/\/www.cosmacon.de\/en\/services\/raw-material-suppliers-distributors\/raw-material-odor\/","og_site_name":"Cosmacon","article_modified_time":"2024-06-03T14:17:12+00:00","og_image":[{"url":"https:\/\/www.cosmacon.de\/wp-content\/uploads\/2024\/06\/Sniffing-1404x936.jpg","type":"","width":"","height":""}],"twitter_misc":{"Est. reading time":"1 minute"},"schema":{"@context":"https:\/\/schema.org","@graph":[{"@type":"WebPage","@id":"https:\/\/www.cosmacon.de\/en\/services\/raw-material-suppliers-distributors\/raw-material-odor\/","url":"https:\/\/www.cosmacon.de\/en\/services\/raw-material-suppliers-distributors\/raw-material-odor\/","name":"Raw material odor - Off odor - Taste - Remove odor - Analytics - Perfume - Cosmetic Consulting","isPartOf":{"@id":"https:\/\/www.cosmacon.de\/#website"},"primaryImageOfPage":{"@id":"https:\/\/www.cosmacon.de\/en\/services\/raw-material-suppliers-distributors\/raw-material-odor\/#primaryimage"},"image":{"@id":"https:\/\/www.cosmacon.de\/en\/services\/raw-material-suppliers-distributors\/raw-material-odor\/#primaryimage"},"thumbnailUrl":"https:\/\/www.cosmacon.de\/wp-content\/uploads\/2024\/06\/Sniffing-1404x936.jpg","datePublished":"2014-09-09T13:27:54+00:00","dateModified":"2024-06-03T14:17:12+00:00","breadcrumb":{"@id":"https:\/\/www.cosmacon.de\/en\/services\/raw-material-suppliers-distributors\/raw-material-odor\/#breadcrumb"},"inLanguage":"en-US","potentialAction":[{"@type":"ReadAction","target":["https:\/\/www.cosmacon.de\/en\/services\/raw-material-suppliers-distributors\/raw-material-odor\/"]}]},{"@type":"ImageObject","inLanguage":"en-US","@id":"https:\/\/www.cosmacon.de\/en\/services\/raw-material-suppliers-distributors\/raw-material-odor\/#primaryimage","url":"https:\/\/www.cosmacon.de\/wp-content\/uploads\/2024\/06\/Sniffing-1404x936.jpg","contentUrl":"https:\/\/www.cosmacon.de\/wp-content\/uploads\/2024\/06\/Sniffing-1404x936.jpg"},{"@type":"BreadcrumbList","@id":"https:\/\/www.cosmacon.de\/en\/services\/raw-material-suppliers-distributors\/raw-material-odor\/#breadcrumb","itemListElement":[{"@type":"ListItem","position":1,"name":"Services","item":"https:\/\/www.cosmacon.de\/en\/services\/"},{"@type":"ListItem","position":2,"name":"Raw Material Suppliers \/ Distributors","item":"https:\/\/www.cosmacon.de\/en\/services\/raw-material-suppliers-distributors\/"},{"@type":"ListItem","position":3,"name":"Raw material odor"}]},{"@type":"WebSite","@id":"https:\/\/www.cosmacon.de\/#website","url":"https:\/\/www.cosmacon.de\/","name":"Cosmacon","description":"","potentialAction":[{"@type":"SearchAction","target":{"@type":"EntryPoint","urlTemplate":"https:\/\/www.cosmacon.de\/?s={search_term_string}"},"query-input":{"@type":"PropertyValueSpecification","valueRequired":true,"valueName":"search_term_string"}}],"inLanguage":"en-US"}]}},"_links":{"self":[{"href":"https:\/\/www.cosmacon.de\/en\/wp-json\/wp\/v2\/pages\/15048","targetHints":{"allow":["GET"]}}],"collection":[{"href":"https:\/\/www.cosmacon.de\/en\/wp-json\/wp\/v2\/pages"}],"about":[{"href":"https:\/\/www.cosmacon.de\/en\/wp-json\/wp\/v2\/types\/page"}],"author":[{"embeddable":true,"href":"https:\/\/www.cosmacon.de\/en\/wp-json\/wp\/v2\/users\/2"}],"replies":[{"embeddable":true,"href":"https:\/\/www.cosmacon.de\/en\/wp-json\/wp\/v2\/comments?post=15048"}],"version-history":[{"count":2,"href":"https:\/\/www.cosmacon.de\/en\/wp-json\/wp\/v2\/pages\/15048\/revisions"}],"predecessor-version":[{"id":15050,"href":"https:\/\/www.cosmacon.de\/en\/wp-json\/wp\/v2\/pages\/15048\/revisions\/15050"}],"up":[{"embeddable":true,"href":"https:\/\/www.cosmacon.de\/en\/wp-json\/wp\/v2\/pages\/695"}],"wp:attachment":[{"href":"https:\/\/www.cosmacon.de\/en\/wp-json\/wp\/v2\/media?parent=15048"}],"curies":[{"name":"wp","href":"https:\/\/api.w.org\/{rel}","templated":true}]}}