{"id":15038,"date":"2014-12-08T21:06:16","date_gmt":"2014-12-08T20:06:16","guid":{"rendered":"https:\/\/test.cosmacon.de\/services\/cosmetic-salons-dermatologists-pharmacies\/vegane-kosmetik\/"},"modified":"2024-06-03T15:04:51","modified_gmt":"2024-06-03T14:04:51","slug":"vegan-cosmetics","status":"publish","type":"page","link":"https:\/\/www.cosmacon.de\/en\/services\/cosmetic-salons-dermatologists-pharmacies\/vegan-cosmetics\/","title":{"rendered":"Vegan cosmetics"},"content":{"rendered":"\r\n<h1>Vegane Kosmetik<\/h1>\r\n<p>Die Haut ist unsere Verbindung zur Welt. Sie symbolisiert Sch\u00f6nheit und Schutz zugleich. Bei unseren Produkten konzentrieren wir uns auf das Wohlergehen der Haut. Alle Rohstoffe m\u00fcssen so hochwertig und rein wie m\u00f6glich sein. Dank unseres fundierten Rohstoffwissens und unserer \u00fcber 25-j\u00e4hrigen Erfahrung im Bereich der Kosmetikentwicklung k\u00f6nnen wir Produkte erstellen, die optimal auf die Haut und ihre Bed\u00fcrfnisse abgestimmt sind.<\/p>\r\n<p><img loading=\"lazy\" decoding=\"async\" title=\"vegane-kosmetik\" src=\"https:\/\/www.cosmacon.de\/wp-content\/uploads\/2024\/06\/vegane-kosmetik-1404x936.jpg\" alt=\"vegane-kosmetik\" width=\"1404\" height=\"936\" \/><\/p>\r\n<p>Vegane Kosmetik ist ein Ergebnis der Diskussion um den Klimawandel und die Auswirkungen der Umweltzerst\u00f6rung sind Teil des Umweltbewusstseins unserer Gesellschaft geworden. Die Nachfrage nach \u201egr\u00fcnen&#8221; Produkten ist nach wie vor sehr hoch. Verbraucher w\u00fcnschen sich nachhaltige, nat\u00fcrliche und biologische Produkte.<\/p>\r\n<p>Die Orientierung im Markt ist allerdings schwierig. Es gibt unterschiedliche Zertifizierungsstandards wie BDIH, Ecocert, V-Label, Vegan Society, NaTrue oder FairTrade. Noch dazu sind viele Hersteller auf den gr\u00fcnen Zug aufgesprungen und weisen eigene Siegel oder Marken aus.<\/p>\r\n<h2>Was bedeutet vegane Kosmetik?<\/h2>\r\n<p>Vegane Kosmetik ist eine Art von Kosmetik, die keine Inhaltsstoffe von Tieren enth\u00e4lt und auch nicht auf Tieren getestet wird. Vegane Kosmetikprodukte enthalten keine Inhaltsstoffe wie Honig, Bienenwachs, Leder, Wolle, Milch, Ei, Gelatine oder andere tierische Produkte.<\/p>\r\n<p>Es gibt eine Menge an veganen Kosmetikprodukten auf dem Markt, von Hautpflege- und Sch\u00f6nheitsprodukten bis hin zu Haarpflege- und K\u00f6rperpflegeprodukten. Vegane Kosmetik kann sowohl nat\u00fcrliche als auch synthetische Inhaltsstoffe enthalten und es gibt viele Unternehmen, die sich auf die Produktion von rein veganen Kosmetikprodukten spezialisiert haben.<\/p>\r\n<p>Es ist wichtig zu beachten, dass vegane Kosmetik nicht unbedingt bedeutet, dass es sich um ein nat\u00fcrliches oder biologisches Produkt handelt. Einige vegane Kosmetikprodukte k\u00f6nnen synthetische Inhaltsstoffe enthalten, denn diese werden typischerweise ohne tierische Zusatzstoffe hergestellt und sind somit auch vegan.<\/p>\r\n<p><strong>Wir verlassen uns nicht allein auf Zertifikate, sondern arbeiten nur mit vertrauensw\u00fcrdigen Rohstofflieferanten zusammen, die wir auch pers\u00f6nlich kennen.<\/strong><\/p>\r\n<p><img loading=\"lazy\" decoding=\"async\" title=\"label_rkcoscon_v1\" src=\"https:\/\/www.cosmacon.de\/wp-content\/uploads\/2014\/12\/label_rkcoscon_v1.png\" alt=\"label_rkcoscon_v1\" width=\"314\" height=\"93\" \/><\/p>\r\n<h2>Vegane Kosmetik &#8211; sicher durch das Cosmacon Siegel<\/h2>\r\n<p>In Anbetracht all dieser Umst\u00e4nde haben wir uns entschieden, ein eigenes Veganzertifikat herauszubringen. Bei unserer Veganzertifizierung gibt es keine selbst ausgedachten Kriterien, stattdessen basiert es auf wissenschaftlich fundierten Fakten. Das bedeutet, dass unsere Veganzertifizierung die aktuellsten nachhaltigen Gewinnungs- und Herstellungsmethoden widerspiegelt.<\/p>\r\n<p>Wir haben zwei Vegan-Logos als Wort-Bild-Marke sch\u00fctzen lassen. Unsere Kunden k\u00f6nnen diese Veganzertifizierung bei Buchung des &#8220;Vegan-Paketes&#8221; f\u00fcr 250,00 Euro pro Produkt nutzen.<\/p>\r\n<p><a href=\"https:\/\/www.cosmacon.de\/en\/contact\/enquiry\/\">Gerne entwickeln wir vegane Kosmetik f\u00fcr Sie oder erweitern Ihr Sortiment &#8211; <\/a><a title=\"Anfrage\" href=\"https:\/\/www.cosmacon.de\/en\/contact\/enquiry\/\">sprechen Sie uns an.<\/a><\/p>\r\n<p>&nbsp;<\/p>\r\n<p>&nbsp;<\/p>\r\n","protected":false},"excerpt":{"rendered":"<p>Vegane Kosmetik Die Haut ist unsere Verbindung zur Welt. Sie symbolisiert Sch\u00f6nheit und Schutz zugleich. Bei unseren Produkten konzentrieren wir uns auf das Wohlergehen der Haut. Alle Rohstoffe m\u00fcssen so hochwertig und rein wie m\u00f6glich sein. Dank unseres fundierten Rohstoffwissens und unserer \u00fcber 25-j\u00e4hrigen Erfahrung im Bereich der Kosmetikentwicklung k\u00f6nnen wir Produkte erstellen, die optimal&hellip;<\/p>\n","protected":false},"author":2,"featured_media":0,"parent":692,"menu_order":0,"comment_status":"closed","ping_status":"closed","template":"","meta":{"footnotes":""},"class_list":["post-15038","page","type-page","status-publish","hentry"],"yoast_head":"<!-- This site is optimized with the Yoast SEO plugin v27.1.1 - https:\/\/yoast.com\/product\/yoast-seo-wordpress\/ -->\n<title>vegan cosmetics - cleansing - serums - night care - Cosmacon<\/title>\n<meta name=\"robots\" content=\"index, follow, max-snippet:-1, max-image-preview:large, max-video-preview:-1\" \/>\n<link rel=\"canonical\" href=\"https:\/\/www.cosmacon.de\/en\/services\/cosmetic-salons-dermatologists-pharmacies\/vegan-cosmetics\/\" \/>\n<meta property=\"og:locale\" content=\"en_US\" \/>\n<meta property=\"og:type\" content=\"article\" \/>\n<meta property=\"og:title\" content=\"vegan cosmetics - cleansing - serums - night care - Cosmacon\" \/>\n<meta property=\"og:description\" content=\"Vegane Kosmetik Die Haut ist unsere Verbindung zur Welt. Sie symbolisiert Sch\u00f6nheit und Schutz zugleich. Bei unseren Produkten konzentrieren wir uns auf das Wohlergehen der Haut. Alle Rohstoffe m\u00fcssen so hochwertig und rein wie m\u00f6glich sein. Dank unseres fundierten Rohstoffwissens und unserer \u00fcber 25-j\u00e4hrigen Erfahrung im Bereich der Kosmetikentwicklung k\u00f6nnen wir Produkte erstellen, die optimal&hellip;\" \/>\n<meta property=\"og:url\" content=\"https:\/\/www.cosmacon.de\/en\/services\/cosmetic-salons-dermatologists-pharmacies\/vegan-cosmetics\/\" \/>\n<meta property=\"og:site_name\" content=\"Cosmacon\" \/>\n<meta property=\"article:modified_time\" content=\"2024-06-03T14:04:51+00:00\" \/>\n<meta property=\"og:image\" content=\"https:\/\/www.cosmacon.de\/wp-content\/uploads\/2024\/06\/vegane-kosmetik-1404x936.jpg\" \/>\n<meta name=\"twitter:label1\" content=\"Est. reading time\" \/>\n\t<meta name=\"twitter:data1\" content=\"2 minutes\" \/>\n<script type=\"application\/ld+json\" class=\"yoast-schema-graph\">{\"@context\":\"https:\/\/schema.org\",\"@graph\":[{\"@type\":\"WebPage\",\"@id\":\"https:\/\/www.cosmacon.de\/en\/services\/cosmetic-salons-dermatologists-pharmacies\/vegan-cosmetics\/\",\"url\":\"https:\/\/www.cosmacon.de\/en\/services\/cosmetic-salons-dermatologists-pharmacies\/vegan-cosmetics\/\",\"name\":\"vegan cosmetics - cleansing - serums - night care - Cosmacon\",\"isPartOf\":{\"@id\":\"https:\/\/www.cosmacon.de\/#website\"},\"primaryImageOfPage\":{\"@id\":\"https:\/\/www.cosmacon.de\/en\/services\/cosmetic-salons-dermatologists-pharmacies\/vegan-cosmetics\/#primaryimage\"},\"image\":{\"@id\":\"https:\/\/www.cosmacon.de\/en\/services\/cosmetic-salons-dermatologists-pharmacies\/vegan-cosmetics\/#primaryimage\"},\"thumbnailUrl\":\"https:\/\/www.cosmacon.de\/wp-content\/uploads\/2024\/06\/vegane-kosmetik-1404x936.jpg\",\"datePublished\":\"2014-12-08T20:06:16+00:00\",\"dateModified\":\"2024-06-03T14:04:51+00:00\",\"breadcrumb\":{\"@id\":\"https:\/\/www.cosmacon.de\/en\/services\/cosmetic-salons-dermatologists-pharmacies\/vegan-cosmetics\/#breadcrumb\"},\"inLanguage\":\"en-US\",\"potentialAction\":[{\"@type\":\"ReadAction\",\"target\":[\"https:\/\/www.cosmacon.de\/en\/services\/cosmetic-salons-dermatologists-pharmacies\/vegan-cosmetics\/\"]}]},{\"@type\":\"ImageObject\",\"inLanguage\":\"en-US\",\"@id\":\"https:\/\/www.cosmacon.de\/en\/services\/cosmetic-salons-dermatologists-pharmacies\/vegan-cosmetics\/#primaryimage\",\"url\":\"https:\/\/www.cosmacon.de\/wp-content\/uploads\/2024\/06\/vegane-kosmetik-1404x936.jpg\",\"contentUrl\":\"https:\/\/www.cosmacon.de\/wp-content\/uploads\/2024\/06\/vegane-kosmetik-1404x936.jpg\"},{\"@type\":\"BreadcrumbList\",\"@id\":\"https:\/\/www.cosmacon.de\/en\/services\/cosmetic-salons-dermatologists-pharmacies\/vegan-cosmetics\/#breadcrumb\",\"itemListElement\":[{\"@type\":\"ListItem\",\"position\":1,\"name\":\"Services\",\"item\":\"https:\/\/www.cosmacon.de\/en\/services\/\"},{\"@type\":\"ListItem\",\"position\":2,\"name\":\"Cosmetic Salons \/ Dermatologists \/ Pharmacies\",\"item\":\"https:\/\/www.cosmacon.de\/en\/services\/cosmetic-salons-dermatologists-pharmacies\/\"},{\"@type\":\"ListItem\",\"position\":3,\"name\":\"Vegan cosmetics\"}]},{\"@type\":\"WebSite\",\"@id\":\"https:\/\/www.cosmacon.de\/#website\",\"url\":\"https:\/\/www.cosmacon.de\/\",\"name\":\"Cosmacon\",\"description\":\"\",\"potentialAction\":[{\"@type\":\"SearchAction\",\"target\":{\"@type\":\"EntryPoint\",\"urlTemplate\":\"https:\/\/www.cosmacon.de\/?s={search_term_string}\"},\"query-input\":{\"@type\":\"PropertyValueSpecification\",\"valueRequired\":true,\"valueName\":\"search_term_string\"}}],\"inLanguage\":\"en-US\"}]}<\/script>\n<!-- \/ Yoast SEO plugin. -->","yoast_head_json":{"title":"vegan cosmetics - cleansing - serums - night care - Cosmacon","robots":{"index":"index","follow":"follow","max-snippet":"max-snippet:-1","max-image-preview":"max-image-preview:large","max-video-preview":"max-video-preview:-1"},"canonical":"https:\/\/www.cosmacon.de\/en\/services\/cosmetic-salons-dermatologists-pharmacies\/vegan-cosmetics\/","og_locale":"en_US","og_type":"article","og_title":"vegan cosmetics - cleansing - serums - night care - Cosmacon","og_description":"Vegane Kosmetik Die Haut ist unsere Verbindung zur Welt. Sie symbolisiert Sch\u00f6nheit und Schutz zugleich. Bei unseren Produkten konzentrieren wir uns auf das Wohlergehen der Haut. Alle Rohstoffe m\u00fcssen so hochwertig und rein wie m\u00f6glich sein. Dank unseres fundierten Rohstoffwissens und unserer \u00fcber 25-j\u00e4hrigen Erfahrung im Bereich der Kosmetikentwicklung k\u00f6nnen wir Produkte erstellen, die optimal&hellip;","og_url":"https:\/\/www.cosmacon.de\/en\/services\/cosmetic-salons-dermatologists-pharmacies\/vegan-cosmetics\/","og_site_name":"Cosmacon","article_modified_time":"2024-06-03T14:04:51+00:00","og_image":[{"url":"https:\/\/www.cosmacon.de\/wp-content\/uploads\/2024\/06\/vegane-kosmetik-1404x936.jpg","type":"","width":"","height":""}],"twitter_misc":{"Est. reading time":"2 minutes"},"schema":{"@context":"https:\/\/schema.org","@graph":[{"@type":"WebPage","@id":"https:\/\/www.cosmacon.de\/en\/services\/cosmetic-salons-dermatologists-pharmacies\/vegan-cosmetics\/","url":"https:\/\/www.cosmacon.de\/en\/services\/cosmetic-salons-dermatologists-pharmacies\/vegan-cosmetics\/","name":"vegan cosmetics - cleansing - serums - night care - Cosmacon","isPartOf":{"@id":"https:\/\/www.cosmacon.de\/#website"},"primaryImageOfPage":{"@id":"https:\/\/www.cosmacon.de\/en\/services\/cosmetic-salons-dermatologists-pharmacies\/vegan-cosmetics\/#primaryimage"},"image":{"@id":"https:\/\/www.cosmacon.de\/en\/services\/cosmetic-salons-dermatologists-pharmacies\/vegan-cosmetics\/#primaryimage"},"thumbnailUrl":"https:\/\/www.cosmacon.de\/wp-content\/uploads\/2024\/06\/vegane-kosmetik-1404x936.jpg","datePublished":"2014-12-08T20:06:16+00:00","dateModified":"2024-06-03T14:04:51+00:00","breadcrumb":{"@id":"https:\/\/www.cosmacon.de\/en\/services\/cosmetic-salons-dermatologists-pharmacies\/vegan-cosmetics\/#breadcrumb"},"inLanguage":"en-US","potentialAction":[{"@type":"ReadAction","target":["https:\/\/www.cosmacon.de\/en\/services\/cosmetic-salons-dermatologists-pharmacies\/vegan-cosmetics\/"]}]},{"@type":"ImageObject","inLanguage":"en-US","@id":"https:\/\/www.cosmacon.de\/en\/services\/cosmetic-salons-dermatologists-pharmacies\/vegan-cosmetics\/#primaryimage","url":"https:\/\/www.cosmacon.de\/wp-content\/uploads\/2024\/06\/vegane-kosmetik-1404x936.jpg","contentUrl":"https:\/\/www.cosmacon.de\/wp-content\/uploads\/2024\/06\/vegane-kosmetik-1404x936.jpg"},{"@type":"BreadcrumbList","@id":"https:\/\/www.cosmacon.de\/en\/services\/cosmetic-salons-dermatologists-pharmacies\/vegan-cosmetics\/#breadcrumb","itemListElement":[{"@type":"ListItem","position":1,"name":"Services","item":"https:\/\/www.cosmacon.de\/en\/services\/"},{"@type":"ListItem","position":2,"name":"Cosmetic Salons \/ Dermatologists \/ Pharmacies","item":"https:\/\/www.cosmacon.de\/en\/services\/cosmetic-salons-dermatologists-pharmacies\/"},{"@type":"ListItem","position":3,"name":"Vegan cosmetics"}]},{"@type":"WebSite","@id":"https:\/\/www.cosmacon.de\/#website","url":"https:\/\/www.cosmacon.de\/","name":"Cosmacon","description":"","potentialAction":[{"@type":"SearchAction","target":{"@type":"EntryPoint","urlTemplate":"https:\/\/www.cosmacon.de\/?s={search_term_string}"},"query-input":{"@type":"PropertyValueSpecification","valueRequired":true,"valueName":"search_term_string"}}],"inLanguage":"en-US"}]}},"_links":{"self":[{"href":"https:\/\/www.cosmacon.de\/en\/wp-json\/wp\/v2\/pages\/15038","targetHints":{"allow":["GET"]}}],"collection":[{"href":"https:\/\/www.cosmacon.de\/en\/wp-json\/wp\/v2\/pages"}],"about":[{"href":"https:\/\/www.cosmacon.de\/en\/wp-json\/wp\/v2\/types\/page"}],"author":[{"embeddable":true,"href":"https:\/\/www.cosmacon.de\/en\/wp-json\/wp\/v2\/users\/2"}],"replies":[{"embeddable":true,"href":"https:\/\/www.cosmacon.de\/en\/wp-json\/wp\/v2\/comments?post=15038"}],"version-history":[{"count":3,"href":"https:\/\/www.cosmacon.de\/en\/wp-json\/wp\/v2\/pages\/15038\/revisions"}],"predecessor-version":[{"id":15043,"href":"https:\/\/www.cosmacon.de\/en\/wp-json\/wp\/v2\/pages\/15038\/revisions\/15043"}],"up":[{"embeddable":true,"href":"https:\/\/www.cosmacon.de\/en\/wp-json\/wp\/v2\/pages\/692"}],"wp:attachment":[{"href":"https:\/\/www.cosmacon.de\/en\/wp-json\/wp\/v2\/media?parent=15038"}],"curies":[{"name":"wp","href":"https:\/\/api.w.org\/{rel}","templated":true}]}}