{"id":15029,"date":"2015-05-28T13:44:00","date_gmt":"2015-05-28T12:44:00","guid":{"rendered":"https:\/\/test.cosmacon.de\/services\/cosmetic-companies\/produktgeruch\/"},"modified":"2024-06-03T14:51:46","modified_gmt":"2024-06-03T13:51:46","slug":"product-odor","status":"publish","type":"page","link":"https:\/\/www.cosmacon.de\/en\/services\/cosmetic-companies\/product-odor\/","title":{"rendered":"Product odor"},"content":{"rendered":"\r\n<h1>Produkt\u00adgeruch ver\u00adbessern<\/h1>\r\n<p>Der Produktgeruch ist ein sehr wichtiger Faktor, um ein erfolgreiches kosmetisches Produkt erfolgreich auf den Markt zu bringen. Riechen ist einer der f\u00fcnf Sinne des Menschen. Ein Kosmetikprodukt, das unangenehm riecht oder schmeckt, f\u00fchrt zu sofortiger Abneigung.<\/p>\r\n<p><img loading=\"lazy\" decoding=\"async\" title=\"cosmetic-philosophie\" src=\"https:\/\/www.cosmacon.de\/wp-content\/uploads\/2018\/01\/cosmetic-philosophie.jpg\" alt=\"cosmetic-philosophie\" width=\"1404\" height=\"790\" \/><\/p>\r\n<p>Geruchsstoffe sind leicht fl\u00fcchtige Substanzen, die von den Geruchsrezeptoren in der Nasenschleimhaut gebunden werden. \u00dcber eine Signalkaskade wird der Reiz auf die Nervenzellen \u00fcbertragen und ins Gehirn weitergeleitet. Dort entsteht das eigentliche Geruchsempfinden. Angenehme Ger\u00fcche werden von unangenehmen unterschieden.<\/p>\r\n<p>Der Geruch von Kosmetikprodukten ist wichtig, weil er einen positiven Einfluss auf das Benutzererlebnis und die Wahrnehmung des Produkts hat. Ein angenehmer Geruch kann dazu beitragen, dass das Produkt angenommen und weiterverwendet wird, was zu einer h\u00f6heren Zufriedenheit und Kundentreue f\u00fchren kann. Dar\u00fcber hinaus kann ein angenehmer Geruch auch dazu beitragen, dass sich die Benutzer besser f\u00fchlen und einen positiven Effekt auf ihre Stimmung haben (z.B. gibt es zum Orangen\u00f6l valide Untersuchungen, die dieses best\u00e4tigen).<\/p>\r\n<h2>Schlechter Produktgeruch assoziiert mindere Qualit\u00e4t<\/h2>\r\n<p>Unparf\u00fcmierte Kosmetikprodukte k\u00f6nnen durch einen der eingesetzten Rohstoffe unangenehm riechen. Solche Produkte werden als qualitativ minderwertig eingestuft. Die Reklamationsrate schlecht riechender Produkte ist h\u00f6her und sie lassen sich schwerer verkaufen. Sp\u00e4testens bei einem Produktrelaunch r\u00fccken riechende Rohstoffe im Fokus. Um den Geruch zu beseitigen, wird der betreffende Wirkstoff entweder geringer dosiert &#8211; mit Folgen f\u00fcr die Wirksamkeit des Kosmetikums. Oder aber es muss ein Ersatz her.<\/p>\r\n<p>Unsere Erfahrung zeigt, dass Kosmetikhersteller investieren sollten, um unangenehme Produktnebenger\u00fcche zu beseitigen. Unsere speziellen Analyseverfahren sp\u00fcren fl\u00fcchtige und f\u00fcr den Menschen riechbare Stoffe auf und \u00fcberpr\u00fcfen, ob der Produktgeruch optimal gestaltet ist.<\/p>\r\n<p>Das passiert in drei Stufen, um den Produktgeruch zu verbessern:<\/p>\r\n<ul>\r\n<li>Detektion und Identifikation der olfaktorisch wahrnehmbaren Stoffe<\/li>\r\n<li>Suche nach M\u00f6glichkeiten, diese Stoffe zu eliminieren<\/li>\r\n<li>Formulierungsstrategien, um diese Stoffe zu maskieren<\/li>\r\n<\/ul>\r\n<p><a href=\"https:\/\/www.cosmacon.de\/en\/contact\/enquiry\/\">Wenn Sie den Produktgeruch Ihres Produkts evaluieren m\u00f6chten, sprechen Sie uns gerne an.<\/a><\/p>\r\n<p><strong>Lesen Sie hier mehr zu unseren Leistungen f\u00fcr Kosmetikhersteller:<\/strong><\/p>\r\n<ul>\r\n<li><a href=\"https:\/\/www.cosmacon.de\/dienstleistungen\/rezepturentwicklung\/\">Rezepturentwicklung<\/a><\/li>\r\n<li><a href=\"https:\/\/www.cosmacon.de\/dienstleistungen\/kosmetikhersteller-2\/mikrobiologie\/\" target=\"_blank\" rel=\"noopener\">Mikrobiologische Stabilit\u00e4t<\/a><\/li>\r\n<li><a href=\"https:\/\/www.cosmacon.de\/en\/product-lines\/organic-cosmetics\/\">Naturkosmetik<\/a><\/li>\r\n<\/ul>\r\n","protected":false},"excerpt":{"rendered":"<p>Produkt\u00adgeruch ver\u00adbessern Der Produktgeruch ist ein sehr wichtiger Faktor, um ein erfolgreiches kosmetisches Produkt erfolgreich auf den Markt zu bringen. Riechen ist einer der f\u00fcnf Sinne des Menschen. Ein Kosmetikprodukt, das unangenehm riecht oder schmeckt, f\u00fchrt zu sofortiger Abneigung. Geruchsstoffe sind leicht fl\u00fcchtige Substanzen, die von den Geruchsrezeptoren in der Nasenschleimhaut gebunden werden. \u00dcber eine&hellip;<\/p>\n","protected":false},"author":2,"featured_media":0,"parent":689,"menu_order":3,"comment_status":"closed","ping_status":"closed","template":"","meta":{"footnotes":""},"class_list":["post-15029","page","type-page","status-publish","hentry"],"yoast_head":"<!-- This site is optimized with the Yoast SEO plugin v27.1.1 - https:\/\/yoast.com\/product\/yoast-seo-wordpress\/ -->\n<title>Product odor - Off odor - Analytics - Perfume - Cosmacon<\/title>\n<meta name=\"robots\" content=\"index, follow, max-snippet:-1, max-image-preview:large, max-video-preview:-1\" \/>\n<link rel=\"canonical\" href=\"https:\/\/www.cosmacon.de\/en\/services\/cosmetic-companies\/product-odor\/\" \/>\n<meta property=\"og:locale\" content=\"en_US\" \/>\n<meta property=\"og:type\" content=\"article\" \/>\n<meta property=\"og:title\" content=\"Product odor - Off odor - Analytics - Perfume - Cosmacon\" \/>\n<meta property=\"og:description\" content=\"Produkt\u00adgeruch ver\u00adbessern Der Produktgeruch ist ein sehr wichtiger Faktor, um ein erfolgreiches kosmetisches Produkt erfolgreich auf den Markt zu bringen. Riechen ist einer der f\u00fcnf Sinne des Menschen. Ein Kosmetikprodukt, das unangenehm riecht oder schmeckt, f\u00fchrt zu sofortiger Abneigung. Geruchsstoffe sind leicht fl\u00fcchtige Substanzen, die von den Geruchsrezeptoren in der Nasenschleimhaut gebunden werden. \u00dcber eine&hellip;\" \/>\n<meta property=\"og:url\" content=\"https:\/\/www.cosmacon.de\/en\/services\/cosmetic-companies\/product-odor\/\" \/>\n<meta property=\"og:site_name\" content=\"Cosmacon\" \/>\n<meta property=\"article:modified_time\" content=\"2024-06-03T13:51:46+00:00\" \/>\n<meta property=\"og:image\" content=\"https:\/\/www.cosmacon.de\/wp-content\/uploads\/2018\/01\/cosmetic-philosophie.jpg\" \/>\n<meta name=\"twitter:label1\" content=\"Est. reading time\" \/>\n\t<meta name=\"twitter:data1\" content=\"2 minutes\" \/>\n<script type=\"application\/ld+json\" class=\"yoast-schema-graph\">{\"@context\":\"https:\/\/schema.org\",\"@graph\":[{\"@type\":\"WebPage\",\"@id\":\"https:\/\/www.cosmacon.de\/en\/services\/cosmetic-companies\/product-odor\/\",\"url\":\"https:\/\/www.cosmacon.de\/en\/services\/cosmetic-companies\/product-odor\/\",\"name\":\"Product odor - Off odor - Analytics - Perfume - Cosmacon\",\"isPartOf\":{\"@id\":\"https:\/\/www.cosmacon.de\/#website\"},\"primaryImageOfPage\":{\"@id\":\"https:\/\/www.cosmacon.de\/en\/services\/cosmetic-companies\/product-odor\/#primaryimage\"},\"image\":{\"@id\":\"https:\/\/www.cosmacon.de\/en\/services\/cosmetic-companies\/product-odor\/#primaryimage\"},\"thumbnailUrl\":\"https:\/\/www.cosmacon.de\/wp-content\/uploads\/2018\/01\/cosmetic-philosophie.jpg\",\"datePublished\":\"2015-05-28T12:44:00+00:00\",\"dateModified\":\"2024-06-03T13:51:46+00:00\",\"breadcrumb\":{\"@id\":\"https:\/\/www.cosmacon.de\/en\/services\/cosmetic-companies\/product-odor\/#breadcrumb\"},\"inLanguage\":\"en-US\",\"potentialAction\":[{\"@type\":\"ReadAction\",\"target\":[\"https:\/\/www.cosmacon.de\/en\/services\/cosmetic-companies\/product-odor\/\"]}]},{\"@type\":\"ImageObject\",\"inLanguage\":\"en-US\",\"@id\":\"https:\/\/www.cosmacon.de\/en\/services\/cosmetic-companies\/product-odor\/#primaryimage\",\"url\":\"https:\/\/www.cosmacon.de\/wp-content\/uploads\/2018\/01\/cosmetic-philosophie.jpg\",\"contentUrl\":\"https:\/\/www.cosmacon.de\/wp-content\/uploads\/2018\/01\/cosmetic-philosophie.jpg\"},{\"@type\":\"BreadcrumbList\",\"@id\":\"https:\/\/www.cosmacon.de\/en\/services\/cosmetic-companies\/product-odor\/#breadcrumb\",\"itemListElement\":[{\"@type\":\"ListItem\",\"position\":1,\"name\":\"Services\",\"item\":\"https:\/\/www.cosmacon.de\/en\/services\/\"},{\"@type\":\"ListItem\",\"position\":2,\"name\":\"Services for cosmetic brands\",\"item\":\"https:\/\/www.cosmacon.de\/en\/services\/cosmetic-companies\/\"},{\"@type\":\"ListItem\",\"position\":3,\"name\":\"Product odor\"}]},{\"@type\":\"WebSite\",\"@id\":\"https:\/\/www.cosmacon.de\/#website\",\"url\":\"https:\/\/www.cosmacon.de\/\",\"name\":\"Cosmacon\",\"description\":\"\",\"potentialAction\":[{\"@type\":\"SearchAction\",\"target\":{\"@type\":\"EntryPoint\",\"urlTemplate\":\"https:\/\/www.cosmacon.de\/?s={search_term_string}\"},\"query-input\":{\"@type\":\"PropertyValueSpecification\",\"valueRequired\":true,\"valueName\":\"search_term_string\"}}],\"inLanguage\":\"en-US\"}]}<\/script>\n<!-- \/ Yoast SEO plugin. -->","yoast_head_json":{"title":"Product odor - Off odor - Analytics - Perfume - Cosmacon","robots":{"index":"index","follow":"follow","max-snippet":"max-snippet:-1","max-image-preview":"max-image-preview:large","max-video-preview":"max-video-preview:-1"},"canonical":"https:\/\/www.cosmacon.de\/en\/services\/cosmetic-companies\/product-odor\/","og_locale":"en_US","og_type":"article","og_title":"Product odor - Off odor - Analytics - Perfume - Cosmacon","og_description":"Produkt\u00adgeruch ver\u00adbessern Der Produktgeruch ist ein sehr wichtiger Faktor, um ein erfolgreiches kosmetisches Produkt erfolgreich auf den Markt zu bringen. Riechen ist einer der f\u00fcnf Sinne des Menschen. Ein Kosmetikprodukt, das unangenehm riecht oder schmeckt, f\u00fchrt zu sofortiger Abneigung. Geruchsstoffe sind leicht fl\u00fcchtige Substanzen, die von den Geruchsrezeptoren in der Nasenschleimhaut gebunden werden. \u00dcber eine&hellip;","og_url":"https:\/\/www.cosmacon.de\/en\/services\/cosmetic-companies\/product-odor\/","og_site_name":"Cosmacon","article_modified_time":"2024-06-03T13:51:46+00:00","og_image":[{"url":"https:\/\/www.cosmacon.de\/wp-content\/uploads\/2018\/01\/cosmetic-philosophie.jpg","type":"","width":"","height":""}],"twitter_misc":{"Est. reading time":"2 minutes"},"schema":{"@context":"https:\/\/schema.org","@graph":[{"@type":"WebPage","@id":"https:\/\/www.cosmacon.de\/en\/services\/cosmetic-companies\/product-odor\/","url":"https:\/\/www.cosmacon.de\/en\/services\/cosmetic-companies\/product-odor\/","name":"Product odor - Off odor - Analytics - Perfume - Cosmacon","isPartOf":{"@id":"https:\/\/www.cosmacon.de\/#website"},"primaryImageOfPage":{"@id":"https:\/\/www.cosmacon.de\/en\/services\/cosmetic-companies\/product-odor\/#primaryimage"},"image":{"@id":"https:\/\/www.cosmacon.de\/en\/services\/cosmetic-companies\/product-odor\/#primaryimage"},"thumbnailUrl":"https:\/\/www.cosmacon.de\/wp-content\/uploads\/2018\/01\/cosmetic-philosophie.jpg","datePublished":"2015-05-28T12:44:00+00:00","dateModified":"2024-06-03T13:51:46+00:00","breadcrumb":{"@id":"https:\/\/www.cosmacon.de\/en\/services\/cosmetic-companies\/product-odor\/#breadcrumb"},"inLanguage":"en-US","potentialAction":[{"@type":"ReadAction","target":["https:\/\/www.cosmacon.de\/en\/services\/cosmetic-companies\/product-odor\/"]}]},{"@type":"ImageObject","inLanguage":"en-US","@id":"https:\/\/www.cosmacon.de\/en\/services\/cosmetic-companies\/product-odor\/#primaryimage","url":"https:\/\/www.cosmacon.de\/wp-content\/uploads\/2018\/01\/cosmetic-philosophie.jpg","contentUrl":"https:\/\/www.cosmacon.de\/wp-content\/uploads\/2018\/01\/cosmetic-philosophie.jpg"},{"@type":"BreadcrumbList","@id":"https:\/\/www.cosmacon.de\/en\/services\/cosmetic-companies\/product-odor\/#breadcrumb","itemListElement":[{"@type":"ListItem","position":1,"name":"Services","item":"https:\/\/www.cosmacon.de\/en\/services\/"},{"@type":"ListItem","position":2,"name":"Services for cosmetic brands","item":"https:\/\/www.cosmacon.de\/en\/services\/cosmetic-companies\/"},{"@type":"ListItem","position":3,"name":"Product odor"}]},{"@type":"WebSite","@id":"https:\/\/www.cosmacon.de\/#website","url":"https:\/\/www.cosmacon.de\/","name":"Cosmacon","description":"","potentialAction":[{"@type":"SearchAction","target":{"@type":"EntryPoint","urlTemplate":"https:\/\/www.cosmacon.de\/?s={search_term_string}"},"query-input":{"@type":"PropertyValueSpecification","valueRequired":true,"valueName":"search_term_string"}}],"inLanguage":"en-US"}]}},"_links":{"self":[{"href":"https:\/\/www.cosmacon.de\/en\/wp-json\/wp\/v2\/pages\/15029","targetHints":{"allow":["GET"]}}],"collection":[{"href":"https:\/\/www.cosmacon.de\/en\/wp-json\/wp\/v2\/pages"}],"about":[{"href":"https:\/\/www.cosmacon.de\/en\/wp-json\/wp\/v2\/types\/page"}],"author":[{"embeddable":true,"href":"https:\/\/www.cosmacon.de\/en\/wp-json\/wp\/v2\/users\/2"}],"replies":[{"embeddable":true,"href":"https:\/\/www.cosmacon.de\/en\/wp-json\/wp\/v2\/comments?post=15029"}],"version-history":[{"count":2,"href":"https:\/\/www.cosmacon.de\/en\/wp-json\/wp\/v2\/pages\/15029\/revisions"}],"predecessor-version":[{"id":15031,"href":"https:\/\/www.cosmacon.de\/en\/wp-json\/wp\/v2\/pages\/15029\/revisions\/15031"}],"up":[{"embeddable":true,"href":"https:\/\/www.cosmacon.de\/en\/wp-json\/wp\/v2\/pages\/689"}],"wp:attachment":[{"href":"https:\/\/www.cosmacon.de\/en\/wp-json\/wp\/v2\/media?parent=15029"}],"curies":[{"name":"wp","href":"https:\/\/api.w.org\/{rel}","templated":true}]}}