{"id":14786,"date":"2013-07-15T14:17:29","date_gmt":"2013-07-15T12:17:29","guid":{"rendered":"https:\/\/test.cosmacon.de\/ueber-mich\/rainer-kropke\/"},"modified":"2024-05-31T11:07:30","modified_gmt":"2024-05-31T10:07:30","slug":"rainer-kropke","status":"publish","type":"page","link":"https:\/\/www.cosmacon.de\/en\/ueber-mich\/rainer-kropke\/","title":{"rendered":"Rainer Kr\u00f6pke"},"content":{"rendered":"\n<h1>\n\t\tRainer Kr\u00f6pke\n\t<\/h1>\n\t<p>Rainer Kr\u00f6pke is Managing Director and founder of Cosmacon GmbH. Since 2013, the trained chemical laboratory technician has been offering various services for the cosmetics industry in his own company. The focus of his work is on consulting and developing cosmetics of all kinds, including the development of high-quality natural cosmetics. Kr\u00f6pke also works for raw material manufacturers and distributors to add new properties to their raw material portfolio.<\/p>\n\t\t\t\t<img loading=\"lazy\" decoding=\"async\" src=\"https:\/\/www.cosmacon.de\/wp-content\/uploads\/2018\/01\/DSF8962-1-e1522066997621.jpg\" alt=\"_DSF8962-1\" itemprop=\"image\" height=\"399\" width=\"850\" title=\"_DSF8962-1\" onerror=\"this.style.display='none'\"  \/>\n\t<p>Before becoming self-employed, Kr\u00f6pke was laboratory manager in the &#8220;Body Creams&#8221; division at Beiersdorf AG with responsibility for the top-selling cream products NIVEA Creme and NIVEA Soft Creme. Most recently, he was responsible for managing development projects for premium brands in close cooperation with marketing, production and quality management.<\/p>\n<p>In this context, he has carried out a great deal of research work in recent years and built up a wealth of experience in the development of sun protection products, body products, baby care products, aerosol applications, repellents (mosquito repellent products), dermatological skin care products, biocidal products and care products for men.<\/p>\n<p>Kr\u00f6pke is co-inventor of more than 350 patents and is involved in almost all innovations of his former employer&#8217;s cosmetic brands. He now makes the knowledge and expertise he has gained in over 30 years of work experience available to Cosmacon customers.<\/p>\n<p>&nbsp;<\/p>\n\t<h1>Career of Rainer Kr\u00f6pke<\/h1>\n<p>Below you can see the individual stages of Rainer Kr\u00f6pke&#8217;s professional career to date:<\/p>\n<h5>2015 &#8211; today Owner Cosmacon GmbH<\/h5>\n<p>Services for the cosmetics industry<\/p>\n<h5>2013- 2015 Owner of RK Coaching &amp; Consulting e.K.<\/h5>\n<h5>2005- 2012 Laboratory Manager Creams<\/h5>\n<ul>\n<li>Product support NIVEA Creme\/NIVEA Soft Creme<\/li>\n<li>Product support Hansaplast Insect range<\/li>\n<li>Coordination of all patent activities of the function<\/li>\n<li>Coordination of all raw material tests of alternative suppliers for leave-on products of the function<\/li>\n<li>Coordination of all packaging tests for packaging relaunch 2009\/2013<\/li>\n<li>Co-development of a software tool for processing packaging inspections<\/li>\n<li><strong>Successes<\/strong>\n<ul>\n<li>Cost-cutting projects NIVEA Creams<\/li>\n<li>Co-development of a software tool for packaging material testing<\/li>\n<li>Coordination of all raw material tests of alternative suppliers for NIVEA products (leave-on) to reduce costs<\/li>\n<\/ul>\n<\/li>\n<\/ul>\n<h5>2001 &#8211; 2005 Technology Manager Skin Care Laboratory<\/h5>\n<ul>\n<li>Product support NIVEA Creme<\/li>\n<li>Product support NIVEA After Sun range<\/li>\n<li>Coordination of all patent activities of the department<\/li>\n<li>Development of repellent products for Hansaplast Insect<\/li>\n<li>Coordination of all packaging tests Body Relaunch 2006<\/li>\n<li><strong>Successes<\/strong>\n<ul>\n<li>Incorporation into biocide legislation as a basis for repellent products (Hansaplast Insect)<\/li>\n<li>Ensuring the effectiveness of repellent products in collaboration with the tropical institutes in London, Bern and Berlin<\/li>\n<li>Protection of the repellent technology through 18 patent applications<\/li>\n<\/ul>\n<\/li>\n<\/ul>\n<h5>1996 &#8211; 2001 Bench Chemist basic development cosmed<\/h5>\n<ul>\n<li>Development of modular formulations<\/li>\n<li>Evaluation of new raw materials<\/li>\n<li>Evaluation of new technologies\n<ul>\n<li>HIPE emulsions<\/li>\n<li>Mousse emulsions<\/li>\n<li>Heating emulsions<\/li>\n<\/ul>\n<\/li>\n<li>Patent support W\/O emulsions<\/li>\n<li>Development of lightweight W\/O sprays<\/li>\n<li><strong>Achievements<\/strong>\n<ul>\n<li>Protection of these new developments through 135 patents<\/li>\n<li>Reduction of development time by 6 months per product by providing 9 pool recipes<\/li>\n<li>Development of 3 new basic technologies<\/li>\n<\/ul>\n<\/li>\n<\/ul>\n<h5>1986-1996 Chemical laboratory technician, product development, light protection\/body\/aerosol laboratory<\/h5>\n<p>&nbsp;<\/p>\n<h5>Further training:<\/h5>\n<ul>\n<li>Project management for project managers<\/li>\n<li>Training as a systemic coach<\/li>\n<li>Developing and protecting patent\/product ideas<\/li>\n<li>Patent law China<\/li>\n<li>Patent law USA<\/li>\n<li>Strategies for patent infringements<\/li>\n<li>European patent strategies<\/li>\n<li>Patent portfolio management<\/li>\n<li>360\u00b0 feedback<\/li>\n<li>Problem Solving and Decision Making<\/li>\n<li>Interactions between packaging and contents<\/li>\n<li>Fundamentals of plastics chemistry<\/li>\n<li>Management theory 3-week modules<\/li>\n<li>Training as a psychological counselor\/personal coach<\/li>\n<li>Instructor aptitude test Hamburg Chamber of Industry and Commerce<\/li>\n<\/ul>\n\n","protected":false},"excerpt":{"rendered":"<p>Rainer Kr\u00f6pke Rainer Kr\u00f6pke is Managing Director and founder of Cosmacon GmbH. Since 2013, the trained chemical laboratory technician has been offering various services for the cosmetics industry in his own company. The focus of his work is on consulting and developing cosmetics of all kinds, including the development of high-quality natural cosmetics. Kr\u00f6pke also&hellip;<\/p>\n","protected":false},"author":1,"featured_media":0,"parent":201,"menu_order":3,"comment_status":"closed","ping_status":"closed","template":"","meta":{"footnotes":""},"class_list":["post-14786","page","type-page","status-publish","hentry"],"yoast_head":"<!-- This site is optimized with the Yoast SEO plugin v27.1.1 - https:\/\/yoast.com\/product\/yoast-seo-wordpress\/ -->\n<title>Rainer Kr\u00f6pke - Creams - Skin care - Patent experience - Cosmacon<\/title>\n<meta name=\"robots\" content=\"index, follow, max-snippet:-1, max-image-preview:large, max-video-preview:-1\" \/>\n<link rel=\"canonical\" href=\"https:\/\/www.cosmacon.de\/en\/ueber-mich\/rainer-kropke\/\" \/>\n<meta property=\"og:locale\" content=\"en_US\" \/>\n<meta property=\"og:type\" content=\"article\" \/>\n<meta property=\"og:title\" content=\"Rainer Kr\u00f6pke - Creams - Skin care - Patent experience - Cosmacon\" \/>\n<meta property=\"og:description\" content=\"Rainer Kr\u00f6pke Rainer Kr\u00f6pke is Managing Director and founder of Cosmacon GmbH. Since 2013, the trained chemical laboratory technician has been offering various services for the cosmetics industry in his own company. The focus of his work is on consulting and developing cosmetics of all kinds, including the development of high-quality natural cosmetics. Kr\u00f6pke also&hellip;\" \/>\n<meta property=\"og:url\" content=\"https:\/\/www.cosmacon.de\/en\/ueber-mich\/rainer-kropke\/\" \/>\n<meta property=\"og:site_name\" content=\"Cosmacon\" \/>\n<meta property=\"article:modified_time\" content=\"2024-05-31T10:07:30+00:00\" \/>\n<meta property=\"og:image\" content=\"https:\/\/www.cosmacon.de\/wp-content\/uploads\/2018\/01\/DSF8962-1-e1522066997621.jpg\" \/>\n<meta name=\"twitter:label1\" content=\"Est. reading time\" \/>\n\t<meta name=\"twitter:data1\" content=\"3 minutes\" \/>\n<script type=\"application\/ld+json\" class=\"yoast-schema-graph\">{\"@context\":\"https:\/\/schema.org\",\"@graph\":[{\"@type\":\"WebPage\",\"@id\":\"https:\/\/www.cosmacon.de\/en\/ueber-mich\/rainer-kropke\/\",\"url\":\"https:\/\/www.cosmacon.de\/en\/ueber-mich\/rainer-kropke\/\",\"name\":\"Rainer Kr\u00f6pke - Creams - Skin care - Patent experience - Cosmacon\",\"isPartOf\":{\"@id\":\"https:\/\/www.cosmacon.de\/#website\"},\"primaryImageOfPage\":{\"@id\":\"https:\/\/www.cosmacon.de\/en\/ueber-mich\/rainer-kropke\/#primaryimage\"},\"image\":{\"@id\":\"https:\/\/www.cosmacon.de\/en\/ueber-mich\/rainer-kropke\/#primaryimage\"},\"thumbnailUrl\":\"https:\/\/www.cosmacon.de\/wp-content\/uploads\/2018\/01\/DSF8962-1-e1522066997621.jpg\",\"datePublished\":\"2013-07-15T12:17:29+00:00\",\"dateModified\":\"2024-05-31T10:07:30+00:00\",\"breadcrumb\":{\"@id\":\"https:\/\/www.cosmacon.de\/en\/ueber-mich\/rainer-kropke\/#breadcrumb\"},\"inLanguage\":\"en-US\",\"potentialAction\":[{\"@type\":\"ReadAction\",\"target\":[\"https:\/\/www.cosmacon.de\/en\/ueber-mich\/rainer-kropke\/\"]}]},{\"@type\":\"ImageObject\",\"inLanguage\":\"en-US\",\"@id\":\"https:\/\/www.cosmacon.de\/en\/ueber-mich\/rainer-kropke\/#primaryimage\",\"url\":\"https:\/\/www.cosmacon.de\/wp-content\/uploads\/2018\/01\/DSF8962-1-e1522066997621.jpg\",\"contentUrl\":\"https:\/\/www.cosmacon.de\/wp-content\/uploads\/2018\/01\/DSF8962-1-e1522066997621.jpg\"},{\"@type\":\"BreadcrumbList\",\"@id\":\"https:\/\/www.cosmacon.de\/en\/ueber-mich\/rainer-kropke\/#breadcrumb\",\"itemListElement\":[{\"@type\":\"ListItem\",\"position\":1,\"name\":\"\u00dcber mich\",\"item\":\"https:\/\/www.cosmacon.de\/en\/ueber-mich\/\"},{\"@type\":\"ListItem\",\"position\":2,\"name\":\"Rainer Kr\u00f6pke\"}]},{\"@type\":\"WebSite\",\"@id\":\"https:\/\/www.cosmacon.de\/#website\",\"url\":\"https:\/\/www.cosmacon.de\/\",\"name\":\"Cosmacon\",\"description\":\"\",\"potentialAction\":[{\"@type\":\"SearchAction\",\"target\":{\"@type\":\"EntryPoint\",\"urlTemplate\":\"https:\/\/www.cosmacon.de\/?s={search_term_string}\"},\"query-input\":{\"@type\":\"PropertyValueSpecification\",\"valueRequired\":true,\"valueName\":\"search_term_string\"}}],\"inLanguage\":\"en-US\"}]}<\/script>\n<!-- \/ Yoast SEO plugin. -->","yoast_head_json":{"title":"Rainer Kr\u00f6pke - Creams - Skin care - Patent experience - Cosmacon","robots":{"index":"index","follow":"follow","max-snippet":"max-snippet:-1","max-image-preview":"max-image-preview:large","max-video-preview":"max-video-preview:-1"},"canonical":"https:\/\/www.cosmacon.de\/en\/ueber-mich\/rainer-kropke\/","og_locale":"en_US","og_type":"article","og_title":"Rainer Kr\u00f6pke - Creams - Skin care - Patent experience - Cosmacon","og_description":"Rainer Kr\u00f6pke Rainer Kr\u00f6pke is Managing Director and founder of Cosmacon GmbH. Since 2013, the trained chemical laboratory technician has been offering various services for the cosmetics industry in his own company. The focus of his work is on consulting and developing cosmetics of all kinds, including the development of high-quality natural cosmetics. Kr\u00f6pke also&hellip;","og_url":"https:\/\/www.cosmacon.de\/en\/ueber-mich\/rainer-kropke\/","og_site_name":"Cosmacon","article_modified_time":"2024-05-31T10:07:30+00:00","og_image":[{"url":"https:\/\/www.cosmacon.de\/wp-content\/uploads\/2018\/01\/DSF8962-1-e1522066997621.jpg","type":"","width":"","height":""}],"twitter_misc":{"Est. reading time":"3 minutes"},"schema":{"@context":"https:\/\/schema.org","@graph":[{"@type":"WebPage","@id":"https:\/\/www.cosmacon.de\/en\/ueber-mich\/rainer-kropke\/","url":"https:\/\/www.cosmacon.de\/en\/ueber-mich\/rainer-kropke\/","name":"Rainer Kr\u00f6pke - Creams - Skin care - Patent experience - Cosmacon","isPartOf":{"@id":"https:\/\/www.cosmacon.de\/#website"},"primaryImageOfPage":{"@id":"https:\/\/www.cosmacon.de\/en\/ueber-mich\/rainer-kropke\/#primaryimage"},"image":{"@id":"https:\/\/www.cosmacon.de\/en\/ueber-mich\/rainer-kropke\/#primaryimage"},"thumbnailUrl":"https:\/\/www.cosmacon.de\/wp-content\/uploads\/2018\/01\/DSF8962-1-e1522066997621.jpg","datePublished":"2013-07-15T12:17:29+00:00","dateModified":"2024-05-31T10:07:30+00:00","breadcrumb":{"@id":"https:\/\/www.cosmacon.de\/en\/ueber-mich\/rainer-kropke\/#breadcrumb"},"inLanguage":"en-US","potentialAction":[{"@type":"ReadAction","target":["https:\/\/www.cosmacon.de\/en\/ueber-mich\/rainer-kropke\/"]}]},{"@type":"ImageObject","inLanguage":"en-US","@id":"https:\/\/www.cosmacon.de\/en\/ueber-mich\/rainer-kropke\/#primaryimage","url":"https:\/\/www.cosmacon.de\/wp-content\/uploads\/2018\/01\/DSF8962-1-e1522066997621.jpg","contentUrl":"https:\/\/www.cosmacon.de\/wp-content\/uploads\/2018\/01\/DSF8962-1-e1522066997621.jpg"},{"@type":"BreadcrumbList","@id":"https:\/\/www.cosmacon.de\/en\/ueber-mich\/rainer-kropke\/#breadcrumb","itemListElement":[{"@type":"ListItem","position":1,"name":"\u00dcber mich","item":"https:\/\/www.cosmacon.de\/en\/ueber-mich\/"},{"@type":"ListItem","position":2,"name":"Rainer Kr\u00f6pke"}]},{"@type":"WebSite","@id":"https:\/\/www.cosmacon.de\/#website","url":"https:\/\/www.cosmacon.de\/","name":"Cosmacon","description":"","potentialAction":[{"@type":"SearchAction","target":{"@type":"EntryPoint","urlTemplate":"https:\/\/www.cosmacon.de\/?s={search_term_string}"},"query-input":{"@type":"PropertyValueSpecification","valueRequired":true,"valueName":"search_term_string"}}],"inLanguage":"en-US"}]}},"_links":{"self":[{"href":"https:\/\/www.cosmacon.de\/en\/wp-json\/wp\/v2\/pages\/14786","targetHints":{"allow":["GET"]}}],"collection":[{"href":"https:\/\/www.cosmacon.de\/en\/wp-json\/wp\/v2\/pages"}],"about":[{"href":"https:\/\/www.cosmacon.de\/en\/wp-json\/wp\/v2\/types\/page"}],"author":[{"embeddable":true,"href":"https:\/\/www.cosmacon.de\/en\/wp-json\/wp\/v2\/users\/1"}],"replies":[{"embeddable":true,"href":"https:\/\/www.cosmacon.de\/en\/wp-json\/wp\/v2\/comments?post=14786"}],"version-history":[{"count":2,"href":"https:\/\/www.cosmacon.de\/en\/wp-json\/wp\/v2\/pages\/14786\/revisions"}],"predecessor-version":[{"id":14905,"href":"https:\/\/www.cosmacon.de\/en\/wp-json\/wp\/v2\/pages\/14786\/revisions\/14905"}],"up":[{"embeddable":true,"href":"https:\/\/www.cosmacon.de\/en\/wp-json\/wp\/v2\/pages\/201"}],"wp:attachment":[{"href":"https:\/\/www.cosmacon.de\/en\/wp-json\/wp\/v2\/media?parent=14786"}],"curies":[{"name":"wp","href":"https:\/\/api.w.org\/{rel}","templated":true}]}}