{"id":14785,"date":"2024-05-29T10:04:19","date_gmt":"2024-05-29T09:04:19","guid":{"rendered":"https:\/\/test.cosmacon.de\/ueber-mich\/our-laboratory\/"},"modified":"2024-06-05T13:27:33","modified_gmt":"2024-06-05T12:27:33","slug":"our-laboratory","status":"publish","type":"page","link":"https:\/\/www.cosmacon.de\/en\/ueber-mich\/our-laboratory\/","title":{"rendered":"Our laboratory"},"content":{"rendered":"\n<h1>\n\t\tUnser Labor\n\t<\/h1>\n\t<p>Wir unterst\u00fctzen Sie bei der Entwicklung von qualitativ hochwertigen Rezepturen oder Screenings von Rohstoffen. Zu unseren Leistungen geh\u00f6rt es zum Beispiel, ganze Kosmetikserien mit aktuellen Rohstoffen in enger Abstimmung mit unseren Kunden zu entwickeln. Dabei \u00fcbernehmen wir auch eine Reihe von Stabilit\u00e4ts- und orientierenden Wirksamkeitspr\u00fcfungen.<\/p>\n\t\t\t\t<img loading=\"lazy\" decoding=\"async\" src=\"https:\/\/www.cosmacon.de\/wp-content\/uploads\/2018\/01\/DSF9312-1.jpg\" alt=\"_DSF9312-1\" itemprop=\"image\" height=\"790\" width=\"1404\" title=\"_DSF9312-1\" onerror=\"this.style.display='none'\"  \/>\n\t<p>In unserem modernen Anwendungslabor nutzen wir unsere Expertise zu Rohstoffen, um daraus Rahmenrezepturen zusammenzustellen. Wir sind unabh\u00e4ngig und keinem Lieferanten verpflichtet. Dadurch k\u00f6nnen wir immer den f\u00fcr Sie optimalen Rohstoff anbieten. Wenn der Wunsch besteht, arbeiten wir auch mit den Laboren unserer Kunden zusammen (Lab-to-Lab Unterst\u00fctzung) oder kooperieren mit den Anwendungslaboren unserer Rohstofflieferanten. Auf diese Weise sind unsere Ressourcen nahezu unersch\u00f6pflich.<\/p>\n<h3>Ausstattung<\/h3>\n<p>Unser Labor ist ausgestattet mit modernem Equipment und bietet Raum f\u00fcr zahlreiche kosmetische Tests:<\/p>\n<ul>\n<li>Pulver-Mischmaschine bis 5 Kg<\/li>\n<li>Sensorische Untersuchungen, rheologische Untersuchungen (Viskosit\u00e4ten, Stabilit\u00e4tspr\u00fcfungen)<\/li>\n<li>Schaukel- und Lagertests in programmierf\u00e4higen Klimakammern<\/li>\n<li>Lichtmikroskopische Untersuchungen, zum Beispiel zur Kontrolle von Dispersionen und Emulsionen<\/li>\n<li>Silverson-Mischer L5M mit Standard und Duplex f\u00fcr Ansatzgr\u00f6\u00dfen bis zw\u00f6lf Kilogramm<\/li>\n<li>UltraTurrax T25 Digital, UltraTurrax T25 Easy Clean, \u00a0 IKA-R\u00fchrwerk Eurostar 60 control<\/li>\n<li>pH-Meter Five Easy (Mettler Toledo)<\/li>\n<li>Farbmessger\u00e4t NR 145<\/li>\n<\/ul>\n<p>&nbsp;<\/p>\n\n","protected":false},"excerpt":{"rendered":"<p>Unser Labor Wir unterst\u00fctzen Sie bei der Entwicklung von qualitativ hochwertigen Rezepturen oder Screenings von Rohstoffen. Zu unseren Leistungen geh\u00f6rt es zum Beispiel, ganze Kosmetikserien mit aktuellen Rohstoffen in enger Abstimmung mit unseren Kunden zu entwickeln. Dabei \u00fcbernehmen wir auch eine Reihe von Stabilit\u00e4ts- und orientierenden Wirksamkeitspr\u00fcfungen. In unserem modernen Anwendungslabor nutzen wir unsere Expertise&hellip;<\/p>\n","protected":false},"author":2,"featured_media":0,"parent":201,"menu_order":4,"comment_status":"closed","ping_status":"closed","template":"","meta":{"footnotes":""},"class_list":["post-14785","page","type-page","status-publish","hentry"],"yoast_head":"<!-- This site is optimized with the Yoast SEO plugin v27.1.1 - https:\/\/yoast.com\/product\/yoast-seo-wordpress\/ -->\n<title>Our laboratory - Silverson L5M - Lab-to-Lab - Cosmacon<\/title>\n<meta name=\"robots\" content=\"index, follow, max-snippet:-1, max-image-preview:large, max-video-preview:-1\" \/>\n<link rel=\"canonical\" href=\"https:\/\/www.cosmacon.de\/en\/ueber-mich\/our-laboratory\/\" \/>\n<meta property=\"og:locale\" content=\"en_US\" \/>\n<meta property=\"og:type\" content=\"article\" \/>\n<meta property=\"og:title\" content=\"Our laboratory - Silverson L5M - Lab-to-Lab - Cosmacon\" \/>\n<meta property=\"og:description\" content=\"Unser Labor Wir unterst\u00fctzen Sie bei der Entwicklung von qualitativ hochwertigen Rezepturen oder Screenings von Rohstoffen. Zu unseren Leistungen geh\u00f6rt es zum Beispiel, ganze Kosmetikserien mit aktuellen Rohstoffen in enger Abstimmung mit unseren Kunden zu entwickeln. Dabei \u00fcbernehmen wir auch eine Reihe von Stabilit\u00e4ts- und orientierenden Wirksamkeitspr\u00fcfungen. In unserem modernen Anwendungslabor nutzen wir unsere Expertise&hellip;\" \/>\n<meta property=\"og:url\" content=\"https:\/\/www.cosmacon.de\/en\/ueber-mich\/our-laboratory\/\" \/>\n<meta property=\"og:site_name\" content=\"Cosmacon\" \/>\n<meta property=\"article:modified_time\" content=\"2024-06-05T12:27:33+00:00\" \/>\n<meta property=\"og:image\" content=\"https:\/\/www.cosmacon.de\/wp-content\/uploads\/2018\/01\/DSF9312-1.jpg\" \/>\n<meta name=\"twitter:label1\" content=\"Est. reading time\" \/>\n\t<meta name=\"twitter:data1\" content=\"1 minute\" \/>\n<script type=\"application\/ld+json\" class=\"yoast-schema-graph\">{\"@context\":\"https:\/\/schema.org\",\"@graph\":[{\"@type\":\"WebPage\",\"@id\":\"https:\/\/www.cosmacon.de\/en\/ueber-mich\/our-laboratory\/\",\"url\":\"https:\/\/www.cosmacon.de\/en\/ueber-mich\/our-laboratory\/\",\"name\":\"Our laboratory - Silverson L5M - Lab-to-Lab - Cosmacon\",\"isPartOf\":{\"@id\":\"https:\/\/www.cosmacon.de\/#website\"},\"primaryImageOfPage\":{\"@id\":\"https:\/\/www.cosmacon.de\/en\/ueber-mich\/our-laboratory\/#primaryimage\"},\"image\":{\"@id\":\"https:\/\/www.cosmacon.de\/en\/ueber-mich\/our-laboratory\/#primaryimage\"},\"thumbnailUrl\":\"https:\/\/www.cosmacon.de\/wp-content\/uploads\/2018\/01\/DSF9312-1.jpg\",\"datePublished\":\"2024-05-29T09:04:19+00:00\",\"dateModified\":\"2024-06-05T12:27:33+00:00\",\"breadcrumb\":{\"@id\":\"https:\/\/www.cosmacon.de\/en\/ueber-mich\/our-laboratory\/#breadcrumb\"},\"inLanguage\":\"en-US\",\"potentialAction\":[{\"@type\":\"ReadAction\",\"target\":[\"https:\/\/www.cosmacon.de\/en\/ueber-mich\/our-laboratory\/\"]}]},{\"@type\":\"ImageObject\",\"inLanguage\":\"en-US\",\"@id\":\"https:\/\/www.cosmacon.de\/en\/ueber-mich\/our-laboratory\/#primaryimage\",\"url\":\"https:\/\/www.cosmacon.de\/wp-content\/uploads\/2018\/01\/DSF9312-1.jpg\",\"contentUrl\":\"https:\/\/www.cosmacon.de\/wp-content\/uploads\/2018\/01\/DSF9312-1.jpg\"},{\"@type\":\"BreadcrumbList\",\"@id\":\"https:\/\/www.cosmacon.de\/en\/ueber-mich\/our-laboratory\/#breadcrumb\",\"itemListElement\":[{\"@type\":\"ListItem\",\"position\":1,\"name\":\"\u00dcber mich\",\"item\":\"https:\/\/www.cosmacon.de\/en\/ueber-mich\/\"},{\"@type\":\"ListItem\",\"position\":2,\"name\":\"Our laboratory\"}]},{\"@type\":\"WebSite\",\"@id\":\"https:\/\/www.cosmacon.de\/#website\",\"url\":\"https:\/\/www.cosmacon.de\/\",\"name\":\"Cosmacon\",\"description\":\"\",\"potentialAction\":[{\"@type\":\"SearchAction\",\"target\":{\"@type\":\"EntryPoint\",\"urlTemplate\":\"https:\/\/www.cosmacon.de\/?s={search_term_string}\"},\"query-input\":{\"@type\":\"PropertyValueSpecification\",\"valueRequired\":true,\"valueName\":\"search_term_string\"}}],\"inLanguage\":\"en-US\"}]}<\/script>\n<!-- \/ Yoast SEO plugin. -->","yoast_head_json":{"title":"Our laboratory - Silverson L5M - Lab-to-Lab - Cosmacon","robots":{"index":"index","follow":"follow","max-snippet":"max-snippet:-1","max-image-preview":"max-image-preview:large","max-video-preview":"max-video-preview:-1"},"canonical":"https:\/\/www.cosmacon.de\/en\/ueber-mich\/our-laboratory\/","og_locale":"en_US","og_type":"article","og_title":"Our laboratory - Silverson L5M - Lab-to-Lab - Cosmacon","og_description":"Unser Labor Wir unterst\u00fctzen Sie bei der Entwicklung von qualitativ hochwertigen Rezepturen oder Screenings von Rohstoffen. Zu unseren Leistungen geh\u00f6rt es zum Beispiel, ganze Kosmetikserien mit aktuellen Rohstoffen in enger Abstimmung mit unseren Kunden zu entwickeln. Dabei \u00fcbernehmen wir auch eine Reihe von Stabilit\u00e4ts- und orientierenden Wirksamkeitspr\u00fcfungen. In unserem modernen Anwendungslabor nutzen wir unsere Expertise&hellip;","og_url":"https:\/\/www.cosmacon.de\/en\/ueber-mich\/our-laboratory\/","og_site_name":"Cosmacon","article_modified_time":"2024-06-05T12:27:33+00:00","og_image":[{"url":"https:\/\/www.cosmacon.de\/wp-content\/uploads\/2018\/01\/DSF9312-1.jpg","type":"","width":"","height":""}],"twitter_misc":{"Est. reading time":"1 minute"},"schema":{"@context":"https:\/\/schema.org","@graph":[{"@type":"WebPage","@id":"https:\/\/www.cosmacon.de\/en\/ueber-mich\/our-laboratory\/","url":"https:\/\/www.cosmacon.de\/en\/ueber-mich\/our-laboratory\/","name":"Our laboratory - Silverson L5M - Lab-to-Lab - Cosmacon","isPartOf":{"@id":"https:\/\/www.cosmacon.de\/#website"},"primaryImageOfPage":{"@id":"https:\/\/www.cosmacon.de\/en\/ueber-mich\/our-laboratory\/#primaryimage"},"image":{"@id":"https:\/\/www.cosmacon.de\/en\/ueber-mich\/our-laboratory\/#primaryimage"},"thumbnailUrl":"https:\/\/www.cosmacon.de\/wp-content\/uploads\/2018\/01\/DSF9312-1.jpg","datePublished":"2024-05-29T09:04:19+00:00","dateModified":"2024-06-05T12:27:33+00:00","breadcrumb":{"@id":"https:\/\/www.cosmacon.de\/en\/ueber-mich\/our-laboratory\/#breadcrumb"},"inLanguage":"en-US","potentialAction":[{"@type":"ReadAction","target":["https:\/\/www.cosmacon.de\/en\/ueber-mich\/our-laboratory\/"]}]},{"@type":"ImageObject","inLanguage":"en-US","@id":"https:\/\/www.cosmacon.de\/en\/ueber-mich\/our-laboratory\/#primaryimage","url":"https:\/\/www.cosmacon.de\/wp-content\/uploads\/2018\/01\/DSF9312-1.jpg","contentUrl":"https:\/\/www.cosmacon.de\/wp-content\/uploads\/2018\/01\/DSF9312-1.jpg"},{"@type":"BreadcrumbList","@id":"https:\/\/www.cosmacon.de\/en\/ueber-mich\/our-laboratory\/#breadcrumb","itemListElement":[{"@type":"ListItem","position":1,"name":"\u00dcber mich","item":"https:\/\/www.cosmacon.de\/en\/ueber-mich\/"},{"@type":"ListItem","position":2,"name":"Our laboratory"}]},{"@type":"WebSite","@id":"https:\/\/www.cosmacon.de\/#website","url":"https:\/\/www.cosmacon.de\/","name":"Cosmacon","description":"","potentialAction":[{"@type":"SearchAction","target":{"@type":"EntryPoint","urlTemplate":"https:\/\/www.cosmacon.de\/?s={search_term_string}"},"query-input":{"@type":"PropertyValueSpecification","valueRequired":true,"valueName":"search_term_string"}}],"inLanguage":"en-US"}]}},"_links":{"self":[{"href":"https:\/\/www.cosmacon.de\/en\/wp-json\/wp\/v2\/pages\/14785","targetHints":{"allow":["GET"]}}],"collection":[{"href":"https:\/\/www.cosmacon.de\/en\/wp-json\/wp\/v2\/pages"}],"about":[{"href":"https:\/\/www.cosmacon.de\/en\/wp-json\/wp\/v2\/types\/page"}],"author":[{"embeddable":true,"href":"https:\/\/www.cosmacon.de\/en\/wp-json\/wp\/v2\/users\/2"}],"replies":[{"embeddable":true,"href":"https:\/\/www.cosmacon.de\/en\/wp-json\/wp\/v2\/comments?post=14785"}],"version-history":[{"count":1,"href":"https:\/\/www.cosmacon.de\/en\/wp-json\/wp\/v2\/pages\/14785\/revisions"}],"predecessor-version":[{"id":14879,"href":"https:\/\/www.cosmacon.de\/en\/wp-json\/wp\/v2\/pages\/14785\/revisions\/14879"}],"up":[{"embeddable":true,"href":"https:\/\/www.cosmacon.de\/en\/wp-json\/wp\/v2\/pages\/201"}],"wp:attachment":[{"href":"https:\/\/www.cosmacon.de\/en\/wp-json\/wp\/v2\/media?parent=14785"}],"curies":[{"name":"wp","href":"https:\/\/api.w.org\/{rel}","templated":true}]}}