{"id":12758,"date":"2023-02-06T08:50:19","date_gmt":"2023-02-06T07:50:19","guid":{"rendered":"https:\/\/www.cosmacon.de\/?page_id=12758"},"modified":"2023-02-06T08:50:19","modified_gmt":"2023-02-06T07:50:19","slug":"schisandra","status":"publish","type":"page","link":"https:\/\/www.cosmacon.de\/en\/schisandra\/","title":{"rendered":"Schisandra"},"content":{"rendered":"<p><img loading=\"lazy\" decoding=\"async\" class=\"alignright wp-image-9044\" src=\"https:\/\/www.cosmacon.de\/wp-content\/uploads\/2019\/05\/Beerentraube-702x527.jpg\" alt=\"Schisandra, Chinese magnolia-vine\" width=\"550\" height=\"413\" srcset=\"https:\/\/www.cosmacon.de\/wp-content\/uploads\/2019\/05\/Beerentraube-702x527.jpg 702w, https:\/\/www.cosmacon.de\/wp-content\/uploads\/2019\/05\/Beerentraube-1404x1053.jpg 1404w, https:\/\/www.cosmacon.de\/wp-content\/uploads\/2019\/05\/Beerentraube-150x113.jpg 150w, https:\/\/www.cosmacon.de\/wp-content\/uploads\/2019\/05\/Beerentraube-768x576.jpg 768w, https:\/\/www.cosmacon.de\/wp-content\/uploads\/2019\/05\/Beerentraube-1536x1152.jpg 1536w, https:\/\/www.cosmacon.de\/wp-content\/uploads\/2019\/05\/Beerentraube-2048x1536.jpg 2048w\" sizes=\"auto, (max-width: 550px) 100vw, 550px\" \/><\/p>\n<p>Schisandra (Chinese: Wu Wei Zi) is a plant species of the star anise family and originates from China. In the meantime, however, it can also be found in Korea and Japan. Schisandra was used as early as the late Han Dynasty (206 B.C. to 220 A.D.).<\/p>\n<p>The deciduous climbing plant can reach growth heights of up to eight meters and forms many pink to red fruits that grow in dense clusters and ripen between July and September. They are also called &#8220;berries of the five tastes&#8221; because they combine all five classic tastes, i.e. sweet, sour, spicy, bitter and salty. However, in the textbooks of Traditional Chinese Medicine, the berries are officially classified as sour. Basically, both the ripe dried berries (Schisandrae fructus) and the seeds and dried leaves (Folia Schisandrae) can be used. Notable side effects are not known so far, but Chinese grape berry should not be taken in case of internal heat. In isolated cases, it may cause heartburn when used internally.<\/p>\n<p>&nbsp;<\/p>\n<h3>Schisandra and its use in Traditional Chinese Medicine<\/h3>\n<p>Schisandra is a well-established medicinal plant in China for a wide variety of health ailments. Its main uses include liver weakness, signs of aging, and general debility. However, Schisandra also helps with common ailments such as diabetes, fatigue, burnout syndrome and anxiety. Other indications include colds, coughs and asthma, heart palpitations, exhaustion, insomnia and eczema, as well as poor concentration, stress, forgetfulness, fatigue, skin inflammation\/rash, diarrhea and libido weakness. Studies by vascular specialist Andrew Chevallier (Middlesex University) showed that the ingredients act like a quick cleanse for the vascular system. The berry grape is also said to help against cancer. However, conclusive studies are still missing for it.<\/p>\n<p>The healing effect is described among other things as blood-purifying, regenerating, strengthening and antispasmodic. In addition, the medicinal plant is said to have both aphrodisiac and balancing properties.<\/p>\n<p>Schisandra is rich in essential oil. Also contained are <strong>lignans (phytohormones), minerals and vitamins<\/strong>, with<a href=\"https:\/\/www.cosmacon.de\/en\/l-ascorbic-acid\/\" target=\"_blank\" rel=\"noopener\"><strong> vitamin C<\/strong><\/a> being particularly high. The leaves and seeds also contain the ingredient schisandrin. Schisandra is mostly used as a tea made from dried berries. However, consumption of the dried berries is also common. Since neither berries nor leaves are toxic, Schisandra can be safely chewed. However, ingestion or consumption should be discontinued for a while after six weeks to avoid a habituation effect.<\/p>\n<p>&nbsp;<\/p>\n<h3>The Chinese magnolia-vine in cosmetics<\/h3>\n<p>Schisandra is also becoming increasingly important in cosmetics. For example, the extract from the Chinese berry grape is able to help aged <strong>skin regain its firmness<\/strong>. In this context, the focus is primarily on stimulating the synthesis of collagen XVII and ladinin-1. These are two extremely important molecules of the dermo-epidermal junction. They are responsible for tension between the dermis and epidermis and for cohesion. In vitro tests have shown that Schisandra or its extract increases ladinin-1 synthesis by 3.5-fold and collagen XVII synthesis by as much as 6.0-fold.<\/p>\n<p>In studies, the increase in the expression of the genes responsible for the production of collagen XVII and ladinin-1 could be proven by investigations on gene chips. Thus, it is clear that Schisandra can effectively strengthen age-related reduced dermal-epidermal dynamic cohesion. This is also proven by an in vivo study involving 17 women who had already reached the age of 60. A cream containing 0.3 percent Schisandra clearly increased skin elasticity and skin firmness by 28 percent after 56 days, with the cream being applied twice daily. Schisandra is also very suitable for skin soothing and special care for sensitive, stressed skin.<\/p>\n<p>It should also be mentioned that the oil-soluble active ingredients are 100 percent organic. The Chinese berry grape is also free of preservatives.<\/p>\n<p>&nbsp;<\/p>\n<p><strong>Fact Sheet Schisandra <\/strong><\/p>\n<p>Alternative names: magnolia-vine, Chinese magnolia-vine, schisandra chinensis<\/p>\n<p>Scientific name: Schisandra<\/p>\n<p>INCI: Schizandra Chinensis Fruit Extract<\/p>\n<p>German name of the extract: Schizandra Chinensis Berry Extract<\/p>\n<p>CAS number: 223748-53-6<\/p>\n<p>Ingredients: Lignans (phytohormones): Schizandrin, gomisin, essential oil, deoxyschizandrin, minerals, vitamins<\/p>\n<p>&nbsp;<\/p>\n<p><strong>We like to work with raw materials containing Schizandra Chinensis:<\/strong><\/p>\n\n<table id=\"tablepress-276\" class=\"tablepress tablepress-id-276\">\n<thead>\n<tr class=\"row-1\">\n\t<th class=\"column-1\">Trade Name<\/th><th class=\"column-2\">Company Name<\/th><th class=\"column-3\">INCI <\/th><th class=\"column-4\">Comment<\/th>\n<\/tr>\n<\/thead>\n<tbody class=\"row-striping row-hover\">\n<tr class=\"row-2\">\n\t<td class=\"column-1\">SCHISANDRA BERRY EXTRACT 5:1<\/td><td class=\"column-2\">Bio-Botanica, Inc.<\/td><td class=\"column-3\">Propylene Glycol, Schisandra Chinensis Fruit Extract<\/td><td class=\"column-4\"><\/td>\n<\/tr>\n<tr class=\"row-3\">\n\t<td class=\"column-1\">Schisandra Berry Extract - Phytobasic<\/td><td class=\"column-2\">Bio-Botanica, Inc.<\/td><td class=\"column-3\">Butylene Glycol, Schisandra Chinensis Fruit Extract<\/td><td class=\"column-4\"><\/td>\n<\/tr>\n<tr class=\"row-4\">\n\t<td class=\"column-1\">Schisandra Fruit CO2-to extract, Variety Chinensis - 164.003<\/td><td class=\"column-2\">Flavex Naturextrakte GmbH<\/td><td class=\"column-3\">Schisandra Chinensis Fruit Extract<\/td><td class=\"column-4\"><\/td>\n<\/tr>\n<tr class=\"row-5\">\n\t<td class=\"column-1\">SG-Omija Extract<\/td><td class=\"column-2\">CoSeedBioPharm Co., Ltd.<\/td><td class=\"column-3\">Butylene Glycol, Schisandra Chinensis Fruit Extract<\/td><td class=\"column-4\"><\/td>\n<\/tr>\n<tr class=\"row-6\">\n\t<td class=\"column-1\">Sqisandryl LS 9905<\/td><td class=\"column-2\">BASF<\/td><td class=\"column-3\">Schisandra Chinensis Fruit Extract<\/td><td class=\"column-4\"><\/td>\n<\/tr>\n<tr class=\"row-7\">\n\t<td class=\"column-1\">URBALYS<\/td><td class=\"column-2\">Greentech<\/td><td class=\"column-3\">Propanediol, Aqua, Schisandra Chinensis Fruit Extract<\/td><td class=\"column-4\"><\/td>\n<\/tr>\n<\/tbody>\n<\/table>\n<!-- #tablepress-276 from cache -->\n<p>&nbsp;<\/p>\n<h3>The Chinese magnolia-vine: a natural and very effective active ingredient for anti-aging products<\/h3>\n<p>In traditional Chinese medicine, this ancient medicinal plant has been firmly established for more than 2000 years, and for some time now it has also been making itself indispensable in sophisticated cosmetics. It plays a particularly important role in anti-wrinkle products. As described above, the cosmetic effect in the anti-aging area has already been proven by extensive studies and tests. In addition, the extract reduces oxidative stress and soothes the skin, so that even sensitive skin types benefit from it. For a natural plus in resilience and youthful radiance, Schizandra Chinensis Fruit Extract is therefore an optimal choice.<a href=\"https:\/\/www.cosmacon.de\/en\/contact\/enquiry\/\" target=\"_blank\" rel=\"noopener\"> Cosmacon will be happy to develop high-quality formulations for you that meet your needs.<\/a><\/p>\n<p>&nbsp;<\/p>\n<p>&nbsp;<\/p>\n<p><strong>Sources:\u00a0<\/strong><\/p>\n<p><a class=\"docsum-title\" href=\"https:\/\/pubmed.ncbi.nlm.nih.gov\/33919588\/\" target=\"_blank\" rel=\"noopener\" data-ga-category=\"result_click\" data-ga-action=\"1\" data-ga-label=\"33919588\" data-full-article-url=\"from_term=Schizandra+Chinensis+Fruit+Extract&amp;from_filter=simsearch2.ffrft&amp;from_filter=datesearch.y_10&amp;from_pos=1\" data-article-id=\"33919588\">Antioxidant Effects of\u00a0<em>Schisandra\u00a0chinensis<\/em>\u00a0Fruits and Their Active Constituents.;\u00a0<\/a><span class=\"docsum-authors full-authors\">Kopustinskiene DM, Bernatoniene J.<\/span><span class=\"docsum-journal-citation full-journal-citation\">Antioxidants (Basel). 2021 Apr 18;10(4):620.<\/span><\/p>\n<p><a class=\"docsum-title\" href=\"https:\/\/pubmed.ncbi.nlm.nih.gov\/28424569\/\" target=\"_blank\" rel=\"noopener\" data-ga-category=\"result_click\" data-ga-action=\"1\" data-ga-label=\"28424569\" data-full-article-url=\"from_term=Schizandra+Chinensis+Fruit+Extract+and+cosmetics&amp;from_filter=simsearch2.ffrft&amp;from_filter=datesearch.y_10&amp;from_pos=1\" data-article-id=\"28424569\">Current knowledge of\u00a0<em>Schisandra\u00a0chinensis<\/em>\u00a0(Turcz.) Baill. (Chinese magnolia vine) as a medicinal plant species: a review on the bioactive components, pharmacological properties, analytical and biotechnological studies.;\u00a0<\/a><span class=\"docsum-authors full-authors\">Szopa A, Ekiert R, Ekiert H.<\/span><span class=\"docsum-journal-citation full-journal-citation\">Phytochem Rev. 2017;16(2):195-218.\u00a0<\/span><\/p>\n<p><a class=\"docsum-title\" href=\"https:\/\/pubmed.ncbi.nlm.nih.gov\/36558009\/\" target=\"_blank\" rel=\"noopener\" data-ga-category=\"result_click\" data-ga-action=\"1\" data-ga-label=\"36558009\" data-full-article-url=\"from_term=Schizandra+Chinensis+and+cosmetics&amp;from_filter=simsearch2.ffrft&amp;from_filter=datesearch.y_10&amp;from_pos=1\" data-article-id=\"36558009\">Evaluation of the Antioxidant, Cytoprotective and Antityrosinase Effects of\u00a0<em>Schisandra\u00a0chinensis<\/em>\u00a0Extracts and Their Applicability in Skin Care Product.;\u00a0<\/a><span class=\"docsum-authors full-authors\">Zag\u00f3rska-Dziok M, W\u00f3jciak M, Ziemlewska A, Nizio\u0142-\u0141ukaszewska Z, Hoian U, Klimczak K, Szczepanek D, Sowa I.<\/span><span class=\"docsum-journal-citation full-journal-citation\">Molecules. 2022 Dec 14;27(24):8877.<\/span><\/p>\n<p><a class=\"docsum-title\" href=\"https:\/\/pubmed.ncbi.nlm.nih.gov\/34764664\/\" target=\"_blank\" rel=\"noopener\" data-ga-category=\"result_click\" data-ga-action=\"6\" data-ga-label=\"34764664\" data-full-article-url=\"from_term=Schizandra+Chinensis+and+cosmetics&amp;from_filter=simsearch2.ffrft&amp;from_filter=datesearch.y_10&amp;from_pos=6\" data-article-id=\"34764664\">A Study on the Fabrication of an Effective Natural Substance Based on\u00a0<em>Schisandra\u00a0chinensis<\/em>\u00a0Extracted Fermentation.;\u00a0<\/a><span class=\"docsum-authors full-authors\">Nguyen CT, Han JM, Tran VH, Jeong H, Kim ES.<\/span><span class=\"docsum-journal-citation full-journal-citation\">Clin Cosmet Investig Dermatol. 2021 Nov 2;14:1603-1612.<\/span><\/p>\n","protected":false},"excerpt":{"rendered":"<p>Schisandra (Chinese: Wu Wei Zi) is a plant species of the star anise family and originates from China. In the meantime, however, it can also be found in Korea and Japan. Schisandra was used as early as the late Han Dynasty (206 B.C. to 220 A.D.). The deciduous climbing plant can reach growth heights of&hellip;<\/p>\n","protected":false},"author":2,"featured_media":0,"parent":0,"menu_order":0,"comment_status":"closed","ping_status":"closed","template":"","meta":{"footnotes":""},"class_list":["post-12758","page","type-page","status-publish","hentry"],"yoast_head":"<!-- This site is optimized with the Yoast SEO plugin v27.1.1 - https:\/\/yoast.com\/product\/yoast-seo-wordpress\/ -->\n<title>Schisandra Chinensis - Chinese Magnolia-Vine - Cosmacon<\/title>\n<meta name=\"robots\" content=\"index, follow, max-snippet:-1, max-image-preview:large, max-video-preview:-1\" \/>\n<link rel=\"canonical\" href=\"https:\/\/www.cosmacon.de\/en\/schisandra\/\" \/>\n<meta property=\"og:locale\" content=\"en_US\" \/>\n<meta property=\"og:type\" content=\"article\" \/>\n<meta property=\"og:title\" content=\"Schisandra Chinensis - Chinese Magnolia-Vine - Cosmacon\" \/>\n<meta property=\"og:description\" content=\"Schisandra (Chinese: Wu Wei Zi) is a plant species of the star anise family and originates from China. In the meantime, however, it can also be found in Korea and Japan. Schisandra was used as early as the late Han Dynasty (206 B.C. to 220 A.D.). The deciduous climbing plant can reach growth heights of&hellip;\" \/>\n<meta property=\"og:url\" content=\"https:\/\/www.cosmacon.de\/en\/schisandra\/\" \/>\n<meta property=\"og:site_name\" content=\"Cosmacon\" \/>\n<meta property=\"og:image\" content=\"https:\/\/www.cosmacon.de\/wp-content\/uploads\/2019\/05\/Beerentraube-702x527.jpg\" \/>\n<meta name=\"twitter:label1\" content=\"Est. reading time\" \/>\n\t<meta name=\"twitter:data1\" content=\"5 minutes\" \/>\n<script type=\"application\/ld+json\" class=\"yoast-schema-graph\">{\"@context\":\"https:\/\/schema.org\",\"@graph\":[{\"@type\":\"WebPage\",\"@id\":\"https:\/\/www.cosmacon.de\/en\/schisandra\/\",\"url\":\"https:\/\/www.cosmacon.de\/en\/schisandra\/\",\"name\":\"Schisandra Chinensis - Chinese Magnolia-Vine - Cosmacon\",\"isPartOf\":{\"@id\":\"https:\/\/www.cosmacon.de\/#website\"},\"primaryImageOfPage\":{\"@id\":\"https:\/\/www.cosmacon.de\/en\/schisandra\/#primaryimage\"},\"image\":{\"@id\":\"https:\/\/www.cosmacon.de\/en\/schisandra\/#primaryimage\"},\"thumbnailUrl\":\"https:\/\/www.cosmacon.de\/wp-content\/uploads\/2019\/05\/Beerentraube-702x527.jpg\",\"datePublished\":\"2023-02-06T07:50:19+00:00\",\"inLanguage\":\"en-US\",\"potentialAction\":[{\"@type\":\"ReadAction\",\"target\":[\"https:\/\/www.cosmacon.de\/en\/schisandra\/\"]}]},{\"@type\":\"ImageObject\",\"inLanguage\":\"en-US\",\"@id\":\"https:\/\/www.cosmacon.de\/en\/schisandra\/#primaryimage\",\"url\":\"https:\/\/www.cosmacon.de\/wp-content\/uploads\/2019\/05\/Beerentraube-702x527.jpg\",\"contentUrl\":\"https:\/\/www.cosmacon.de\/wp-content\/uploads\/2019\/05\/Beerentraube-702x527.jpg\"},{\"@type\":\"WebSite\",\"@id\":\"https:\/\/www.cosmacon.de\/#website\",\"url\":\"https:\/\/www.cosmacon.de\/\",\"name\":\"Cosmacon\",\"description\":\"\",\"potentialAction\":[{\"@type\":\"SearchAction\",\"target\":{\"@type\":\"EntryPoint\",\"urlTemplate\":\"https:\/\/www.cosmacon.de\/?s={search_term_string}\"},\"query-input\":{\"@type\":\"PropertyValueSpecification\",\"valueRequired\":true,\"valueName\":\"search_term_string\"}}],\"inLanguage\":\"en-US\"}]}<\/script>\n<!-- \/ Yoast SEO plugin. -->","yoast_head_json":{"title":"Schisandra Chinensis - Chinese Magnolia-Vine - Cosmacon","robots":{"index":"index","follow":"follow","max-snippet":"max-snippet:-1","max-image-preview":"max-image-preview:large","max-video-preview":"max-video-preview:-1"},"canonical":"https:\/\/www.cosmacon.de\/en\/schisandra\/","og_locale":"en_US","og_type":"article","og_title":"Schisandra Chinensis - Chinese Magnolia-Vine - Cosmacon","og_description":"Schisandra (Chinese: Wu Wei Zi) is a plant species of the star anise family and originates from China. In the meantime, however, it can also be found in Korea and Japan. Schisandra was used as early as the late Han Dynasty (206 B.C. to 220 A.D.). The deciduous climbing plant can reach growth heights of&hellip;","og_url":"https:\/\/www.cosmacon.de\/en\/schisandra\/","og_site_name":"Cosmacon","og_image":[{"url":"https:\/\/www.cosmacon.de\/wp-content\/uploads\/2019\/05\/Beerentraube-702x527.jpg","type":"","width":"","height":""}],"twitter_misc":{"Est. reading time":"5 minutes"},"schema":{"@context":"https:\/\/schema.org","@graph":[{"@type":"WebPage","@id":"https:\/\/www.cosmacon.de\/en\/schisandra\/","url":"https:\/\/www.cosmacon.de\/en\/schisandra\/","name":"Schisandra Chinensis - Chinese Magnolia-Vine - Cosmacon","isPartOf":{"@id":"https:\/\/www.cosmacon.de\/#website"},"primaryImageOfPage":{"@id":"https:\/\/www.cosmacon.de\/en\/schisandra\/#primaryimage"},"image":{"@id":"https:\/\/www.cosmacon.de\/en\/schisandra\/#primaryimage"},"thumbnailUrl":"https:\/\/www.cosmacon.de\/wp-content\/uploads\/2019\/05\/Beerentraube-702x527.jpg","datePublished":"2023-02-06T07:50:19+00:00","inLanguage":"en-US","potentialAction":[{"@type":"ReadAction","target":["https:\/\/www.cosmacon.de\/en\/schisandra\/"]}]},{"@type":"ImageObject","inLanguage":"en-US","@id":"https:\/\/www.cosmacon.de\/en\/schisandra\/#primaryimage","url":"https:\/\/www.cosmacon.de\/wp-content\/uploads\/2019\/05\/Beerentraube-702x527.jpg","contentUrl":"https:\/\/www.cosmacon.de\/wp-content\/uploads\/2019\/05\/Beerentraube-702x527.jpg"},{"@type":"WebSite","@id":"https:\/\/www.cosmacon.de\/#website","url":"https:\/\/www.cosmacon.de\/","name":"Cosmacon","description":"","potentialAction":[{"@type":"SearchAction","target":{"@type":"EntryPoint","urlTemplate":"https:\/\/www.cosmacon.de\/?s={search_term_string}"},"query-input":{"@type":"PropertyValueSpecification","valueRequired":true,"valueName":"search_term_string"}}],"inLanguage":"en-US"}]}},"_links":{"self":[{"href":"https:\/\/www.cosmacon.de\/en\/wp-json\/wp\/v2\/pages\/12758","targetHints":{"allow":["GET"]}}],"collection":[{"href":"https:\/\/www.cosmacon.de\/en\/wp-json\/wp\/v2\/pages"}],"about":[{"href":"https:\/\/www.cosmacon.de\/en\/wp-json\/wp\/v2\/types\/page"}],"author":[{"embeddable":true,"href":"https:\/\/www.cosmacon.de\/en\/wp-json\/wp\/v2\/users\/2"}],"replies":[{"embeddable":true,"href":"https:\/\/www.cosmacon.de\/en\/wp-json\/wp\/v2\/comments?post=12758"}],"version-history":[{"count":1,"href":"https:\/\/www.cosmacon.de\/en\/wp-json\/wp\/v2\/pages\/12758\/revisions"}],"predecessor-version":[{"id":12760,"href":"https:\/\/www.cosmacon.de\/en\/wp-json\/wp\/v2\/pages\/12758\/revisions\/12760"}],"wp:attachment":[{"href":"https:\/\/www.cosmacon.de\/en\/wp-json\/wp\/v2\/media?parent=12758"}],"curies":[{"name":"wp","href":"https:\/\/api.w.org\/{rel}","templated":true}]}}