{"id":12375,"date":"2023-01-18T10:51:50","date_gmt":"2023-01-18T09:51:50","guid":{"rendered":"https:\/\/www.cosmacon.de\/?page_id=12375"},"modified":"2023-01-18T10:52:20","modified_gmt":"2023-01-18T09:52:20","slug":"kahai-oil","status":"publish","type":"page","link":"https:\/\/www.cosmacon.de\/en\/kahai-oil\/","title":{"rendered":"Kahai Oil"},"content":{"rendered":"<p><img loading=\"lazy\" decoding=\"async\" class=\"alignright wp-image-8071\" src=\"https:\/\/www.cosmacon.de\/wp-content\/uploads\/2018\/02\/Kahai\u00f6l.jpg\" alt=\"Caryodendron Orinocense Seed Oil; Kahai Oil\" width=\"450\" height=\"363\" \/><\/p>\n<p>Kahai oil, also known as caryodendron orinocense seed oil (cacay oil), absolutely fittingly enjoys a good name as an anti-aging miracle substance. It is a very exclusive oil of rare distribution.\u00a0 The fast growing cacay tree (Caryodendron Orinocense) reaches a height of 40 meters. It thrives only in the rain forest of the Andes. The precious kahai oil is derived from the lemon-yellow nuts.<\/p>\n<p>&nbsp;<\/p>\n<h3>Kahai oil: Extraction and sustainable cultivation<\/h3>\n<p>Cacay nuts are harvested in summer. A ten-year-old tree can yield 100 to 250 kilograms of nuts per year. They are rather easy to remove from the thin shell; then they are cold-pressed by a special method to extract the oil.<\/p>\n<p>Still today, for the most part the nuts are harvested by collection in the wild, although industrialization is gaining ground. New cacay plantations establish reliable sources of income for the poor local residents and ensure subsistence of many families. In addition, the rain forest is protected because uncontrolled clearing in the wild is prevented.<\/p>\n<p>The cacay tree for many years was a popular firewood in the region. The knowledge of the effects of kahai oil has contributed to a considerable decrease in clearing. The continuous new cultivation of trees and the increasing demand for the oil help to support the resolute protection of the rain forest.<\/p>\n<p>It is also worth to mention that cacay trees afford vital shade for the growth of another local plant: coffee Arabica. Moreover, they absorb and process large quantities of CO2.<\/p>\n<p>&nbsp;<\/p>\n<h3>Ingredients and effects<\/h3>\n<p>What makes kahai oil so precious? The ingredients. Kahai oil contains twice as <strong>much vitamin E <\/strong>as argan oil and three times as much <strong>retinol<\/strong> as rosehip seed oil. Thirty percent of its oil content is linoleic acid and 10 percent linolenic acid. The <strong>all-rounder linoleic acid<\/strong> is an essential player to protect skin from inflammations, to strengthen the natural skin barrier and to promote the development of new skin cells. It also helps to alleviate acne, psoriasis and hyperpigmentation.<\/p>\n<p><a href=\"https:\/\/www.cosmacon.de\/en\/tocopherols\/\" target=\"_blank\" rel=\"noopener\"><strong>Vitamin E<\/strong><\/a> efficiently <strong>protects skin against free radicals<\/strong> and prevents premature skin aging. It is a real cell protection vitamin important in <strong>cell renewal<\/strong>. Vitamin E is reputed to be a body-own anti-aging substance because it increases skin\u2019s collagen and consequently skin\u2019s firmness.<\/p>\n<p>It also contains <a href=\"https:\/\/www.cosmacon.de\/glossary\/vitamin-a\/\" target=\"_blank\" rel=\"noopener\"><strong>retinol<\/strong>,<\/a> the purest form of the fat-soluble vitamin A, which is a completely natural active agent used to <strong>reduce wrinkles<\/strong>. Vitamin A is the most essential vitamin for <strong>cellular growth and hydration of the skin<\/strong>. It maintains skin\u2019s firmness, improves skin\u2019s appearance and imparts vitality and radiance to the complexion.<\/p>\n<p>Regular use of kahai oil effectively increases <strong>skin\u2019s hydration, firmness, and elasticity<\/strong>.<\/p>\n<p>With the almost overwhelming <strong>richness of vitamins and <a href=\"https:\/\/www.cosmacon.de\/en\/essential-fatty-acids\/\" target=\"_blank\" rel=\"noopener\">essential fatty acids<\/a><\/strong> in mind it is no surprise that kahai oil is praised as the most recent and perhaps <strong>most efficient anti-aging miracle agent<\/strong>. The unique combination of vitamins and fatty acids is the ideal answer for a really healthy skin regeneration. Kahai oil can also help to diminish scars, stretch marks or skin blemishes.<\/p>\n<p>It is applied as needed, on face, body, hands or hair. Hair becomes lustrous and silky after application; split ends are reduced. Pure kahai oil has an almost neutral scent.<\/p>\n<p>&nbsp;<\/p>\n<p><strong>Fact Sheet: Cacay Oil \/ Kahai oil<\/strong><\/p>\n<p><u>INCI<\/u>: Caryodendron Orinocense Seed Oil<\/p>\n<p><u>CAS number<\/u>: 1453469-52-7<\/p>\n<p><u>Concentration of use<\/u><u>:<\/u> up to 100 percent possible, depending on the area of application.<\/p>\n<p><u>Application:<\/u> mainly in creams, lotions and body and face oils, but it can also be used pure as a nourishing oil for face, hands, body, hair and nails<\/p>\n<p><u>Origin:<\/u> Andean region (mainly Colombia, Peru, Ecuador), sustainable cultivation is becoming increasingly popular<\/p>\n<p><u>Main ingredients:<\/u> vitamin E, linoleic acid, retinol, omega-3, -6 and -9 fatty acids<\/p>\n<p>&nbsp;<\/p>\n<h3>Kahai oil: the anti-aging multi-talent<\/h3>\n<p>Though it is advisable to react with a certain reserve to \u201cmiracle substances \u201c, kahai oil with its really extraordinary composition deserves the claim. The oil is a highly effective cocktail of precious ingredients and is going to play an important role in cosmetics. At present, kahai oil still is an insider tip. <a href=\"https:\/\/www.cosmacon.de\/en\/contact\/enquiry\/\" target=\"_blank\" rel=\"noopener\">Cosmacon will be happy to advise you on the choice of a good cacay oil and its use in your products.<\/a><\/p>\n<p>&nbsp;<\/p>\n<p>&nbsp;<\/p>\n<p><strong>Sources:<\/strong><\/p>\n<p><a href=\"https:\/\/pubmed.ncbi.nlm.nih.gov\/32343717\/\" target=\"_blank\" rel=\"noopener\">Physicochemical characterization, fatty acid profile, antioxidant activity and antibacterial potential of cacay oil, coconut oil and cacay butter.<\/a>; Medeiros de Azevedo W, Ferreira Ribeiro de Oliveira L, Alves Alc\u00e2ntara M, Tribuzy de Magalh\u00e3es Cordeiro AM, Florentino da Silva Chaves Damasceno KS, Kelly de Ara\u00fajo N, Fernandes de Assis C, Sousa Junior FC. PLoS One. 2020 Apr 28;15(4):e0232224.<\/p>\n<p><a class=\"docsum-title\" href=\"https:\/\/pubmed.ncbi.nlm.nih.gov\/25391685\/\" target=\"_blank\" rel=\"noopener\" data-ga-category=\"similar_article\" data-ga-action=\"25391685\" data-ga-label=\"\">Chemical characterization and antioxidant activity of Amazonian (Ecuador) Caryodendron orinocense Karst. and Bactris gasipaes Kunth seed oils.;\u00a0<\/a><span class=\"docsum-authors full-authors\">Radice M, Viafara D, Neill D, Asanza M, Sacchetti G, Guerrini A, Maietti S.<\/span><span class=\"docsum-journal-citation full-journal-citation\">J Oleo Sci. 2014;63(12):1243-50.<\/span><\/p>\n","protected":false},"excerpt":{"rendered":"<p>Kahai oil, also known as caryodendron orinocense seed oil (cacay oil), absolutely fittingly enjoys a good name as an anti-aging miracle substance. It is a very exclusive oil of rare distribution.\u00a0 The fast growing cacay tree (Caryodendron Orinocense) reaches a height of 40 meters. It thrives only in the rain forest of the Andes. The&hellip;<\/p>\n","protected":false},"author":2,"featured_media":0,"parent":0,"menu_order":0,"comment_status":"closed","ping_status":"closed","template":"","meta":{"footnotes":""},"class_list":["post-12375","page","type-page","status-publish","hentry"],"yoast_head":"<!-- This site is optimized with the Yoast SEO plugin v27.1.1 - https:\/\/yoast.com\/product\/yoast-seo-wordpress\/ -->\n<title>Kahai Oil - Cacay Oil - Anti-Aging - Cosmacon<\/title>\n<meta name=\"robots\" content=\"index, follow, max-snippet:-1, max-image-preview:large, max-video-preview:-1\" \/>\n<link rel=\"canonical\" href=\"https:\/\/www.cosmacon.de\/en\/kahai-oil\/\" \/>\n<meta property=\"og:locale\" content=\"en_US\" \/>\n<meta property=\"og:type\" content=\"article\" \/>\n<meta property=\"og:title\" content=\"Kahai Oil - Cacay Oil - Anti-Aging - Cosmacon\" \/>\n<meta property=\"og:description\" content=\"Kahai oil, also known as caryodendron orinocense seed oil (cacay oil), absolutely fittingly enjoys a good name as an anti-aging miracle substance. It is a very exclusive oil of rare distribution.\u00a0 The fast growing cacay tree (Caryodendron Orinocense) reaches a height of 40 meters. It thrives only in the rain forest of the Andes. The&hellip;\" \/>\n<meta property=\"og:url\" content=\"https:\/\/www.cosmacon.de\/en\/kahai-oil\/\" \/>\n<meta property=\"og:site_name\" content=\"Cosmacon\" \/>\n<meta property=\"article:modified_time\" content=\"2023-01-18T09:52:20+00:00\" \/>\n<meta name=\"twitter:label1\" content=\"Est. reading time\" \/>\n\t<meta name=\"twitter:data1\" content=\"4 minutes\" \/>\n<script type=\"application\/ld+json\" class=\"yoast-schema-graph\">{\"@context\":\"https:\/\/schema.org\",\"@graph\":[{\"@type\":\"WebPage\",\"@id\":\"https:\/\/www.cosmacon.de\/en\/kahai-oil\/\",\"url\":\"https:\/\/www.cosmacon.de\/en\/kahai-oil\/\",\"name\":\"Kahai Oil - Cacay Oil - Anti-Aging - Cosmacon\",\"isPartOf\":{\"@id\":\"https:\/\/www.cosmacon.de\/#website\"},\"datePublished\":\"2023-01-18T09:51:50+00:00\",\"dateModified\":\"2023-01-18T09:52:20+00:00\",\"inLanguage\":\"en-US\",\"potentialAction\":[{\"@type\":\"ReadAction\",\"target\":[\"https:\/\/www.cosmacon.de\/en\/kahai-oil\/\"]}]},{\"@type\":\"WebSite\",\"@id\":\"https:\/\/www.cosmacon.de\/#website\",\"url\":\"https:\/\/www.cosmacon.de\/\",\"name\":\"Cosmacon\",\"description\":\"\",\"potentialAction\":[{\"@type\":\"SearchAction\",\"target\":{\"@type\":\"EntryPoint\",\"urlTemplate\":\"https:\/\/www.cosmacon.de\/?s={search_term_string}\"},\"query-input\":{\"@type\":\"PropertyValueSpecification\",\"valueRequired\":true,\"valueName\":\"search_term_string\"}}],\"inLanguage\":\"en-US\"}]}<\/script>\n<!-- \/ Yoast SEO plugin. -->","yoast_head_json":{"title":"Kahai Oil - Cacay Oil - Anti-Aging - Cosmacon","robots":{"index":"index","follow":"follow","max-snippet":"max-snippet:-1","max-image-preview":"max-image-preview:large","max-video-preview":"max-video-preview:-1"},"canonical":"https:\/\/www.cosmacon.de\/en\/kahai-oil\/","og_locale":"en_US","og_type":"article","og_title":"Kahai Oil - Cacay Oil - Anti-Aging - Cosmacon","og_description":"Kahai oil, also known as caryodendron orinocense seed oil (cacay oil), absolutely fittingly enjoys a good name as an anti-aging miracle substance. It is a very exclusive oil of rare distribution.\u00a0 The fast growing cacay tree (Caryodendron Orinocense) reaches a height of 40 meters. It thrives only in the rain forest of the Andes. The&hellip;","og_url":"https:\/\/www.cosmacon.de\/en\/kahai-oil\/","og_site_name":"Cosmacon","article_modified_time":"2023-01-18T09:52:20+00:00","twitter_misc":{"Est. reading time":"4 minutes"},"schema":{"@context":"https:\/\/schema.org","@graph":[{"@type":"WebPage","@id":"https:\/\/www.cosmacon.de\/en\/kahai-oil\/","url":"https:\/\/www.cosmacon.de\/en\/kahai-oil\/","name":"Kahai Oil - Cacay Oil - Anti-Aging - Cosmacon","isPartOf":{"@id":"https:\/\/www.cosmacon.de\/#website"},"datePublished":"2023-01-18T09:51:50+00:00","dateModified":"2023-01-18T09:52:20+00:00","inLanguage":"en-US","potentialAction":[{"@type":"ReadAction","target":["https:\/\/www.cosmacon.de\/en\/kahai-oil\/"]}]},{"@type":"WebSite","@id":"https:\/\/www.cosmacon.de\/#website","url":"https:\/\/www.cosmacon.de\/","name":"Cosmacon","description":"","potentialAction":[{"@type":"SearchAction","target":{"@type":"EntryPoint","urlTemplate":"https:\/\/www.cosmacon.de\/?s={search_term_string}"},"query-input":{"@type":"PropertyValueSpecification","valueRequired":true,"valueName":"search_term_string"}}],"inLanguage":"en-US"}]}},"_links":{"self":[{"href":"https:\/\/www.cosmacon.de\/en\/wp-json\/wp\/v2\/pages\/12375","targetHints":{"allow":["GET"]}}],"collection":[{"href":"https:\/\/www.cosmacon.de\/en\/wp-json\/wp\/v2\/pages"}],"about":[{"href":"https:\/\/www.cosmacon.de\/en\/wp-json\/wp\/v2\/types\/page"}],"author":[{"embeddable":true,"href":"https:\/\/www.cosmacon.de\/en\/wp-json\/wp\/v2\/users\/2"}],"replies":[{"embeddable":true,"href":"https:\/\/www.cosmacon.de\/en\/wp-json\/wp\/v2\/comments?post=12375"}],"version-history":[{"count":2,"href":"https:\/\/www.cosmacon.de\/en\/wp-json\/wp\/v2\/pages\/12375\/revisions"}],"predecessor-version":[{"id":12377,"href":"https:\/\/www.cosmacon.de\/en\/wp-json\/wp\/v2\/pages\/12375\/revisions\/12377"}],"wp:attachment":[{"href":"https:\/\/www.cosmacon.de\/en\/wp-json\/wp\/v2\/media?parent=12375"}],"curies":[{"name":"wp","href":"https:\/\/api.w.org\/{rel}","templated":true}]}}