{"id":12204,"date":"2023-01-06T14:48:45","date_gmt":"2023-01-06T13:48:45","guid":{"rendered":"https:\/\/www.cosmacon.de\/?page_id=12204"},"modified":"2023-01-06T14:51:15","modified_gmt":"2023-01-06T13:51:15","slug":"body-mousse","status":"publish","type":"page","link":"https:\/\/www.cosmacon.de\/en\/body-mousse\/","title":{"rendered":"Body Mousse"},"content":{"rendered":"<p><img loading=\"lazy\" decoding=\"async\" class=\"alignright wp-image-8037\" src=\"https:\/\/www.cosmacon.de\/wp-content\/uploads\/2018\/01\/Bodymousse.jpg\" alt=\"body mousse; creamy foam; aerosol\" width=\"500\" height=\"480\" \/><\/p>\n<p>The term body mousse covers products that are foamy lotions suitable for gentle care of the face, hands, and body. In the field of cosmetics, body mousse is currently not yet widespread, but numerous manufacturers have already recognized the trend: More and more aerosol cans and jars with body mousse are coming onto the market. The extraordinary popularity has of course a reason. Body mousse is as nourishing and rich as body butter, but at the same time wonderfully light and airy. The texture, which is often described as &#8220;fluffy&#8221;, caresses the skin like a light summer breeze and provides it with optimal and intensive moisture. Thanks to its feather-light creamy consistency, the mousse is very easy to apply. It is quickly absorbed and leaves no unpleasant oily film on the skin.<\/p>\n<p>&nbsp;<\/p>\n<h3>Body mousse: definition and application<\/h3>\n<p>The term was derived from the French term &#8220;mousse&#8221;, which is used for foamy or foaming consistencies. In this context, the term &#8220;moussing&#8221; is also often used.<\/p>\n<p>Even though body mousse implies that the product is for the body, many products are also for the face and hands. They are usually offered in two different dosage forms: as an<strong> aerosol spray or in a practical jar<\/strong>. Body mousse from a can is particularly loose and airy. It can be dosed very precisely and sparingly, but also has a long shelf life because no microorganisms can penetrate it.<\/p>\n<p>As a <em><strong>jar product<\/strong> <\/em>(&#8220;non-aerosol&#8221;), body mousse is only <strong>slightly firmer and more compact<\/strong>; the &#8220;fluffy&#8221; consistency so beloved by many users is also evident here, although <strong>the texture is somewhat creamier and not quite as foamy.<\/strong><\/p>\n<p>Body mousse often<strong> contains natural extracts<\/strong> such as<strong><a href=\"https:\/\/www.cosmacon.de\/en\/aloe-vera-powder\/\" target=\"_blank\" rel=\"noopener\"> aloe vera<\/a>, jojoba oil, <a href=\"https:\/\/www.cosmacon.de\/en\/sunflower-oil\/\" target=\"_blank\" rel=\"noopener\">sunflower oil<\/a>, or mango butter<\/strong>. These supply the skin with care and nutrients. Various flower or spice fragrances ensure that body mousse is also a delightful treat for the nose. Examples of common fragrances are ginger, cinnamon, ylang ylang, jasmine, anise, coconut, mango, vanilla, and sandalwood. Some mousse products are additionally equipped with tiny shine particles, which also give the skin a delicate shimmer. Others nourish and cool stressed skin after sunbathing. Then there is also body mousse, which is applied after bathing and showering and contributes to a relaxed and smoothed skin feeling. Other body mousses focus more on cleansing the skin. The areas of application can therefore vary greatly depending on the product.<\/p>\n<p>What all body mousse variants have in common, however, is the light, airy formula, which can be applied very nicely. Depending on the desired care concept of the manufacturer, it can contain more or less rich ingredients.<\/p>\n<p>&nbsp;<\/p>\n<h3>A feather-light texture for skin that is soft to the touch<\/h3>\n<p>In terms of <strong>concept<\/strong>, Body Mousse thus lies<strong> between a moisturizer, a body lotion, and an oily skin care cream<\/strong>. The product is preferred by many women in summer, when the skin enjoys a soft freshness kick and wants to be sufficiently supplied with moisture. Nevertheless, of course, nothing speaks against year-round use: Here it just depends on personal taste and individual preferences.<\/p>\n<p>Body mousse can be massaged into the skin without leaving any residue and l<strong>eaves the skin feeling very pleasantly soft<\/strong>. It offers an irresistible pampering experience, but at the same time has a very high caring benefit. It is often enriched with <strong><a href=\"https:\/\/www.cosmacon.de\/en\/arganoil\/\" target=\"_blank\" rel=\"noopener\">argan oil<\/a>,<a href=\"https:\/\/www.cosmacon.de\/en\/grapeseed-oil\/\" target=\"_blank\" rel=\"noopener\"> grape seed oil<\/a> and <a href=\"https:\/\/www.cosmacon.de\/en\/vitamin-e-2\/\" target=\"_blank\" rel=\"noopener\">vitamin E<\/a>, and urea and<a href=\"https:\/\/www.cosmacon.de\/en\/pantothenol\/\" target=\"_blank\" rel=\"noopener\"> panthenol<\/a><\/strong> are also often found in body mousse.<\/p>\n<p>&nbsp;<\/p>\n<h3>The active ingredients in body mousse<\/h3>\n<p><strong>PROFILE Grape seed oil<\/strong><\/p>\n<p>INCI: Vitis Vinifera Seed Oil<\/p>\n<p>CAS number: 8024-22-4<\/p>\n<p>Extraction: Extraction from the seeds of grapevines<\/p>\n<p>Main ingredients: procyanidins (flavonoids that strengthen blood vessels and tighten tissue and skin) and resveratrol<\/p>\n<p>Properties:<\/p>\n<p>Grape seed oil is among the most important ingredients because it contains lots of resveratrol: an antioxidant ingredient that can regulate aging processes, prolong the life of cells, and tighten skin. <a href=\"https:\/\/www.cosmacon.de\/en\/grapeseed-oil\/\" target=\"_blank\" rel=\"noopener\">For more information about grape seed oil, click here.<\/a><\/p>\n<p>&nbsp;<\/p>\n<p><strong>PROFILE Argan Oil<\/strong><\/p>\n<p>INCI: Argania Spinosa Kernel Oil<\/p>\n<p>CAS number: 223747-87-3<\/p>\n<p>Extraction: by cold pressing of the kernels<\/p>\n<p>Main ingredients: linoleic acid, palmitic\/stearic acid, alpha-tocopherol, beta-tocopherol and gamma-tocopherol, oleic acid, squalane<\/p>\n<p>Properties: Anti-aging, moisturizing effect,<\/p>\n<p>Argan oil is also a beneficial ingredient for body mousse. More than 80 percent of it consists of valuable unsaturated fatty acids. In addition, it contains a very high proportion of natural antioxidants and twice as much vitamin E as olive oil, for example. Dry, brittle skin becomes beautifully soft and smooth again with argan oil, as it has an intensive moisturizing effect. <a href=\"https:\/\/www.cosmacon.de\/en\/arganoil\/\" target=\"_blank\" rel=\"noopener\">More information about argan oil can be found here.<\/a><\/p>\n<p>&nbsp;<\/p>\n<p><strong>PROFILE Jojoba Oil<\/strong><\/p>\n<p>INCI: Simmondsia Chinensis Seed Oil<\/p>\n<p>Plant family: Buxaceae<\/p>\n<p>CAS number: 61789-91-1<\/p>\n<p>Extraction: cold pressing<\/p>\n<p>Properties: anti-inflammatory, mild, skin caring<\/p>\n<p>Jojoba oil is one of the most important cosmetic oils for high-quality products and is therefore frequently used in body mousses. It is particularly rich in vitamins A, E and F, can increase the skin&#8217;s ability to regenerate, is moisture-binding and has a natural sun protection factor of 4.<\/p>\n<p>&nbsp;<\/p>\n<p><strong>Aloe Vera Fact Sheet<\/strong><\/p>\n<p>INCI: Aloe barbadensis leaf juice<\/p>\n<p>Distribution area: Africa, Near East, South America<\/p>\n<p>Use: medicinal plant, ornamental plant<\/p>\n<p>Number of species: about 600<\/p>\n<p>CAS number: 8001-97-6<\/p>\n<p>Properties: anti-inflammatory, antibacterial<\/p>\n<p>Not much actually needs to be said about aloe vera, the desert lily is one of the most important medicinal plants of all. The gel stored in the thick-fleshed leaves of the plant is known for its extraordinary healing properties and is primarily used for skin care. It has very good moisturizing, anti-inflammatory as well as antibacterial properties. Thus, aloe vera juice and<a href=\"https:\/\/www.cosmacon.de\/en\/aloe-vera-powder\/\" target=\"_blank\" rel=\"noopener\"> aloe vera powder<\/a> is ideal active ingredients for products such as body mousse, read more about this in our blog post.<\/p>\n<p>&nbsp;<\/p>\n<p><strong>Fact Sheet Vitamin E<\/strong><\/p>\n<p>CAS number: 10191-41-0<\/p>\n<p>Alternative name: Tocopherol<\/p>\n<p>Function: antioxidant<\/p>\n<p>Properties: slows down aging processes, improves the skin surface, increases the moisture content of the skin<\/p>\n<p>Vitamin E prolongs the life of red blood cells and keeps cells fit. It represents an antioxidant, has an inhibitory effect on inflammation and supports the immune system. Overall, vitamin E performs valuable services as an active ingredient in cosmetic products, which is why it is also recommended for body mousse. <a href=\"https:\/\/www.cosmacon.de\/en\/vitamin-e-2\/\">You can find more information about vitamin E here.<\/a><\/p>\n<h2><\/h2>\n<h3>Body mousse: the caring pampering experience<\/h3>\n<p>The still relatively new product category body mousse not only offers a delicate, airy pampering experience, but also cares for the skin and provides it with sufficient moisture. Whether used as a facial, body, foot or hand mousse, the fluffy formula is a treat not only in summer. <a href=\"https:\/\/www.cosmacon.de\/en\/contact\/enquiry\/\" target=\"_blank\" rel=\"noopener\">If you would like to expand your cosmetics range with a body mousse, please feel free to contact us.<\/a><\/p>\n<p>&nbsp;<\/p>\n<p>&nbsp;<\/p>\n<p><strong>Sources:<\/strong><\/p>\n<p><a href=\"https:\/\/pubmed.ncbi.nlm.nih.gov\/29280987\/\" target=\"_blank\" rel=\"noopener\">Anti-Inflammatory and Skin Barrier Repair Effects of Topical Application of Some Plant Oils.<\/a>; Lin TK, Zhong L, Santiago JL.Int J Mol Sci. 2017 Dec 27;19(1):70<\/p>\n<p><a href=\"https:\/\/pubmed.ncbi.nlm.nih.gov\/32906680\/\" target=\"_blank\" rel=\"noopener\">Fatty Acid Composition of\u00a0CosmeticArgan\u00a0Oil: Provenience and Authenticity Criteria.<\/a>; Miklav\u010di\u010d MB, Taous F, Valen\u010di\u010d V, Elghali T, Podgornik M, Strojnik L, OgrincN.; 2020 Sep 7;25(18):4080<\/p>\n<p><a href=\"https:\/\/pubmed.ncbi.nlm.nih.gov\/35187023\/\" target=\"_blank\" rel=\"noopener\">ArganOil: Chemical Composition, Extraction Process, and Quality Control.<\/a>; Gharby S, Charrouf Z.Front Nutr. 2022 Feb 3;8:804587<\/p>\n<p><a href=\"https:\/\/pubmed.ncbi.nlm.nih.gov\/34889039\/\" target=\"_blank\" rel=\"noopener\">Tocopherols as antioxidants in lipid-based systems: The combination of chemical and physicochemical interactions determines their efficiency. ;\u00a0<\/a>Barouh N, Bourlieu-Lacanal C, Figueroa-Espinoza MC, Durand E, Villeneuve P.Compr Rev Food Sci Food Saf. 2022 Jan;21(1):642-688.<\/p>\n<p><a href=\"https:\/\/pubmed.ncbi.nlm.nih.gov\/34279260\/\" target=\"_blank\" rel=\"noopener\">Vitamin E: A Review of Its Application and Methods of Detection When Combined with Implant Biomaterials.;\u00a0<\/a>Gamna F, Spriano S.Materials (Basel). 2021 Jul 1;14(13):3691<\/p>\n<p><a href=\"https:\/\/pubmed.ncbi.nlm.nih.gov\/32183224\/\" target=\"_blank\" rel=\"noopener\">Pharmacological Update Properties of\u00a0<em>Aloe Vera<\/em>\u00a0and its Major Active Constituents.\u00a0<\/a>S\u00e1nchez M, Gonz\u00e1lez-Burgos E, Iglesias I, G\u00f3mez-Serranillos MP.Molecules. 2020 Mar 13;25(6):1324<\/p>\n<p><a href=\"https:\/\/pubmed.ncbi.nlm.nih.gov\/33854714\/\" target=\"_blank\" rel=\"noopener\">Acemannan-induced tooth socket healing: A 12-month randomized controlled trial.\u00a0<\/a>Vu NB, Chuenchompoonut V, Jansisyanont P, Sangvanich P, Pham TH, Thunyakitpisal P.J Dent Sci. 2021 Mar;16(2):643-653<\/p>\n<p><a class=\"docsum-title\" href=\"https:\/\/pubmed.ncbi.nlm.nih.gov\/29280987\/\" target=\"_blank\" rel=\"noopener\" data-ga-category=\"result_click\" data-ga-action=\"1\" data-ga-label=\"29280987\" data-full-article-url=\"from_term=jojoba+oil+and+skin&amp;from_filter=simsearch2.ffrft&amp;from_filter=datesearch.y_10&amp;from_pos=1\" data-article-id=\"29280987\">Anti-Inflammatory and\u00a0Skin\u00a0Barrier Repair Effects of Topical Application of Some Plant Oils.;\u00a0<\/a><span class=\"docsum-authors full-authors\">Lin TK, Zhong L, Santiago JL.<\/span><span class=\"docsum-journal-citation full-journal-citation\">Int J Mol Sci. 2017 Dec 27;19(1):70.<\/span><\/p>\n<p><a class=\"docsum-title\" href=\"https:\/\/pubmed.ncbi.nlm.nih.gov\/34073772\/\" data-ga-category=\"result_click\" data-ga-action=\"2\" data-ga-label=\"34073772\" data-full-article-url=\"from_term=jojoba+oil+and+skin&amp;from_filter=simsearch2.ffrft&amp;from_filter=datesearch.y_10&amp;from_pos=2\" data-article-id=\"34073772\">Jojoba\u00a0Oil: An Updated Comprehensive Review on Chemistry, Pharmaceutical Uses, and Toxicity.;\u00a0<\/a><span class=\"docsum-authors full-authors\">Gad HA, Roberts A, Hamzi SH, Gad HA, Touiss I, Altyar AE, Kensara OA, Ashour ML.<\/span><span class=\"docsum-journal-citation full-journal-citation\">Polymers (Basel). 2021 May 24;13(11):1711.\u00a0<\/span><\/p>\n","protected":false},"excerpt":{"rendered":"<p>The term body mousse covers products that are foamy lotions suitable for gentle care of the face, hands, and body. In the field of cosmetics, body mousse is currently not yet widespread, but numerous manufacturers have already recognized the trend: More and more aerosol cans and jars with body mousse are coming onto the market.&hellip;<\/p>\n","protected":false},"author":2,"featured_media":0,"parent":0,"menu_order":0,"comment_status":"closed","ping_status":"closed","template":"","meta":{"footnotes":""},"class_list":["post-12204","page","type-page","status-publish","hentry"],"yoast_head":"<!-- This site is optimized with the Yoast SEO plugin v27.1.1 - https:\/\/yoast.com\/product\/yoast-seo-wordpress\/ -->\n<title>Body Mousse - Aerosol - Gaseous Cosmetics - Cosmacon<\/title>\n<meta name=\"robots\" content=\"index, follow, max-snippet:-1, max-image-preview:large, max-video-preview:-1\" \/>\n<link rel=\"canonical\" href=\"https:\/\/www.cosmacon.de\/en\/body-mousse\/\" \/>\n<meta property=\"og:locale\" content=\"en_US\" \/>\n<meta property=\"og:type\" content=\"article\" \/>\n<meta property=\"og:title\" content=\"Body Mousse - Aerosol - Gaseous Cosmetics - Cosmacon\" \/>\n<meta property=\"og:description\" content=\"The term body mousse covers products that are foamy lotions suitable for gentle care of the face, hands, and body. In the field of cosmetics, body mousse is currently not yet widespread, but numerous manufacturers have already recognized the trend: More and more aerosol cans and jars with body mousse are coming onto the market.&hellip;\" \/>\n<meta property=\"og:url\" content=\"https:\/\/www.cosmacon.de\/en\/body-mousse\/\" \/>\n<meta property=\"og:site_name\" content=\"Cosmacon\" \/>\n<meta property=\"article:modified_time\" content=\"2023-01-06T13:51:15+00:00\" \/>\n<meta property=\"og:image\" content=\"https:\/\/www.cosmacon.de\/wp-content\/uploads\/2018\/01\/Bodymousse.jpg\" \/>\n<meta name=\"twitter:label1\" content=\"Est. reading time\" \/>\n\t<meta name=\"twitter:data1\" content=\"7 minutes\" \/>\n<script type=\"application\/ld+json\" class=\"yoast-schema-graph\">{\"@context\":\"https:\/\/schema.org\",\"@graph\":[{\"@type\":\"WebPage\",\"@id\":\"https:\/\/www.cosmacon.de\/en\/body-mousse\/\",\"url\":\"https:\/\/www.cosmacon.de\/en\/body-mousse\/\",\"name\":\"Body Mousse - Aerosol - Gaseous Cosmetics - Cosmacon\",\"isPartOf\":{\"@id\":\"https:\/\/www.cosmacon.de\/#website\"},\"primaryImageOfPage\":{\"@id\":\"https:\/\/www.cosmacon.de\/en\/body-mousse\/#primaryimage\"},\"image\":{\"@id\":\"https:\/\/www.cosmacon.de\/en\/body-mousse\/#primaryimage\"},\"thumbnailUrl\":\"https:\/\/www.cosmacon.de\/wp-content\/uploads\/2018\/01\/Bodymousse.jpg\",\"datePublished\":\"2023-01-06T13:48:45+00:00\",\"dateModified\":\"2023-01-06T13:51:15+00:00\",\"inLanguage\":\"en-US\",\"potentialAction\":[{\"@type\":\"ReadAction\",\"target\":[\"https:\/\/www.cosmacon.de\/en\/body-mousse\/\"]}]},{\"@type\":\"ImageObject\",\"inLanguage\":\"en-US\",\"@id\":\"https:\/\/www.cosmacon.de\/en\/body-mousse\/#primaryimage\",\"url\":\"https:\/\/www.cosmacon.de\/wp-content\/uploads\/2018\/01\/Bodymousse.jpg\",\"contentUrl\":\"https:\/\/www.cosmacon.de\/wp-content\/uploads\/2018\/01\/Bodymousse.jpg\"},{\"@type\":\"WebSite\",\"@id\":\"https:\/\/www.cosmacon.de\/#website\",\"url\":\"https:\/\/www.cosmacon.de\/\",\"name\":\"Cosmacon\",\"description\":\"\",\"potentialAction\":[{\"@type\":\"SearchAction\",\"target\":{\"@type\":\"EntryPoint\",\"urlTemplate\":\"https:\/\/www.cosmacon.de\/?s={search_term_string}\"},\"query-input\":{\"@type\":\"PropertyValueSpecification\",\"valueRequired\":true,\"valueName\":\"search_term_string\"}}],\"inLanguage\":\"en-US\"}]}<\/script>\n<!-- \/ Yoast SEO plugin. -->","yoast_head_json":{"title":"Body Mousse - Aerosol - Gaseous Cosmetics - Cosmacon","robots":{"index":"index","follow":"follow","max-snippet":"max-snippet:-1","max-image-preview":"max-image-preview:large","max-video-preview":"max-video-preview:-1"},"canonical":"https:\/\/www.cosmacon.de\/en\/body-mousse\/","og_locale":"en_US","og_type":"article","og_title":"Body Mousse - Aerosol - Gaseous Cosmetics - Cosmacon","og_description":"The term body mousse covers products that are foamy lotions suitable for gentle care of the face, hands, and body. In the field of cosmetics, body mousse is currently not yet widespread, but numerous manufacturers have already recognized the trend: More and more aerosol cans and jars with body mousse are coming onto the market.&hellip;","og_url":"https:\/\/www.cosmacon.de\/en\/body-mousse\/","og_site_name":"Cosmacon","article_modified_time":"2023-01-06T13:51:15+00:00","og_image":[{"url":"https:\/\/www.cosmacon.de\/wp-content\/uploads\/2018\/01\/Bodymousse.jpg","type":"","width":"","height":""}],"twitter_misc":{"Est. reading time":"7 minutes"},"schema":{"@context":"https:\/\/schema.org","@graph":[{"@type":"WebPage","@id":"https:\/\/www.cosmacon.de\/en\/body-mousse\/","url":"https:\/\/www.cosmacon.de\/en\/body-mousse\/","name":"Body Mousse - Aerosol - Gaseous Cosmetics - Cosmacon","isPartOf":{"@id":"https:\/\/www.cosmacon.de\/#website"},"primaryImageOfPage":{"@id":"https:\/\/www.cosmacon.de\/en\/body-mousse\/#primaryimage"},"image":{"@id":"https:\/\/www.cosmacon.de\/en\/body-mousse\/#primaryimage"},"thumbnailUrl":"https:\/\/www.cosmacon.de\/wp-content\/uploads\/2018\/01\/Bodymousse.jpg","datePublished":"2023-01-06T13:48:45+00:00","dateModified":"2023-01-06T13:51:15+00:00","inLanguage":"en-US","potentialAction":[{"@type":"ReadAction","target":["https:\/\/www.cosmacon.de\/en\/body-mousse\/"]}]},{"@type":"ImageObject","inLanguage":"en-US","@id":"https:\/\/www.cosmacon.de\/en\/body-mousse\/#primaryimage","url":"https:\/\/www.cosmacon.de\/wp-content\/uploads\/2018\/01\/Bodymousse.jpg","contentUrl":"https:\/\/www.cosmacon.de\/wp-content\/uploads\/2018\/01\/Bodymousse.jpg"},{"@type":"WebSite","@id":"https:\/\/www.cosmacon.de\/#website","url":"https:\/\/www.cosmacon.de\/","name":"Cosmacon","description":"","potentialAction":[{"@type":"SearchAction","target":{"@type":"EntryPoint","urlTemplate":"https:\/\/www.cosmacon.de\/?s={search_term_string}"},"query-input":{"@type":"PropertyValueSpecification","valueRequired":true,"valueName":"search_term_string"}}],"inLanguage":"en-US"}]}},"_links":{"self":[{"href":"https:\/\/www.cosmacon.de\/en\/wp-json\/wp\/v2\/pages\/12204","targetHints":{"allow":["GET"]}}],"collection":[{"href":"https:\/\/www.cosmacon.de\/en\/wp-json\/wp\/v2\/pages"}],"about":[{"href":"https:\/\/www.cosmacon.de\/en\/wp-json\/wp\/v2\/types\/page"}],"author":[{"embeddable":true,"href":"https:\/\/www.cosmacon.de\/en\/wp-json\/wp\/v2\/users\/2"}],"replies":[{"embeddable":true,"href":"https:\/\/www.cosmacon.de\/en\/wp-json\/wp\/v2\/comments?post=12204"}],"version-history":[{"count":4,"href":"https:\/\/www.cosmacon.de\/en\/wp-json\/wp\/v2\/pages\/12204\/revisions"}],"predecessor-version":[{"id":12210,"href":"https:\/\/www.cosmacon.de\/en\/wp-json\/wp\/v2\/pages\/12204\/revisions\/12210"}],"wp:attachment":[{"href":"https:\/\/www.cosmacon.de\/en\/wp-json\/wp\/v2\/media?parent=12204"}],"curies":[{"name":"wp","href":"https:\/\/api.w.org\/{rel}","templated":true}]}}