{"id":11867,"date":"2022-11-19T21:25:26","date_gmt":"2022-11-19T20:25:26","guid":{"rendered":"https:\/\/www.cosmacon.de\/?page_id=11867"},"modified":"2022-11-19T21:25:57","modified_gmt":"2022-11-19T20:25:57","slug":"sunflower-oil","status":"publish","type":"page","link":"https:\/\/www.cosmacon.de\/en\/sunflower-oil\/","title":{"rendered":"Sunflower oil"},"content":{"rendered":"<p><img loading=\"lazy\" decoding=\"async\" class=\"alignright wp-image-7970\" src=\"https:\/\/www.cosmacon.de\/wp-content\/uploads\/2017\/01\/Sonnenblumen\u00f6l.jpg\" alt=\"Sunflower oil, Helianthus Annuus (Sunflower) Seed Oil\" width=\"571\" height=\"439\" \/><\/p>\n<p style=\"font-weight: 400;\">Sunflower oil is light yellow and slightly nutty smelling. It is obtained by special pressing of the seeds and is known in cosmetics in two different variants: as pure and natural sunflower oil or \u00a0as oil from a specially cultivated variety, which therefore also contains more oleic acid and is therefore more stable. Although the natural native Helianthus Annuus (Sunflower) Seed Oil is considered more valuable, the &#8220;High Oleic&#8221; variety is not modified by genetic engineering, but solely by selection, and is therefore not necessarily to be classified as questionable.<\/p>\n<p>&nbsp;<\/p>\n<h3 style=\"font-weight: 400;\">Sunflower oil: The small kernels have it all<\/h3>\n<p style=\"font-weight: 400;\">Sun-flower oil is very rich in linoleic acid, but has a relatively low content of so-called saturated fatty acids. In cosmetics, it is considered a very light and mildly caring oil with even an anti-inflammatory effect, which is due to its tocopherol content. This content also protects the skin lipids from oxidation and ensures that the oil is easily absorbed.<\/p>\n<p style=\"font-weight: 400;\">It is considered cell-renewing and even reduces excessive sebum production, can also be used as an anti-ageing agent due to its vitamin E content and increases the skin&#8217;s elasticity in the long term. Sunflower oil is often used in cleansing products such as cleansing creams or lotions, in make-up remover oils and in bath products. But it also performs well in hair care products and in light, non-sticky creams for oily skin. The fact that it does not leave a greasy film is also an important advantage.<\/p>\n<p>&nbsp;<\/p>\n<h3>Sunflower oil advantages<\/h3>\n<p style=\"font-weight: 400;\">This natural oil is also often used as a base for natural soaps. However, it tends to be a fast-moving substance and should therefore be stored in a dark, cool place and in carefully closed bottles.<\/p>\n<p style=\"font-weight: 400;\">An ideal home remedy, on the other hand, is a scrub that consists of sunflower oil and about four tablespoons of sea salt. It is quick to make and leaves the skin soft to the touch within a short time.<\/p>\n<p style=\"font-weight: 400;\">Basically, sunflower oil is very well tolerated, but people who suffer from couperose should be careful. This is a disease with dilated vessels in the facial area. The redness associated with the disease can be intensified by the slightly warming effect of sunflower oil, so that the substance would be rather counterproductive in this case.<\/p>\n<p style=\"font-weight: 400;\">Moreover, it is always better to resort to special preparations with sun-flower oil and not to use the oil pure from the supermarket, as it can possibly trigger allergies in higher concentrations.<\/p>\n<p style=\"font-weight: 400;\">In the kitchen, it is mainly used as cooking oil. As biofuel and biodiesel, it has recently been gaining in importance, and it is also very common in pharmaceuticals as a filler material in soft gelatine capsules. The warming properties have led to this oil even being used to treat skin ulcers, rheumatism, and joint diseases.<\/p>\n<p>&nbsp;<\/p>\n<p style=\"font-weight: 400;\"><strong>Fact sheet<\/strong><\/p>\n<p style=\"font-weight: 400;\">Alternative name: Helianthus Annuus (Sunflower) Seed Oil<\/p>\n<p style=\"font-weight: 400;\">INCI: Helianthus Annuus Oil<\/p>\n<p style=\"font-weight: 400;\">Contents: 77 percent linoleic acid, up to a maximum of 40 percent oleic acid<\/p>\n<p style=\"font-weight: 400;\">Use in cosmetics: Basis of various creams and lotions, as a bath additive, pure even as a make-up remover.<\/p>\n<p>&nbsp;<\/p>\n<p style=\"font-weight: 400;\"><strong>We like to work with these raw materials, based on sunflower oil:<\/strong><\/p>\n<p style=\"font-weight: 400;\">\n<table id=\"tablepress-234\" class=\"tablepress tablepress-id-234\">\n<thead>\n<tr class=\"row-1\">\n\t<th class=\"column-1\">Tradename<\/th><th class=\"column-2\">INCI<\/th><th class=\"column-3\">Supplier<\/th><th class=\"column-4\">Remarks<\/th>\n<\/tr>\n<\/thead>\n<tbody class=\"row-striping row-hover\">\n<tr class=\"row-2\">\n\t<td class=\"column-1\">Ama-oil<\/td><td class=\"column-2\">Helianthus Annuus (Sunflower) Seed Oil (and) Amaranthus Caudatus Seed Extract (and) Diisostearyl Malate (and) Rosmarinus Officinalis (Rosemary) Leaf Extract<\/td><td class=\"column-3\">Provital Group <\/td><td class=\"column-4\"><\/td>\n<\/tr>\n<tr class=\"row-3\">\n\t<td class=\"column-1\">Collageneer<\/td><td class=\"column-2\">Helianthus Annuus (Sunflower) Seed Oil (and) Lupinus Albus Seed Extract<\/td><td class=\"column-3\">Laboratoires Expanscience<\/td><td class=\"column-4\"><\/td>\n<\/tr>\n<tr class=\"row-4\">\n\t<td class=\"column-1\">ASTAPLANCTON HA<\/td><td class=\"column-2\">Helianthus Annuus (Sunflower) Seed Oil (and) Haematococcus Pluvialis Extract<\/td><td class=\"column-3\">Gelyma <\/td><td class=\"column-4\"><\/td>\n<\/tr>\n<tr class=\"row-5\">\n\t<td class=\"column-1\">Rosemary Antioxidant Extract 14% Diterpene Phenols (organic)<\/td><td class=\"column-2\">Helianthus Annuus (Sunflower) Seed Oil (and) Rosmarinus Officinalis (Rosemary) Leaf Extract<\/td><td class=\"column-3\">Flavex Naturextrakte GmbH <\/td><td class=\"column-4\"><\/td>\n<\/tr>\n<tr class=\"row-6\">\n\t<td class=\"column-1\">RootBioTec HO<\/td><td class=\"column-2\">Ocimum Basilicum Hairy Root Culture Extract (and) Helianthus Annuus (Sunflower) Seed Oil (and) Cocos Nucifera (Coconut) Oil<\/td><td class=\"column-3\">Mibelle AG <\/td><td class=\"column-4\"><\/td>\n<\/tr>\n<tr class=\"row-7\">\n\t<td class=\"column-1\">Sunflower Wax<\/td><td class=\"column-2\">Helianthus Annuus (Sunflower) Seed Wax<\/td><td class=\"column-3\">Koster Keunen BV<\/td><td class=\"column-4\"><\/td>\n<\/tr>\n<tr class=\"row-8\">\n\t<td class=\"column-1\">symbiomuls rich<\/td><td class=\"column-2\">Polyglyceryl-3 Stearate (and) Behenyl Alcohol (and) Glyceryl Stearate Citrate (and) Helianthus Annuus (Sunflower) Seed Wax (and) Glyceryl Caprate (and) Tocopherol (and) Ascorbyl Palmitate (and) Helianthus Annuus (Sunflower) Seed Oil <\/td><td class=\"column-3\">Dr. Straetmans<\/td><td class=\"column-4\"><\/td>\n<\/tr>\n<tr class=\"row-9\">\n\t<td class=\"column-1\">Acticire<\/td><td class=\"column-2\">Jojoba Esters (and) Helianthus Annuus (Sunflower) Seed Wax (and) Acacia Decurrens Flower Wax (and) Polyglycerin-3 <\/td><td class=\"column-3\">Gattefoss\u00e9 <\/td><td class=\"column-4\"><\/td>\n<\/tr>\n<tr class=\"row-10\">\n\t<td class=\"column-1\">Kahlwax 6607L<\/td><td class=\"column-2\">Helianthus Annuus (Sunflower) Seed Wax<\/td><td class=\"column-3\">Kahl Wax<\/td><td class=\"column-4\"><\/td>\n<\/tr>\n<\/tbody>\n<\/table>\n<!-- #tablepress-234 from cache --><\/p>\n<p>&nbsp;<\/p>\n<h3 style=\"font-weight: 400;\">Conclusion: The relatively inexpensive sunflower oil can do more than you think.<\/h3>\n<p style=\"font-weight: 400;\">Even in the organic variety, sunflower oil is quite affordable, but this does not mean that the oil plays a subordinate role. Since it does not leave a greasy film and not only makes the skin wonderfully soft, but also provides it with important ingredients, it should definitely not be underestimated in cosmetics.<\/p>\n<p style=\"font-weight: 400;\"><a href=\"https:\/\/www.cosmacon.de\/en\/contact\/enquiry\/\" target=\"_blank\" rel=\"noopener\">Feel free to ask us if you would like to have high-quality cosmetic products developed with sunflower oil.<\/a><\/p>\n<p>&nbsp;<\/p>\n<p style=\"font-weight: 400;\"><strong>Literature:<\/strong><\/p>\n<ul style=\"font-weight: 400;\">\n<li><a href=\"https:\/\/pubmed.ncbi.nlm.nih.gov\/23997655\/\">Antioxidant effect of mono- and dihydroxyphenols in\u00a0<strong>sunflower<\/strong>\u00a0oil with different levels of naturally present tocopherols.<\/a><\/li>\n<\/ul>\n<p style=\"font-weight: 400;\">Hr\u00e1dkov\u00e1 I, Merkl R, Smidrkal J, Kyselka J, Filip V.Eur J Lipid Sci Technol. 2013 Jul;115(7):747-755. doi: 10.1002\/ejlt.201200293.<\/p>\n<ul style=\"font-weight: 400;\">\n<li><a href=\"https:\/\/pubmed.ncbi.nlm.nih.gov\/35548366\/\">Vegetable Butters and Oils as Therapeutically and\u00a0<strong>Cosmetically<\/strong>\u00a0Active Ingredients for Dermal Use: A Review of Clinical Studies.<\/a><\/li>\n<\/ul>\n<p style=\"font-weight: 400;\">Polj\u0161ak N, Ko\u010devar Glava\u010d N.Front Pharmacol. 2022 Apr 25;13:868461.<\/p>\n<ul style=\"font-weight: 400;\">\n<li><a href=\"https:\/\/pubmed.ncbi.nlm.nih.gov\/33181142\/\">Isosorbide Di-(Linoleate\/Oleate) Stimulates Prodifferentiation Gene Expression to Restore the Epidermal Barrier and Improve Skin Hydration.<\/a><\/li>\n<\/ul>\n<p style=\"font-weight: 400;\">Bojanowski K, Swindell WR, Cantor S, Chaudhuri RK.J Invest Dermatol. 2021 Jun;141(6):1416-1427<\/p>\n<p>&nbsp;<\/p>\n","protected":false},"excerpt":{"rendered":"<p>Sunflower oil is light yellow and slightly nutty smelling. It is obtained by special pressing of the seeds and is known in cosmetics in two different variants: as pure and natural sunflower oil or \u00a0as oil from a specially cultivated variety, which therefore also contains more oleic acid and is therefore more stable. Although the&hellip;<\/p>\n","protected":false},"author":2,"featured_media":0,"parent":0,"menu_order":0,"comment_status":"closed","ping_status":"closed","template":"","meta":{"footnotes":""},"class_list":["post-11867","page","type-page","status-publish","hentry"],"yoast_head":"<!-- This site is optimized with the Yoast SEO plugin v27.1.1 - https:\/\/yoast.com\/product\/yoast-seo-wordpress\/ -->\n<title>sunflower oil - Helianthus Annuus Oil - Cosmacon<\/title>\n<meta name=\"robots\" content=\"index, follow, max-snippet:-1, max-image-preview:large, max-video-preview:-1\" \/>\n<link rel=\"canonical\" href=\"https:\/\/www.cosmacon.de\/en\/sunflower-oil\/\" \/>\n<meta property=\"og:locale\" content=\"en_US\" \/>\n<meta property=\"og:type\" content=\"article\" \/>\n<meta property=\"og:title\" content=\"sunflower oil - Helianthus Annuus Oil - Cosmacon\" \/>\n<meta property=\"og:description\" content=\"Sunflower oil is light yellow and slightly nutty smelling. It is obtained by special pressing of the seeds and is known in cosmetics in two different variants: as pure and natural sunflower oil or \u00a0as oil from a specially cultivated variety, which therefore also contains more oleic acid and is therefore more stable. Although the&hellip;\" \/>\n<meta property=\"og:url\" content=\"https:\/\/www.cosmacon.de\/en\/sunflower-oil\/\" \/>\n<meta property=\"og:site_name\" content=\"Cosmacon\" \/>\n<meta property=\"article:modified_time\" content=\"2022-11-19T20:25:57+00:00\" \/>\n<meta name=\"twitter:label1\" content=\"Est. reading time\" \/>\n\t<meta name=\"twitter:data1\" content=\"4 minutes\" \/>\n<script type=\"application\/ld+json\" class=\"yoast-schema-graph\">{\"@context\":\"https:\/\/schema.org\",\"@graph\":[{\"@type\":\"WebPage\",\"@id\":\"https:\/\/www.cosmacon.de\/en\/sunflower-oil\/\",\"url\":\"https:\/\/www.cosmacon.de\/en\/sunflower-oil\/\",\"name\":\"sunflower oil - Helianthus Annuus Oil - Cosmacon\",\"isPartOf\":{\"@id\":\"https:\/\/www.cosmacon.de\/#website\"},\"datePublished\":\"2022-11-19T20:25:26+00:00\",\"dateModified\":\"2022-11-19T20:25:57+00:00\",\"inLanguage\":\"en-US\",\"potentialAction\":[{\"@type\":\"ReadAction\",\"target\":[\"https:\/\/www.cosmacon.de\/en\/sunflower-oil\/\"]}]},{\"@type\":\"WebSite\",\"@id\":\"https:\/\/www.cosmacon.de\/#website\",\"url\":\"https:\/\/www.cosmacon.de\/\",\"name\":\"Cosmacon\",\"description\":\"\",\"potentialAction\":[{\"@type\":\"SearchAction\",\"target\":{\"@type\":\"EntryPoint\",\"urlTemplate\":\"https:\/\/www.cosmacon.de\/?s={search_term_string}\"},\"query-input\":{\"@type\":\"PropertyValueSpecification\",\"valueRequired\":true,\"valueName\":\"search_term_string\"}}],\"inLanguage\":\"en-US\"}]}<\/script>\n<!-- \/ Yoast SEO plugin. -->","yoast_head_json":{"title":"sunflower oil - Helianthus Annuus Oil - Cosmacon","robots":{"index":"index","follow":"follow","max-snippet":"max-snippet:-1","max-image-preview":"max-image-preview:large","max-video-preview":"max-video-preview:-1"},"canonical":"https:\/\/www.cosmacon.de\/en\/sunflower-oil\/","og_locale":"en_US","og_type":"article","og_title":"sunflower oil - Helianthus Annuus Oil - Cosmacon","og_description":"Sunflower oil is light yellow and slightly nutty smelling. It is obtained by special pressing of the seeds and is known in cosmetics in two different variants: as pure and natural sunflower oil or \u00a0as oil from a specially cultivated variety, which therefore also contains more oleic acid and is therefore more stable. Although the&hellip;","og_url":"https:\/\/www.cosmacon.de\/en\/sunflower-oil\/","og_site_name":"Cosmacon","article_modified_time":"2022-11-19T20:25:57+00:00","twitter_misc":{"Est. reading time":"4 minutes"},"schema":{"@context":"https:\/\/schema.org","@graph":[{"@type":"WebPage","@id":"https:\/\/www.cosmacon.de\/en\/sunflower-oil\/","url":"https:\/\/www.cosmacon.de\/en\/sunflower-oil\/","name":"sunflower oil - Helianthus Annuus Oil - Cosmacon","isPartOf":{"@id":"https:\/\/www.cosmacon.de\/#website"},"datePublished":"2022-11-19T20:25:26+00:00","dateModified":"2022-11-19T20:25:57+00:00","inLanguage":"en-US","potentialAction":[{"@type":"ReadAction","target":["https:\/\/www.cosmacon.de\/en\/sunflower-oil\/"]}]},{"@type":"WebSite","@id":"https:\/\/www.cosmacon.de\/#website","url":"https:\/\/www.cosmacon.de\/","name":"Cosmacon","description":"","potentialAction":[{"@type":"SearchAction","target":{"@type":"EntryPoint","urlTemplate":"https:\/\/www.cosmacon.de\/?s={search_term_string}"},"query-input":{"@type":"PropertyValueSpecification","valueRequired":true,"valueName":"search_term_string"}}],"inLanguage":"en-US"}]}},"_links":{"self":[{"href":"https:\/\/www.cosmacon.de\/en\/wp-json\/wp\/v2\/pages\/11867","targetHints":{"allow":["GET"]}}],"collection":[{"href":"https:\/\/www.cosmacon.de\/en\/wp-json\/wp\/v2\/pages"}],"about":[{"href":"https:\/\/www.cosmacon.de\/en\/wp-json\/wp\/v2\/types\/page"}],"author":[{"embeddable":true,"href":"https:\/\/www.cosmacon.de\/en\/wp-json\/wp\/v2\/users\/2"}],"replies":[{"embeddable":true,"href":"https:\/\/www.cosmacon.de\/en\/wp-json\/wp\/v2\/comments?post=11867"}],"version-history":[{"count":2,"href":"https:\/\/www.cosmacon.de\/en\/wp-json\/wp\/v2\/pages\/11867\/revisions"}],"predecessor-version":[{"id":11869,"href":"https:\/\/www.cosmacon.de\/en\/wp-json\/wp\/v2\/pages\/11867\/revisions\/11869"}],"wp:attachment":[{"href":"https:\/\/www.cosmacon.de\/en\/wp-json\/wp\/v2\/media?parent=11867"}],"curies":[{"name":"wp","href":"https:\/\/api.w.org\/{rel}","templated":true}]}}