{"id":11248,"date":"2022-10-19T06:26:13","date_gmt":"2022-10-19T05:26:13","guid":{"rendered":"https:\/\/www.cosmacon.de\/?page_id=11248"},"modified":"2022-10-21T07:25:52","modified_gmt":"2022-10-21T06:25:52","slug":"curcuma-longa","status":"publish","type":"page","link":"https:\/\/www.cosmacon.de\/en\/curcuma-longa\/","title":{"rendered":"Curcuma longa"},"content":{"rendered":"<p><a href=\"https:\/\/www.cosmacon.de\/wp-content\/uploads\/2018\/06\/Kurkuma.jpg\"><img loading=\"lazy\" decoding=\"async\" class=\"alignright size-medium wp-image-7504\" src=\"https:\/\/www.cosmacon.de\/wp-content\/uploads\/2018\/06\/Kurkuma-702x468.jpg\" alt=\"Turmeric extract; Curcuma Longa (Turmeric) Root Extract\" width=\"702\" height=\"468\" srcset=\"https:\/\/www.cosmacon.de\/wp-content\/uploads\/2018\/06\/Kurkuma-702x468.jpg 702w, https:\/\/www.cosmacon.de\/wp-content\/uploads\/2018\/06\/Kurkuma-150x100.jpg 150w, https:\/\/www.cosmacon.de\/wp-content\/uploads\/2018\/06\/Kurkuma-768x512.jpg 768w, https:\/\/www.cosmacon.de\/wp-content\/uploads\/2018\/06\/Kurkuma-1404x937.jpg 1404w, https:\/\/www.cosmacon.de\/wp-content\/uploads\/2018\/06\/Kurkuma.jpg 1688w\" sizes=\"auto, (max-width: 702px) 100vw, 702px\" \/><\/a><\/p>\n<p style=\"font-weight: 400;\">Curcuma longa belongs to the ginger family, Zingiberaceae. The spice plant has its origin in South Asia. Today it is cultivated mainly in the South American tropics, China, Indonesia, and the Indian subcontinent.\u00a0 It is also known as curcuma or Indian saffron. Turmeric or turmeric\u00a0 extract has plaid a key role in the traditional Chinese medicine (TCM) and Ayurveda medicine for 5000 years. The herbaceous plant with the unique rhizomes indeed is one of the oldest medicinal plants. In Europe, turmeric for centuries has been used primarily as a cooking spice. The spice was and is contained in almost every curry powder. Its medicinal effects have become the object of scientific research in the Western world only over the last few years.<\/p>\n<p style=\"font-weight: 400;\">Exclusively the rhizome is used to produce the Curcuma longa. Usually it is air-dried for some days and then ground in a mortar.<\/p>\n<p>&nbsp;<\/p>\n<h3 style=\"font-weight: 400;\">The components of Curcuma longa and its effects<\/h3>\n<p style=\"font-weight: 400;\">The main component is curcumin, a substance also used as a food additive. In food production, curcuma is used as a (yellow) colorant and flavor. The medicinal effects of curcumin are even more interesting and important. It alleviates pain and reduces inflammation. It helps to eliminate heavy metals from the organism and is said to prevent cancer. Studies prove that the anti-inflammatory effect of curcumin is equal to the effect of many medicines. Compared to usual medicines, curcumin has no harmful side-effects. Its antioxidative activity has been used successfully already for some time to control arthritis and degenerative joint diseases.<\/p>\n<p style=\"font-weight: 400;\">Curcumin is only one of four different curcuminoids contained in the plant. The other three substances are cyclocurcumin, bisdemethoxycurcumin and demethoxycurcumin. To simplify the facts the mixture of these four substances is called curcumin.<\/p>\n<p style=\"font-weight: 400;\">Curcuma contains vitamin B6. In combination with folic acid and vitamin B12 it prevents an excessive increase of the homocysteine level in the body which would damage the vascular walls in the long term. A high homocysteine level is a medical risk factor for dangerous atherosclerotic plaques that promote heart diseases.<\/p>\n<p style=\"font-weight: 400;\">A rather new study proves that Curcuma longa is a powerful shield against Alzheimer disease.<\/p>\n<p style=\"font-weight: 400;\">The German, Austrian and American societies of oncology now recommend Curcuma longa as an adjuvant measure in cancer therapy. Curcumin is able to prevent vulnerable cells from mutating into cancer cells, to inhibit the formation and spread of metastases, to increase the permeability of the membranes of cancer cells to enhance the effectiveness of radiation therapy, and to decrease to development of blood vessels in tumors.<\/p>\n<p style=\"font-weight: 400;\">Curcuma is almost free of cholesterol and is rich in magnesium. It has a high content of calcium: up to 180 milligrams per 100 grams.<\/p>\n<p style=\"font-weight: 400;\">Its antimicrobial essential oils (5.0 to 7.0 percent) fight microorganisms.<\/p>\n<p style=\"font-weight: 400;\">In total, curcuma contains nearly 90 components; polysaccharides, ferulic acid, caffeic acid, manganese, phosphorous, chrome and resin are some that add to those already mentioned.<\/p>\n<p>&nbsp;<\/p>\n<h3 style=\"font-weight: 400;\">Curcuma in cosmetics<\/h3>\n<p style=\"font-weight: 400;\">Curcuma means wellness for skin, hair and nails. The multitudes of precious ingredients promote skin circulation and have decongestant and antibacterial effects.\u00a0 Thanks to the high percentage of natural antioxidants, Curcuma longa helps to protect against premature skin aging and wrinkles.<\/p>\n<p style=\"font-weight: 400;\">Problem skin prone to inflammations or extreme sensitivity reactions will profit from skin care with curcuma. It is helpful also for skin conditions of eczema or skin fungi.<\/p>\n<p style=\"font-weight: 400;\">In hair care products, curcuma helps to increase volume, density and beauty with regular use.\u00a0 Moreover, it has excellent performance in anti-dandruff products.<\/p>\n<p style=\"font-weight: 400;\">Curcuma is a rich biological source of trace elements, such as copper and zinc, biotin and essential B vitamins. All these nutrients are important to build collagen and connective tissue and support healthy nails and cuticles.<\/p>\n<p style=\"font-weight: 400;\">Curcuma longa is even reported to work as a natural bleaching for teeth.<\/p>\n<p style=\"font-weight: 400;\">Not to forget the inhibiting effect of curcumin on the spread of herpes viruses. By stopping a co-activator protein (p300) it prevents any virus growth. The antiviral effect of curcumin can be used for lip herpes as well as for genital herpes. The ideal form of application is an ointment preparation.<\/p>\n<p style=\"font-weight: 400;\">Curcuma longa is easy to integrate into various cosmetic formulas. Whether in masks for skin impurities, anti-aging products or in shampoos, curcuma is suitable for many application forms.<\/p>\n<p style=\"font-weight: 400;\">Its image is completed by its high performance as an antioxidant and defence against free radicals that damage cell structures.<\/p>\n<p>&nbsp;<\/p>\n<p style=\"font-weight: 400;\"><strong>Portrait:\u00a0 Curcuma longa <\/strong><\/p>\n<p style=\"font-weight: 400;\">Alternative terms: Indian saffron, Indian curcuma, Yellow ginger<\/p>\n<p style=\"font-weight: 400;\">INCI: Curcuma Longa (Turmeric) Root Extract<\/p>\n<p style=\"font-weight: 400;\">Properties: antioxidative, anti-inflammatory, cancer preventive<\/p>\n<p style=\"font-weight: 400;\">Definition: yellow powder<\/p>\n<p style=\"font-weight: 400;\">Main components: \u00a0curcuminoids (3.0 to 5.0 percent), essential oils, vitamin B6, vitamin B12, zinc, copper, magnesium, ferulic acid, caffeic acid<\/p>\n<p>&nbsp;<\/p>\n<p style=\"font-weight: 400;\"><strong>We are enthusiastic about applying these turmeric active agents.<\/strong><\/p>\n<p style=\"font-weight: 400;\">\n<table id=\"tablepress-204\" class=\"tablepress tablepress-id-204\">\n<thead>\n<tr class=\"row-1\">\n\t<th class=\"column-1\">Tradename<\/th><th class=\"column-2\">INCI<\/th><th class=\"column-3\">Supplier<\/th><th class=\"column-4\">Remarks<\/th>\n<\/tr>\n<\/thead>\n<tbody class=\"row-striping row-hover\">\n<tr class=\"row-2\">\n\t<td class=\"column-1\">Curcuma Longa CO2-TO Extract (organic) <\/td><td class=\"column-2\">Curcuma Longa (Turmeric) Root Extract<\/td><td class=\"column-3\">Flavex Naturextrakte GmbH<\/td><td class=\"column-4\"><\/td>\n<\/tr>\n<tr class=\"row-3\">\n\t<td class=\"column-1\">Turmeric Oil (CO2)<\/td><td class=\"column-2\">Curcuma Longa (Turmeric) Root Extract<\/td><td class=\"column-3\">Gfn-Selco<\/td><td class=\"column-4\"><\/td>\n<\/tr>\n<tr class=\"row-4\">\n\t<td class=\"column-1\">TEGO  Turmerone<\/td><td class=\"column-2\">Curcuma Longa (Turmeric) Root Extract<\/td><td class=\"column-3\">Evonik Nutrition &amp; Care GmbH, BL Personal Care<\/td><td class=\"column-4\"><\/td>\n<\/tr>\n<tr class=\"row-5\">\n\t<td class=\"column-1\">Planoxia-CL-SCF<\/td><td class=\"column-2\">Curcuma Longa (Turmeric) Root Oil<\/td><td class=\"column-3\">Radiant Inc.<\/td><td class=\"column-4\"><\/td>\n<\/tr>\n<tr class=\"row-6\">\n\t<td class=\"column-1\">Melscreen  Gold EX AV<\/td><td class=\"column-2\">Water (and) Glycerin (and) Curcuma Longa (Turmeric) Root Extract (and) Crocus Sativus Flower Extract<\/td><td class=\"column-3\">Chemyunion<\/td><td class=\"column-4\"><\/td>\n<\/tr>\n<tr class=\"row-7\">\n\t<td class=\"column-1\">Salinatural TCLS<\/td><td class=\"column-2\">Curcuma Longa (Turmeric) Root Oil (and) Eugenia Caryophyllus (Clove) Flower Oil (and) Cymbopogon Schoenanthus Oil (and) Sesamum Indicum (Sesame) Seed Oil<\/td><td class=\"column-3\">Salicylates and Chemicals <\/td><td class=\"column-4\"><\/td>\n<\/tr>\n<\/tbody>\n<\/table>\n<!-- #tablepress-204 from cache --><\/p>\n<p>&nbsp;<\/p>\n<h3 style=\"font-weight: 400;\">Curcuma longa for superior formulations<\/h3>\n<p style=\"font-weight: 400;\">Curcuma longa is a really natural shield against premature skin aging, skin impurities, fragile nails, brittle hair and many other problems. We at Cosmacon know how to use the precious substance in best formulations. <a href=\"https:\/\/www.cosmacon.de\/en\/contact\/enquiry\/\" target=\"_blank\" rel=\"noopener\">We develop the personalized solutions perfectly matching your demands.<\/a><\/p>\n<p>&nbsp;<\/p>\n<p style=\"font-weight: 400;\"><strong>If you want more information regarding turmeric extract, please visit website of our partner:\u00a0<\/strong><strong><a href=\"https:\/\/lyfebotanicals.com\/\">lyfebotanicals<\/a><\/strong><strong>.<\/strong><\/p>\n<p>&nbsp;<\/p>\n<p>Literature<\/p>\n<p style=\"font-weight: 400;\"><a href=\"https:\/\/pubmed.ncbi.nlm.nih.gov\/32486109\/\">Testing the Effectiveness of\u00a0<strong><em>Curcuma<\/em><\/strong><em>\u00a0longa<\/em>\u00a0Leaf Extract on a Skin Equivalent Using a Pumpless Skin-on-a-Chip Model.<\/a><\/p>\n<p style=\"font-weight: 400;\">Kim K, Jeon HM, Choi KC, Sung GY.Int J Mol Sci. 2020 May 29;21(11):3898<\/p>\n<p style=\"font-weight: 400;\"><a href=\"https:\/\/pubmed.ncbi.nlm.nih.gov\/33800364\/\">Comparative Study of Chemical Composition and Antioxidant Activity of Essential Oils and Crude Extracts of Four Characteristic\u00a0<em>Zingiberaceae<\/em>\u00a0Herbs.<\/a><\/p>\n<p style=\"font-weight: 400;\">Ivanovi\u0107 M, Makoter K, Islam\u010devi\u0107 Razbor\u0161ek M.Plants (Basel). 2021 Mar 8;10(3):501<\/p>\n<p style=\"font-weight: 400;\"><a href=\"https:\/\/pubmed.ncbi.nlm.nih.gov\/29243674\/\">Turmeric: A condiment,\u00a0<strong>cosmetic<\/strong>\u00a0and cure.<\/a><\/p>\n<p style=\"font-weight: 400;\">Gopinath H, Karthikeyan K.Indian J Dermatol Venereol Leprol. 2018 Jan-Feb;84(1):16-21<\/p>\n<p style=\"font-weight: 400;\"><a href=\"https:\/\/pubmed.ncbi.nlm.nih.gov\/29232190\/\">The effects of\u00a0<strong>Curcuma<\/strong>\u00a0longa and curcumin on reproductive systems.<\/a><\/p>\n<p style=\"font-weight: 400;\">Mohebbati R, Anaeigoudari A, Khazdair MR.Endocr Regul. 2017 Oct 26;51(4):220-228<\/p>\n<p>&nbsp;<\/p>\n","protected":false},"excerpt":{"rendered":"<p>Curcuma longa belongs to the ginger family, Zingiberaceae. The spice plant has its origin in South Asia. Today it is cultivated mainly in the South American tropics, China, Indonesia, and the Indian subcontinent.\u00a0 It is also known as curcuma or Indian saffron. Turmeric or turmeric\u00a0 extract has plaid a key role in the traditional Chinese&hellip;<\/p>\n","protected":false},"author":2,"featured_media":0,"parent":0,"menu_order":0,"comment_status":"closed","ping_status":"closed","template":"","meta":{"footnotes":""},"class_list":["post-11248","page","type-page","status-publish","hentry"],"yoast_head":"<!-- This site is optimized with the Yoast SEO plugin v27.1.1 - https:\/\/yoast.com\/product\/yoast-seo-wordpress\/ -->\n<title>Curcuma longa - Turmeric extract - Cosmacon<\/title>\n<meta name=\"robots\" content=\"index, follow, max-snippet:-1, max-image-preview:large, max-video-preview:-1\" \/>\n<link rel=\"canonical\" href=\"https:\/\/www.cosmacon.de\/en\/curcuma-longa\/\" \/>\n<meta property=\"og:locale\" content=\"en_US\" \/>\n<meta property=\"og:type\" content=\"article\" \/>\n<meta property=\"og:title\" content=\"Curcuma longa - Turmeric extract - Cosmacon\" \/>\n<meta property=\"og:description\" content=\"Curcuma longa belongs to the ginger family, Zingiberaceae. The spice plant has its origin in South Asia. Today it is cultivated mainly in the South American tropics, China, Indonesia, and the Indian subcontinent.\u00a0 It is also known as curcuma or Indian saffron. Turmeric or turmeric\u00a0 extract has plaid a key role in the traditional Chinese&hellip;\" \/>\n<meta property=\"og:url\" content=\"https:\/\/www.cosmacon.de\/en\/curcuma-longa\/\" \/>\n<meta property=\"og:site_name\" content=\"Cosmacon\" \/>\n<meta property=\"article:modified_time\" content=\"2022-10-21T06:25:52+00:00\" \/>\n<meta property=\"og:image\" content=\"https:\/\/www.cosmacon.de\/wp-content\/uploads\/2018\/06\/Kurkuma-702x468.jpg\" \/>\n<meta name=\"twitter:label1\" content=\"Est. reading time\" \/>\n\t<meta name=\"twitter:data1\" content=\"5 minutes\" \/>\n<script type=\"application\/ld+json\" class=\"yoast-schema-graph\">{\"@context\":\"https:\/\/schema.org\",\"@graph\":[{\"@type\":\"WebPage\",\"@id\":\"https:\/\/www.cosmacon.de\/en\/curcuma-longa\/\",\"url\":\"https:\/\/www.cosmacon.de\/en\/curcuma-longa\/\",\"name\":\"Curcuma longa - Turmeric extract - Cosmacon\",\"isPartOf\":{\"@id\":\"https:\/\/www.cosmacon.de\/#website\"},\"primaryImageOfPage\":{\"@id\":\"https:\/\/www.cosmacon.de\/en\/curcuma-longa\/#primaryimage\"},\"image\":{\"@id\":\"https:\/\/www.cosmacon.de\/en\/curcuma-longa\/#primaryimage\"},\"thumbnailUrl\":\"https:\/\/www.cosmacon.de\/wp-content\/uploads\/2018\/06\/Kurkuma-702x468.jpg\",\"datePublished\":\"2022-10-19T05:26:13+00:00\",\"dateModified\":\"2022-10-21T06:25:52+00:00\",\"inLanguage\":\"en-US\",\"potentialAction\":[{\"@type\":\"ReadAction\",\"target\":[\"https:\/\/www.cosmacon.de\/en\/curcuma-longa\/\"]}]},{\"@type\":\"ImageObject\",\"inLanguage\":\"en-US\",\"@id\":\"https:\/\/www.cosmacon.de\/en\/curcuma-longa\/#primaryimage\",\"url\":\"https:\/\/www.cosmacon.de\/wp-content\/uploads\/2018\/06\/Kurkuma-702x468.jpg\",\"contentUrl\":\"https:\/\/www.cosmacon.de\/wp-content\/uploads\/2018\/06\/Kurkuma-702x468.jpg\"},{\"@type\":\"WebSite\",\"@id\":\"https:\/\/www.cosmacon.de\/#website\",\"url\":\"https:\/\/www.cosmacon.de\/\",\"name\":\"Cosmacon\",\"description\":\"\",\"potentialAction\":[{\"@type\":\"SearchAction\",\"target\":{\"@type\":\"EntryPoint\",\"urlTemplate\":\"https:\/\/www.cosmacon.de\/?s={search_term_string}\"},\"query-input\":{\"@type\":\"PropertyValueSpecification\",\"valueRequired\":true,\"valueName\":\"search_term_string\"}}],\"inLanguage\":\"en-US\"}]}<\/script>\n<!-- \/ Yoast SEO plugin. -->","yoast_head_json":{"title":"Curcuma longa - Turmeric extract - Cosmacon","robots":{"index":"index","follow":"follow","max-snippet":"max-snippet:-1","max-image-preview":"max-image-preview:large","max-video-preview":"max-video-preview:-1"},"canonical":"https:\/\/www.cosmacon.de\/en\/curcuma-longa\/","og_locale":"en_US","og_type":"article","og_title":"Curcuma longa - Turmeric extract - Cosmacon","og_description":"Curcuma longa belongs to the ginger family, Zingiberaceae. The spice plant has its origin in South Asia. Today it is cultivated mainly in the South American tropics, China, Indonesia, and the Indian subcontinent.\u00a0 It is also known as curcuma or Indian saffron. Turmeric or turmeric\u00a0 extract has plaid a key role in the traditional Chinese&hellip;","og_url":"https:\/\/www.cosmacon.de\/en\/curcuma-longa\/","og_site_name":"Cosmacon","article_modified_time":"2022-10-21T06:25:52+00:00","og_image":[{"url":"https:\/\/www.cosmacon.de\/wp-content\/uploads\/2018\/06\/Kurkuma-702x468.jpg","type":"","width":"","height":""}],"twitter_misc":{"Est. reading time":"5 minutes"},"schema":{"@context":"https:\/\/schema.org","@graph":[{"@type":"WebPage","@id":"https:\/\/www.cosmacon.de\/en\/curcuma-longa\/","url":"https:\/\/www.cosmacon.de\/en\/curcuma-longa\/","name":"Curcuma longa - Turmeric extract - Cosmacon","isPartOf":{"@id":"https:\/\/www.cosmacon.de\/#website"},"primaryImageOfPage":{"@id":"https:\/\/www.cosmacon.de\/en\/curcuma-longa\/#primaryimage"},"image":{"@id":"https:\/\/www.cosmacon.de\/en\/curcuma-longa\/#primaryimage"},"thumbnailUrl":"https:\/\/www.cosmacon.de\/wp-content\/uploads\/2018\/06\/Kurkuma-702x468.jpg","datePublished":"2022-10-19T05:26:13+00:00","dateModified":"2022-10-21T06:25:52+00:00","inLanguage":"en-US","potentialAction":[{"@type":"ReadAction","target":["https:\/\/www.cosmacon.de\/en\/curcuma-longa\/"]}]},{"@type":"ImageObject","inLanguage":"en-US","@id":"https:\/\/www.cosmacon.de\/en\/curcuma-longa\/#primaryimage","url":"https:\/\/www.cosmacon.de\/wp-content\/uploads\/2018\/06\/Kurkuma-702x468.jpg","contentUrl":"https:\/\/www.cosmacon.de\/wp-content\/uploads\/2018\/06\/Kurkuma-702x468.jpg"},{"@type":"WebSite","@id":"https:\/\/www.cosmacon.de\/#website","url":"https:\/\/www.cosmacon.de\/","name":"Cosmacon","description":"","potentialAction":[{"@type":"SearchAction","target":{"@type":"EntryPoint","urlTemplate":"https:\/\/www.cosmacon.de\/?s={search_term_string}"},"query-input":{"@type":"PropertyValueSpecification","valueRequired":true,"valueName":"search_term_string"}}],"inLanguage":"en-US"}]}},"_links":{"self":[{"href":"https:\/\/www.cosmacon.de\/en\/wp-json\/wp\/v2\/pages\/11248","targetHints":{"allow":["GET"]}}],"collection":[{"href":"https:\/\/www.cosmacon.de\/en\/wp-json\/wp\/v2\/pages"}],"about":[{"href":"https:\/\/www.cosmacon.de\/en\/wp-json\/wp\/v2\/types\/page"}],"author":[{"embeddable":true,"href":"https:\/\/www.cosmacon.de\/en\/wp-json\/wp\/v2\/users\/2"}],"replies":[{"embeddable":true,"href":"https:\/\/www.cosmacon.de\/en\/wp-json\/wp\/v2\/comments?post=11248"}],"version-history":[{"count":5,"href":"https:\/\/www.cosmacon.de\/en\/wp-json\/wp\/v2\/pages\/11248\/revisions"}],"predecessor-version":[{"id":11346,"href":"https:\/\/www.cosmacon.de\/en\/wp-json\/wp\/v2\/pages\/11248\/revisions\/11346"}],"wp:attachment":[{"href":"https:\/\/www.cosmacon.de\/en\/wp-json\/wp\/v2\/media?parent=11248"}],"curies":[{"name":"wp","href":"https:\/\/api.w.org\/{rel}","templated":true}]}}