{"id":10946,"date":"2022-09-18T14:40:52","date_gmt":"2022-09-18T13:40:52","guid":{"rendered":"https:\/\/www.cosmacon.de\/?page_id=10946"},"modified":"2022-09-18T14:41:35","modified_gmt":"2022-09-18T13:41:35","slug":"lemongrass","status":"publish","type":"page","link":"https:\/\/www.cosmacon.de\/en\/lemongrass\/","title":{"rendered":"Lemongrass"},"content":{"rendered":"<p>&nbsp;<\/p>\n<p style=\"font-weight: 400;\"><a href=\"https:\/\/www.cosmacon.de\/wp-content\/uploads\/2021\/11\/Zitronengras-scaled.jpg\"><img loading=\"lazy\" decoding=\"async\" class=\"alignright size-medium wp-image-9873\" src=\"https:\/\/www.cosmacon.de\/wp-content\/uploads\/2021\/11\/Zitronengras-702x527.jpg\" alt=\"Cymbopogon Flexuosus Herb Oil; Lemon Oil\" width=\"702\" height=\"527\" srcset=\"https:\/\/www.cosmacon.de\/wp-content\/uploads\/2021\/11\/Zitronengras-702x527.jpg 702w, https:\/\/www.cosmacon.de\/wp-content\/uploads\/2021\/11\/Zitronengras-1404x1053.jpg 1404w, https:\/\/www.cosmacon.de\/wp-content\/uploads\/2021\/11\/Zitronengras-150x113.jpg 150w, https:\/\/www.cosmacon.de\/wp-content\/uploads\/2021\/11\/Zitronengras-768x576.jpg 768w, https:\/\/www.cosmacon.de\/wp-content\/uploads\/2021\/11\/Zitronengras-1536x1152.jpg 1536w, https:\/\/www.cosmacon.de\/wp-content\/uploads\/2021\/11\/Zitronengras-2048x1536.jpg 2048w\" sizes=\"auto, (max-width: 702px) 100vw, 702px\" \/><\/a> (Cymbopogon) belongs to the sweet grass family. Lemongrass grows to a height of one to two metres. The evergreen herbaceous plant forms dense clumps of bushes and thrives best in sandy soils with full sunlight and temperatures between 18 and 29 degrees Celsius. It is grown commercially in Sri Lanka, India, China, Great Britain, Indochina, South America and Africa. Two varieties are particularly interesting: the East Indian (Cymbopogon flexuosus) and the West Indian lemongrass (Cymbopogon citratus). While the latter species is used as both a spice and a medicinal plant, the East Indian variety is mainly used for perfume production and as a medicinal herb, but is not used as a spice.<\/p>\n<p>&nbsp;<\/p>\n<h3 style=\"font-weight: 400;\">The use of lemongrass in the kitchen<\/h3>\n<p style=\"font-weight: 400;\">Lemongrass has a slightly lemony flavour and a subtle rose fragrance.<\/p>\n<p style=\"font-weight: 400;\">In Asian countries, the fresh leaves are used to make a thirst-quenching tea. They are also suitable for refining Asian and Mediterranean dishes. The plant has another interesting effect, however, because its essential oil repels insects and vermin in the kitchen.<\/p>\n<p>&nbsp;<\/p>\n<h3 style=\"font-weight: 400;\">Lemongrass in naturopathy and aromatherapy<\/h3>\n<p style=\"font-weight: 400;\">In naturopathy and aromatherapy, it is mainly the essential oil that is used, which is found mainly in the stems with a content of up to 0.5 percent.<\/p>\n<p style=\"font-weight: 400;\">Lemongrass has a stimulating effect on our state of mind and drives away gloomy thoughts. It makes us optimistic, helps against lethargy and nervousness, promotes concentration and counteracts mental exhaustion. If the temples and forehead are rubbed with the essential oil, headaches are often reduced. Inhaling lemongrass oil provides relief from colds and sinusitis. It has an antispasmodic effect on gastrointestinal complaints and vomiting diarrhea. Sprains and rheumatic complaints can be alleviated with rubs. In a fragrance lamp, lemongrass neutralises bad odours such as stale cigarette smoke. It is also said to prevent varicose veins because it strengthens and dilates the blood vessels. Lemongrass has a firming effect on weak connective tissue.<\/p>\n<p>&nbsp;<\/p>\n<h3 style=\"font-weight: 400;\">The ingredients of lemongrass<\/h3>\n<p style=\"font-weight: 400;\">Lemongrass is rich in valuable ingredients. Among other things, it contains 1,8-cineole, citronellal, citronellol, alpha-pinene, alpha-camphorone, alpha-terpineol and beta-sitosterol. It also contains magnesium, manganese, L-linalool, geraniol, rutin, quercetin and limonene.<\/p>\n<p>&nbsp;<\/p>\n<h3 style=\"font-weight: 400;\">Lemongrass for cosmetic formulations<\/h3>\n<p style=\"font-weight: 400;\">Due to the aforementioned firming effect on the connective tissue, lemongrass is an excellent ingredient for massage oils and body lotions. Those who suffer from cellulite should regularly rub their thighs with a lemongrass cream. Furthermore, lemongrass contributes to a healthy and beautiful complexion. The antioxidants it contains fight free radicals and can reduce signs of ageing such as pigmentation spots or small wrinkles. The invigorating, toning and circulation-enhancing effect leaves the complexion looking fresh, radiant and rosy. Thanks to the antiseptic effect, inflamed areas usually calm down very quickly and minor injuries and skin cracks heal faster. This can also prevent the formation of skin blemishes. Due to its germ-, fungus- and bacteria-killing as well as deodorising properties, the plant is also very suitable for soaps, washing lotions, bath additives and shower gels. The flowery, lemony scent is perceived by most people as very pleasant, fresh and stimulating, as it has a positive effect on the overall well-being.<\/p>\n<p>&nbsp;<\/p>\n<p style=\"font-weight: 400;\"><strong>Fact Sheet Lemongrass (Oil)<\/strong><\/p>\n<p style=\"font-weight: 400;\">INCI: Cymbopogon Flexuosus Herb Oil<\/p>\n<p style=\"font-weight: 400;\">CAS number: 91844-92-7<\/p>\n<p style=\"font-weight: 400;\">EINCS \/ ELINCS: 295-161-9<\/p>\n<p style=\"font-weight: 400;\">Extraction: by steam distillation from Cymbopogon flexuosus<\/p>\n<p style=\"font-weight: 400;\">Plant family: Poaceae (sweet grasses)<\/p>\n<p style=\"font-weight: 400;\">Description: a pale yellow to orange oil with a lemony fragrance<\/p>\n<p style=\"font-weight: 400;\">Solubility: soluble in ethanol<\/p>\n<p style=\"font-weight: 400;\">Main constituents: 1,8-cineole, citronellol, citronellal, limonene, linalool<\/p>\n<p style=\"font-weight: 400;\">Effect: antiseptic, antibacterial, stimulating and invigorating, antioxidant, vasodilator, stimulates lymph flow, firming<\/p>\n<p>&nbsp;<\/p>\n<h3 style=\"font-weight: 400;\">Modern and innovative cosmetics with lemongrass<\/h3>\n<p style=\"font-weight: 400;\">With its fresh and invigorating scent, lemongrass is a true blessing for body, mind and soul. In addition, the essential oil has many positive effects on our skin. It tightens the connective tissue, prevents skin impurities, has an antioxidant effect and improves the skin&#8217;s appearance. <a href=\"https:\/\/www.cosmacon.de\/en\/contact\/enquiry\/\" target=\"_blank\" rel=\"noopener\">Find out more about the many uses of lemongrass at Cosmacon.<\/a><\/p>\n<p>&nbsp;<\/p>\n<p style=\"font-weight: 400;\"><strong>Literature<\/strong><\/p>\n<p style=\"font-weight: 400;\"><a href=\"https:\/\/pubmed.ncbi.nlm.nih.gov\/33431767\/\">Chemical and Nutritional Compounds of Different Parts of Lemongrass (<strong>Cymbopogon<\/strong>\u00a0citratus (DC) Stapf.) Cultivated in Temperate Climate of Poland.<\/a><\/p>\n<p style=\"font-weight: 400;\">Kie\u0142tyka-Dadasiewicz A, Ludwiczuk A, Tarasevi\u010dien\u0117 \u017d, Michalak M, G\u0142owacka A, Baj T, Kr\u0119cisz B, Krochmal-Marczak B.J Oleo Sci. 2021;70(1):125-133<\/p>\n<p style=\"font-weight: 400;\"><a href=\"https:\/\/pubmed.ncbi.nlm.nih.gov\/35052524\/\">Lemongrass Essential Oil Components with Antimicrobial and Anticancer Activities.<\/a><\/p>\n<p style=\"font-weight: 400;\">Mukarram M, Choudhary S, Khan MA, Poltronieri P, Khan MMA, Ali J, Kurjak D, Shahid M.Antioxidants (Basel). 2021 Dec 22;11(1):20.<\/p>\n<p style=\"font-weight: 400;\"><a href=\"https:\/\/pubmed.ncbi.nlm.nih.gov\/29116300\/\"><strong>Cymbopogon<\/strong>\u00a0citratus essential oil: effect on polymicrobial caries-related biofilm with low cytotoxicity.<\/a><\/p>\n<p style=\"font-weight: 400;\">Oliveira MAC, Borges AC, Brighenti FL, Salvador MJ, Gontijo AVL, Koga-Ito CY.Braz Oral Res. 2017 Nov 6;31:e89<\/p>\n<p style=\"font-weight: 400;\">\n","protected":false},"excerpt":{"rendered":"<p>&nbsp; (Cymbopogon) belongs to the sweet grass family. Lemongrass grows to a height of one to two metres. The evergreen herbaceous plant forms dense clumps of bushes and thrives best in sandy soils with full sunlight and temperatures between 18 and 29 degrees Celsius. It is grown commercially in Sri Lanka, India, China, Great Britain,&hellip;<\/p>\n","protected":false},"author":2,"featured_media":0,"parent":0,"menu_order":0,"comment_status":"closed","ping_status":"closed","template":"","meta":{"footnotes":""},"class_list":["post-10946","page","type-page","status-publish","hentry"],"yoast_head":"<!-- This site is optimized with the Yoast SEO plugin v27.1.1 - https:\/\/yoast.com\/product\/yoast-seo-wordpress\/ -->\n<title>Lemongrass - Cymbopogon Flexuosus Herb Oil - Cosmacon<\/title>\n<meta name=\"robots\" content=\"index, follow, max-snippet:-1, max-image-preview:large, max-video-preview:-1\" \/>\n<link rel=\"canonical\" href=\"https:\/\/www.cosmacon.de\/en\/lemongrass\/\" \/>\n<meta property=\"og:locale\" content=\"en_US\" \/>\n<meta property=\"og:type\" content=\"article\" \/>\n<meta property=\"og:title\" content=\"Lemongrass - Cymbopogon Flexuosus Herb Oil - Cosmacon\" \/>\n<meta property=\"og:description\" content=\"&nbsp; (Cymbopogon) belongs to the sweet grass family. Lemongrass grows to a height of one to two metres. The evergreen herbaceous plant forms dense clumps of bushes and thrives best in sandy soils with full sunlight and temperatures between 18 and 29 degrees Celsius. It is grown commercially in Sri Lanka, India, China, Great Britain,&hellip;\" \/>\n<meta property=\"og:url\" content=\"https:\/\/www.cosmacon.de\/en\/lemongrass\/\" \/>\n<meta property=\"og:site_name\" content=\"Cosmacon\" \/>\n<meta property=\"article:modified_time\" content=\"2022-09-18T13:41:35+00:00\" \/>\n<meta property=\"og:image\" content=\"https:\/\/www.cosmacon.de\/wp-content\/uploads\/2021\/11\/Zitronengras-702x527.jpg\" \/>\n<meta name=\"twitter:label1\" content=\"Est. reading time\" \/>\n\t<meta name=\"twitter:data1\" content=\"4 minutes\" \/>\n<script type=\"application\/ld+json\" class=\"yoast-schema-graph\">{\"@context\":\"https:\/\/schema.org\",\"@graph\":[{\"@type\":\"WebPage\",\"@id\":\"https:\/\/www.cosmacon.de\/en\/lemongrass\/\",\"url\":\"https:\/\/www.cosmacon.de\/en\/lemongrass\/\",\"name\":\"Lemongrass - Cymbopogon Flexuosus Herb Oil - Cosmacon\",\"isPartOf\":{\"@id\":\"https:\/\/www.cosmacon.de\/#website\"},\"primaryImageOfPage\":{\"@id\":\"https:\/\/www.cosmacon.de\/en\/lemongrass\/#primaryimage\"},\"image\":{\"@id\":\"https:\/\/www.cosmacon.de\/en\/lemongrass\/#primaryimage\"},\"thumbnailUrl\":\"https:\/\/www.cosmacon.de\/wp-content\/uploads\/2021\/11\/Zitronengras-702x527.jpg\",\"datePublished\":\"2022-09-18T13:40:52+00:00\",\"dateModified\":\"2022-09-18T13:41:35+00:00\",\"inLanguage\":\"en-US\",\"potentialAction\":[{\"@type\":\"ReadAction\",\"target\":[\"https:\/\/www.cosmacon.de\/en\/lemongrass\/\"]}]},{\"@type\":\"ImageObject\",\"inLanguage\":\"en-US\",\"@id\":\"https:\/\/www.cosmacon.de\/en\/lemongrass\/#primaryimage\",\"url\":\"https:\/\/www.cosmacon.de\/wp-content\/uploads\/2021\/11\/Zitronengras-702x527.jpg\",\"contentUrl\":\"https:\/\/www.cosmacon.de\/wp-content\/uploads\/2021\/11\/Zitronengras-702x527.jpg\"},{\"@type\":\"WebSite\",\"@id\":\"https:\/\/www.cosmacon.de\/#website\",\"url\":\"https:\/\/www.cosmacon.de\/\",\"name\":\"Cosmacon\",\"description\":\"\",\"potentialAction\":[{\"@type\":\"SearchAction\",\"target\":{\"@type\":\"EntryPoint\",\"urlTemplate\":\"https:\/\/www.cosmacon.de\/?s={search_term_string}\"},\"query-input\":{\"@type\":\"PropertyValueSpecification\",\"valueRequired\":true,\"valueName\":\"search_term_string\"}}],\"inLanguage\":\"en-US\"}]}<\/script>\n<!-- \/ Yoast SEO plugin. -->","yoast_head_json":{"title":"Lemongrass - Cymbopogon Flexuosus Herb Oil - Cosmacon","robots":{"index":"index","follow":"follow","max-snippet":"max-snippet:-1","max-image-preview":"max-image-preview:large","max-video-preview":"max-video-preview:-1"},"canonical":"https:\/\/www.cosmacon.de\/en\/lemongrass\/","og_locale":"en_US","og_type":"article","og_title":"Lemongrass - Cymbopogon Flexuosus Herb Oil - Cosmacon","og_description":"&nbsp; (Cymbopogon) belongs to the sweet grass family. Lemongrass grows to a height of one to two metres. The evergreen herbaceous plant forms dense clumps of bushes and thrives best in sandy soils with full sunlight and temperatures between 18 and 29 degrees Celsius. It is grown commercially in Sri Lanka, India, China, Great Britain,&hellip;","og_url":"https:\/\/www.cosmacon.de\/en\/lemongrass\/","og_site_name":"Cosmacon","article_modified_time":"2022-09-18T13:41:35+00:00","og_image":[{"url":"https:\/\/www.cosmacon.de\/wp-content\/uploads\/2021\/11\/Zitronengras-702x527.jpg","type":"","width":"","height":""}],"twitter_misc":{"Est. reading time":"4 minutes"},"schema":{"@context":"https:\/\/schema.org","@graph":[{"@type":"WebPage","@id":"https:\/\/www.cosmacon.de\/en\/lemongrass\/","url":"https:\/\/www.cosmacon.de\/en\/lemongrass\/","name":"Lemongrass - Cymbopogon Flexuosus Herb Oil - Cosmacon","isPartOf":{"@id":"https:\/\/www.cosmacon.de\/#website"},"primaryImageOfPage":{"@id":"https:\/\/www.cosmacon.de\/en\/lemongrass\/#primaryimage"},"image":{"@id":"https:\/\/www.cosmacon.de\/en\/lemongrass\/#primaryimage"},"thumbnailUrl":"https:\/\/www.cosmacon.de\/wp-content\/uploads\/2021\/11\/Zitronengras-702x527.jpg","datePublished":"2022-09-18T13:40:52+00:00","dateModified":"2022-09-18T13:41:35+00:00","inLanguage":"en-US","potentialAction":[{"@type":"ReadAction","target":["https:\/\/www.cosmacon.de\/en\/lemongrass\/"]}]},{"@type":"ImageObject","inLanguage":"en-US","@id":"https:\/\/www.cosmacon.de\/en\/lemongrass\/#primaryimage","url":"https:\/\/www.cosmacon.de\/wp-content\/uploads\/2021\/11\/Zitronengras-702x527.jpg","contentUrl":"https:\/\/www.cosmacon.de\/wp-content\/uploads\/2021\/11\/Zitronengras-702x527.jpg"},{"@type":"WebSite","@id":"https:\/\/www.cosmacon.de\/#website","url":"https:\/\/www.cosmacon.de\/","name":"Cosmacon","description":"","potentialAction":[{"@type":"SearchAction","target":{"@type":"EntryPoint","urlTemplate":"https:\/\/www.cosmacon.de\/?s={search_term_string}"},"query-input":{"@type":"PropertyValueSpecification","valueRequired":true,"valueName":"search_term_string"}}],"inLanguage":"en-US"}]}},"_links":{"self":[{"href":"https:\/\/www.cosmacon.de\/en\/wp-json\/wp\/v2\/pages\/10946","targetHints":{"allow":["GET"]}}],"collection":[{"href":"https:\/\/www.cosmacon.de\/en\/wp-json\/wp\/v2\/pages"}],"about":[{"href":"https:\/\/www.cosmacon.de\/en\/wp-json\/wp\/v2\/types\/page"}],"author":[{"embeddable":true,"href":"https:\/\/www.cosmacon.de\/en\/wp-json\/wp\/v2\/users\/2"}],"replies":[{"embeddable":true,"href":"https:\/\/www.cosmacon.de\/en\/wp-json\/wp\/v2\/comments?post=10946"}],"version-history":[{"count":2,"href":"https:\/\/www.cosmacon.de\/en\/wp-json\/wp\/v2\/pages\/10946\/revisions"}],"predecessor-version":[{"id":10948,"href":"https:\/\/www.cosmacon.de\/en\/wp-json\/wp\/v2\/pages\/10946\/revisions\/10948"}],"wp:attachment":[{"href":"https:\/\/www.cosmacon.de\/en\/wp-json\/wp\/v2\/media?parent=10946"}],"curies":[{"name":"wp","href":"https:\/\/api.w.org\/{rel}","templated":true}]}}